{"id":5266,"date":"2023-11-03T16:32:23","date_gmt":"2023-11-03T15:32:23","guid":{"rendered":"https:\/\/www.certifer.eu\/?page_id=5266"},"modified":"2024-05-22T10:15:02","modified_gmt":"2024-05-22T08:15:02","slug":"wer-wir-sind","status":"publish","type":"page","link":"https:\/\/www.certifer.eu\/de\/certifer-gruppe\/wer-wir-sind\/","title":{"rendered":"Wer sind wir?"},"content":{"rendered":"<div  class=\"keblk keblk-v-align-top keblock-section-lame responsive is-padded bg-none \"   style=\"\"  id=\"\">\r\n\t\r\n\t\t<div class=\"block-content\">\r\n                    \n<div  class=\"keblk keblk-v-align-top keblock-text\" >\r\n\t\r\n\t\t\r\n\t<div class=\"block-content\">\t\r\n\t\n\n<h2 class=\"wp-block-heading\">CERTIFER mit Hauptsitz in Frankreich ist seit mehr als 25 Jahren Ihr Schienenverkehrexperte.<\/h2>\n\n\n\n<p>CERTIFER wurde im Jahr 1997 gegr\u00fcndet. Seit fast drei Jahrzehnten sind wir bei CERTIFER Experten im Bereich des Schienenverkehrs. Durch unsere Know-How sind wir in der Lage, unsere Kunden auf dem aktuellsten Stand der Innovation zu bringen und unser Fachwissen bez\u00fcglich der rechtlichen Anforderungen kontinuierlich zu optimieren.<\/p>\n\n\r\n\t<\/div>\r\n<\/div>\r\n    \n        \t<\/div>\r\n<\/div>\r\n    \n\n<div  class=\"keblk keblk-v-align-top keblock-section-lame responsive is-padded bg-none \"   style=\"\"  id=\"\">\r\n\t\r\n\t\t<div class=\"block-content\">\r\n                    \n\n<div class=\"wp-block-columns is-layout-flex wp-container-core-columns-is-layout-9d6595d7 wp-block-columns-is-layout-flex\">\n<div class=\"wp-block-column is-vertically-aligned-center is-layout-flow wp-block-column-is-layout-flow\"><div  class=\"keblk keblk-v-align-top keblock-multimedia type-montage\" >\r\n\t\r\n\t\t<div class=\"block-content\"  style=\"aspect-ratio:16\/9\" >\t\r\n        <div class=\"visu-bg\" style=\"\"><\/div>\r\n\t\t<!-- CONTENT -->\r\n\t\t            \t\t\t\t\r\n\t\t\t\t<div class=\"montage-media nbimg-3\"><img decoding=\"async\" src=\"https:\/\/www.certifer.eu\/wp-content\/uploads\/2023\/10\/IMG-Railway-1024x640.jpg\" class=\"imgcell img-1\" style=\"aspect-ratio:16\/9\"><img decoding=\"async\" src=\"https:\/\/www.certifer.eu\/wp-content\/uploads\/2023\/10\/IMG-Urban-1024x640.jpg\" class=\"imgcell img-2\" style=\"aspect-ratio:16\/9\"><img decoding=\"async\" src=\"https:\/\/www.certifer.eu\/wp-content\/uploads\/2023\/10\/IMG_Special-Equipments03-1024x640.jpg\" class=\"imgcell img-3\" style=\"aspect-ratio:16\/9\"><\/div>\r\n\t\t\r\n\t<\/div>\r\n<\/div>\r\n    <\/div>\n\n\n\n<div class=\"wp-block-column is-vertically-aligned-center is-layout-flow wp-block-column-is-layout-flow\"><div  class=\"keblk keblk-v-align-top keblock-text\" >\r\n\t\r\n\t\t\r\n\t<div class=\"block-content\">\t\r\n\t\n\n<h2 class=\"wp-block-heading\">Unser T\u00e4tigkeitsbereiche<\/h2>\n\n\n\n<p>Wir sind in allen Bereichen des Schienenverkehrs (Eisenbahnen, Stra\u00dfenbahnen, U-Bahnen, autonome Fahrzeuge usw.) t\u00e4tig und k\u00f6nnen Ihnen auch bei der Zertifizierung Ihrer Ramm-, Hebe- und Hubger\u00e4te helfen.<\/p>\n\n\r\n\t<\/div>\r\n<\/div>\r\n    <\/div>\n<\/div>\n\n        \t<\/div>\r\n<\/div>\r\n    \n\n<div  class=\"keblk keblk-v-align-top keblock-section-lame responsive is-padded bg-none \"   style=\"\"  id=\"\">\r\n\t\r\n\t\t<div class=\"block-content\">\r\n                    \n\n<h2 class=\"wp-block-heading\">Unser Mission<\/h2>\n\n\n\n<p>Wir helfen Ihnen, den wachsenden Herausforderungen in Bezug auf Qualit\u00e4t, Sicherheit und nachhaltige Entwicklung Ihrer Mobilit\u00e4tsbed\u00fcrfnisse gerecht zu werden.<\/p>\n\n\n\n<p>Unsere 300 Mitarbeiter und 500 Experten, die weltweit t\u00e4tig sind, unterst\u00fctzen Sie bei der Risikoerkennung, der Einhaltung der sich stetig \u00e4ndernden Richtlinien und bei all Ihren innovativen Projekten.<\/p>\n\n        \t<\/div>\r\n<\/div>\r\n    \n\n<div  class=\"keblk blkuid-16 keblk-v-align-top keblock-section-lame-multicol responsive is-semi-padded  bg-none nbcol-4\"   style=\"\"  >\r\n\r\n\t\t<div class=\"block-content\">\r\n\t    \n<div  class=\"keblk keblk-v-align-top keblock-conteneur\"   style=\"padding:0px\"  >\r\n\t\r\n\t\t\r\n\t<div class=\"block-content\">\t\r\n\t\n<div  class=\"keblk keblk-v-align-top keblock-rectangle-encadre\" >\r\n\t\r\n\t\t\r\n    \t<div class=\"blk_rectangle_encadre\">\r\n\t\t\t\t\t<div class=\"wrap-picto\">\r\n\t\t\t\t<div class=\"picto\" style=\"background-image:url('https:\/\/www.certifer.eu\/wp-content\/uploads\/2023\/11\/svg-rail01.svg');\"><\/div>\r\n\t\t\t<\/div>\r\n\t\t\t\t\t\t\t<div class=\"wrap-title\"><p><span class=\"keb-headings style-2\">25+<\/span><\/p>\n<\/div>\r\n\t\t\t\t\t\t\t<div class=\"wrap-text\"><p>Jahre Erfahrung<\/p>\n<\/div>\r\n\t\t\t\t\t<\/div>\r\n\t<\/div>\r\n    \n\r\n\t<\/div>\r\n<\/div>\r\n    \n\n<div  class=\"keblk keblk-v-align-top keblock-conteneur\"   style=\"padding:0px\"  >\r\n\t\r\n\t\t\r\n\t<div class=\"block-content\">\t\r\n\t\n<div  class=\"keblk keblk-v-align-top keblock-rectangle-encadre\" >\r\n\t\r\n\t\t\r\n    \t<div class=\"blk_rectangle_encadre\">\r\n\t\t\t\t\t<div class=\"wrap-picto\">\r\n\t\t\t\t<div class=\"picto\" style=\"background-image:url('https:\/\/www.certifer.eu\/wp-content\/uploads\/2023\/11\/svg-map01.svg');\"><\/div>\r\n\t\t\t<\/div>\r\n\t\t\t\t\t\t\t<div class=\"wrap-title\"><p><span class=\"keb-headings style-2\">50+<\/span><\/p>\n<\/div>\r\n\t\t\t\t\t\t\t<div class=\"wrap-text\"><p>L\u00e4nder<\/p>\n<\/div>\r\n\t\t\t\t\t<\/div>\r\n\t<\/div>\r\n    \n\r\n\t<\/div>\r\n<\/div>\r\n    \n\n<div  class=\"keblk keblk-v-align-top keblock-conteneur\"   style=\"padding:0px\"  >\r\n\t\r\n\t\t\r\n\t<div class=\"block-content\">\t\r\n\t\n<div  class=\"keblk keblk-v-align-top keblock-rectangle-encadre\" >\r\n\t\r\n\t\t\r\n    \t<div class=\"blk_rectangle_encadre\">\r\n\t\t\t\t\t<div class=\"wrap-picto\">\r\n\t\t\t\t<div class=\"picto\" style=\"background-image:url('https:\/\/www.certifer.eu\/wp-content\/uploads\/2023\/10\/svg-value01.svg');\"><\/div>\r\n\t\t\t<\/div>\r\n\t\t\t\t\t\t\t<div class=\"wrap-title\"><p><span class=\"keb-headings style-2\">300<\/span><\/p>\n<\/div>\r\n\t\t\t\t\t\t\t<div class=\"wrap-text\"><p>Mitarbeiter weltweit<\/p>\n<\/div>\r\n\t\t\t\t\t<\/div>\r\n\t<\/div>\r\n    \n\r\n\t<\/div>\r\n<\/div>\r\n    \n\n<div  class=\"keblk keblk-v-align-top keblock-conteneur\"   style=\"padding:0px\"  >\r\n\t\r\n\t\t\r\n\t<div class=\"block-content\">\t\r\n\t\n<div  class=\"keblk keblk-v-align-top keblock-rectangle-encadre\" >\r\n\t\r\n\t\t\r\n    \t<div class=\"blk_rectangle_encadre\">\r\n\t\t\t\t\t<div class=\"wrap-picto\">\r\n\t\t\t\t<div class=\"picto\" style=\"background-image:url('https:\/\/www.certifer.eu\/wp-content\/uploads\/2023\/11\/svg-expert01.svg');\"><\/div>\r\n\t\t\t<\/div>\r\n\t\t\t\t\t\t\t<div class=\"wrap-title\"><p><span class=\"keb-headings style-2\">500<\/span><\/p>\n<\/div>\r\n\t\t\t\t\t\t\t<div class=\"wrap-text\"><p>Experten aus allen Bereichen der Eisenbahn<\/p>\n<\/div>\r\n\t\t\t\t\t<\/div>\r\n\t<\/div>\r\n    \n\r\n\t<\/div>\r\n<\/div>\r\n    \n\r\n\t<\/div>\r\n<\/div>\r\n    \n\n<div  class=\"keblk keblk-v-align-top keblock-section-lame responsive is-padded bg-none \"   style=\"\"  id=\"\">\r\n\t\r\n\t\t<div class=\"block-content\">\r\n                    \n\n<div class=\"wp-block-columns is-layout-flex wp-container-core-columns-is-layout-9d6595d7 wp-block-columns-is-layout-flex\">\n<div class=\"wp-block-column is-vertically-aligned-center is-layout-flow wp-block-column-is-layout-flow\"><div  class=\"keblk keblk-v-align-top keblock-text\" >\r\n\t\r\n\t\t\r\n\t<div class=\"block-content\">\t\r\n\t\n\n<h2 class=\"wp-block-heading\">Unser Gesellschafter<\/h2>\n\n\n\n<p>Unser Unternehmen geh\u00f6rt zu 70 % der <a href=\"https:\/\/www.apave.com\/en\">APAVE <\/a>Gruppe, einer franz\u00f6sischen Gesellschaft, die auf die Bewertung und das Management von technischen, menschlichen und \u00f6kologischen Risiken spezialisiert ist, und zu 30 % der Organisation CERTIFER, in der die SNCF (franz\u00f6sische Eisenbahngesellschaft), die RATP (Pariser Verkehrsbeh\u00f6rde), der FIF (Verband der Eisenbahnhersteller) und das Institut Gustave Eiffel (Forschung und Universit\u00e4t) vertreten sind.<\/p>\n\n\n\n<div class=\"wp-block-columns is-layout-flex wp-container-core-columns-is-layout-9d6595d7 wp-block-columns-is-layout-flex\">\n<div class=\"wp-block-column is-layout-flow wp-block-column-is-layout-flow\"><div class=\"wp-block-image\">\n<figure class=\"aligncenter size-large is-resized\"><img decoding=\"async\" width=\"374\" height=\"135\" src=\"https:\/\/www.certifer.eu\/wp-content\/uploads\/2024\/01\/img-Logo_APAVE.svg\" alt=\"\" class=\"wp-image-3333\" style=\"width:250px\"\/><\/figure>\n<\/div><\/div>\n\n\n\n<div class=\"wp-block-column is-layout-flow wp-block-column-is-layout-flow\">\n<figure class=\"wp-block-image size-full\"><img decoding=\"async\" width=\"395\" height=\"128\" src=\"https:\/\/www.certifer.eu\/wp-content\/uploads\/2024\/02\/certifer-ASSO.png\" alt=\"\" class=\"wp-image-5081\" srcset=\"https:\/\/www.certifer.eu\/wp-content\/uploads\/2024\/02\/certifer-ASSO.png 395w, https:\/\/www.certifer.eu\/wp-content\/uploads\/2024\/02\/certifer-ASSO-300x97.png 300w\" sizes=\"(max-width: 395px) 100vw, 395px\" \/><\/figure>\n<\/div>\n<\/div>\n\n\r\n\t<\/div>\r\n<\/div>\r\n    <\/div>\n\n\n\n<div class=\"wp-block-column is-vertically-aligned-center is-layout-flow wp-block-column-is-layout-flow\"><div  class=\"keblk keblk-v-align-top keblock-multimedia type-img\" >\r\n\t\r\n\t\t<div class=\"block-content\"  style=\"aspect-ratio:16\/9\" >\t\r\n        <div class=\"visu-bg\" style=\"background-image:url('https:\/\/www.certifer.eu\/wp-content\/uploads\/2023\/10\/Rolling-stock05.jpg');\"><\/div>\r\n\t\t<!-- CONTENT -->\r\n\t\t            \t\t\t\t\r\n\t\t\r\n\t<\/div>\r\n<\/div>\r\n    <\/div>\n<\/div>\n\n        \t<\/div>\r\n<\/div>\r\n    \n\n<div  class=\"keblk keblk-v-align-top keblock-section-lame responsive is-padded bg-none \"   style=\"\"  id=\"\">\r\n\t\r\n\t\t<div class=\"block-content\">\r\n                    \n<div  class=\"keblk keblk-v-align-top keblock-text padded bg-color bg-color-degrade-bv\" >\r\n\t\r\n\t\t\r\n\t<div class=\"block-content\">\t\r\n\t\n\n<h2 class=\"wp-block-heading has-text-align-center has-white-color has-text-color\">Unsere Gesch\u00e4ftsbereiche<\/h2>\n\n\n\n<p class=\"has-text-align-center has-white-color has-text-color\">Die CERTIFER-Gruppe ist auf allen Kontinenten vertreten und gliedert sich in zwei Gesch\u00e4ftsbereiche:<\/p>\n\n\r\n\t<\/div>\r\n<\/div>\r\n    \n\n<div  class=\"keblk blkuid-25 keblk-v-align-top keblock-section-lame-multicol fullwidth   bg-none nbcol-2\"   style=\"\"  >\r\n\r\n\t\t<div class=\"block-content\">\r\n\t    \n<div  class=\"keblk keblk-v-align-top keblock-conteneur\"   style=\"padding:0px\"  >\r\n\t\r\n\t\t\r\n\t<div class=\"block-content\">\t\r\n\t\n<div  class=\"keblk keblk-v-align-top keblock-rectangle-encadre\" >\r\n\t\r\n\t\t\r\n    \t<div class=\"blk_rectangle_encadre\">\r\n\t\t\t\t\t<div class=\"wrap-picto\">\r\n\t\t\t\t<div class=\"picto\" style=\"background-image:url('https:\/\/www.certifer.eu\/wp-content\/uploads\/2023\/11\/CERTIFER-LOGO_Certifer-TIC.svg');\"><\/div>\r\n\t\t\t<\/div>\r\n\t\t\t\t\t\t\t<div class=\"wrap-title\"><p><span class=\"keb-headings style-3\" style=\"color: #0076b3;\">umfasst Pr\u00fcfung, Inspektion und Zertifizierung<\/span><\/p>\n<\/div>\r\n\t\t\t\t\t\t\t<div class=\"wrap-text\"><p>Bei der Durchf\u00fchrung unserer Dienstleistungen st\u00fctzen wir uns auf unsere Akkreditierungen und auf die Anerkennung, die wir sowohl auf europ\u00e4ischer Ebene als auch in den verschiedenen L\u00e4ndern, in denen wir t\u00e4tig sind, besitzen.<\/p>\n<\/div>\r\n\t\t\t\t\t<\/div>\r\n\t<\/div>\r\n    \n\r\n\t<\/div>\r\n<\/div>\r\n    \n\n<div  class=\"keblk keblk-v-align-top keblock-conteneur\"   style=\"padding:0px\"  >\r\n\t\r\n\t\t\r\n\t<div class=\"block-content\">\t\r\n\t\n<div  class=\"keblk keblk-v-align-top keblock-rectangle-encadre\" >\r\n\t\r\n\t\t\r\n    \t<div class=\"blk_rectangle_encadre\">\r\n\t\t\t\t\t<div class=\"wrap-picto\">\r\n\t\t\t\t<div class=\"picto\" style=\"background-image:url('https:\/\/www.certifer.eu\/wp-content\/uploads\/2023\/11\/CERTIFER-Solutions_SOLUTIONS.svg');\"><\/div>\r\n\t\t\t<\/div>\r\n\t\t\t\t\t\t\t<div class=\"wrap-title\"><p><span class=\"keb-headings style-3\">Ma\u00dfgeschneiderte L\u00f6sungen f\u00fcr die erfolgreiche Durchf\u00fchrung Ihrer Projekte<\/span><\/p>\n<\/div>\r\n\t\t\t\t\t\t\t<div class=\"wrap-text\"><p>Wir unterst\u00fctzen und beraten Unternehmen des Schienenverkehrs bei der Einhaltung von Sicherheitsstandards und Vorschriften sowie bei der Genehmigung von Eisenbahnprojekten.<\/p>\n<\/div>\r\n\t\t\t\t\t<\/div>\r\n\t<\/div>\r\n    \n\r\n\t<\/div>\r\n<\/div>\r\n    \n\r\n\t<\/div>\r\n<\/div>\r\n    \n        \t<\/div>\r\n<\/div>\r\n    \n\n<div  class=\"keblk keblk-v-align-top border-top-verte keblock-section-lame responsive is-padded bg-color  bg-color-blue\"   style=\"\"  id=\"\">\r\n\t\r\n\t\t<div class=\"block-content\">\r\n                    \n\n<div class=\"wp-block-columns is-layout-flex wp-container-core-columns-is-layout-9d6595d7 wp-block-columns-is-layout-flex\">\n<div class=\"wp-block-column is-vertically-aligned-center is-layout-flow wp-block-column-is-layout-flow\">\n<h3 class=\"wp-block-heading has-white-color has-text-color\">Entdecken Sie die CERTIFER Gruppe<\/h3>\n<\/div>\n\n\n\n<div class=\"wp-block-column is-vertically-aligned-center is-layout-flow wp-block-column-is-layout-flow\"><div  class=\"keblk keblk-h-align-center keblk-v-align-center keblock-bouton plein\" >\r\n\t\r\n\t\t\r\n\t<div class=\"block-content\">\t\r\n\t\t<a href=\"https:\/\/www.certifer.eu\/de\/certifer-gruppe\/unsere-fuehrung\/\" target=\"\" class=\"uibt plein green\">\r\n\t\t<span class=\"bt-content\">Unser Management<\/span>\r\n\t\t<span class=\"bt-picto\"><\/span>\r\n\t<\/a>\r\n\t\t<\/div>\r\n<\/div>\r\n    <\/div>\n<\/div>\n\n        \t<\/div>\r\n<\/div>\r\n    ","protected":false},"excerpt":{"rendered":"","protected":false},"author":2,"featured_media":5268,"parent":5157,"menu_order":0,"comment_status":"closed","ping_status":"closed","template":"template-page-presentation.php","meta":{"_acf_changed":false,"inline_featured_image":false,"footnotes":""},"class_list":["post-5266","page","type-page","status-publish","has-post-thumbnail","hentry"],"acf":[],"_links":{"self":[{"href":"https:\/\/www.certifer.eu\/de\/wp-json\/wp\/v2\/pages\/5266","targetHints":{"allow":["GET"]}}],"collection":[{"href":"https:\/\/www.certifer.eu\/de\/wp-json\/wp\/v2\/pages"}],"about":[{"href":"https:\/\/www.certifer.eu\/de\/wp-json\/wp\/v2\/types\/page"}],"author":[{"embeddable":true,"href":"https:\/\/www.certifer.eu\/de\/wp-json\/wp\/v2\/users\/2"}],"replies":[{"embeddable":true,"href":"https:\/\/www.certifer.eu\/de\/wp-json\/wp\/v2\/comments?post=5266"}],"version-history":[{"count":4,"href":"https:\/\/www.certifer.eu\/de\/wp-json\/wp\/v2\/pages\/5266\/revisions"}],"predecessor-version":[{"id":5870,"href":"https:\/\/www.certifer.eu\/de\/wp-json\/wp\/v2\/pages\/5266\/revisions\/5870"}],"up":[{"embeddable":true,"href":"https:\/\/www.certifer.eu\/de\/wp-json\/wp\/v2\/pages\/5157"}],"wp:featuredmedia":[{"embeddable":true,"href":"https:\/\/www.certifer.eu\/de\/wp-json\/wp\/v2\/media\/5268"}],"wp:attachment":[{"href":"https:\/\/www.certifer.eu\/de\/wp-json\/wp\/v2\/media?parent=5266"}],"curies":[{"name":"wp","href":"https:\/\/api.w.org\/{rel}","templated":true}]}}