{"id":5324,"date":"2023-10-30T12:40:46","date_gmt":"2023-10-30T11:40:46","guid":{"rendered":"https:\/\/www.certifer.eu\/?page_id=5324"},"modified":"2024-05-22T12:32:07","modified_gmt":"2024-05-22T10:32:07","slug":"solutions","status":"publish","type":"page","link":"https:\/\/www.certifer.eu\/de\/unsere-dienstleistungen\/solutions\/","title":{"rendered":"Solutions"},"content":{"rendered":"<div  class=\"keblk keblk-v-align-top keblock-section-lame responsive is-semi-padded bg-none \"   style=\"\"  id=\"\">\r\n\t\r\n\t\t<div class=\"block-content\">\r\n                    \n\n<figure class=\"wp-block-image size-large is-resized\"><img decoding=\"async\" width=\"670\" height=\"214\" src=\"https:\/\/www.certifer.eu\/wp-content\/uploads\/2023\/11\/CERTIFER-Solutions_SOLUTIONS.svg\" alt=\"\" class=\"wp-image-880\" style=\"width:320px\"\/><\/figure>\n\n        \t<\/div>\r\n<\/div>\r\n    \n\n<div  class=\"keblk keblk-v-align-top keblock-section-lame responsive  bg-none \"   style=\"\"  id=\"\">\r\n\t\r\n\t\t<div class=\"block-content\">\r\n                    \n\n<p>Ben\u00f6tigen Sie Unterst\u00fctzung in den Bereichen Sicherheit, Qualit\u00e4t, Projektmanagement und Instandhaltung? Wir bieten Ihnen ma\u00dfgeschneiderte L\u00f6sungen f\u00fcr die erfolgreiche Durchf\u00fchrung Ihrer Projekte mit unserem Gesch\u00e4ftsbereich Solutions, dem Experten f\u00fcr L\u00f6sungen und Betreuung von Eisenbahnprojekten.<\/p>\n\n        \t<\/div>\r\n<\/div>\r\n    \n\n<div  class=\"keblk keblk-v-align-top keblock-section-lame responsive is-padded bg-none \"   style=\"\"  id=\"\">\r\n\t\r\n\t\t<div class=\"block-content\">\r\n                    \n\n<div class=\"wp-block-columns is-layout-flex wp-container-core-columns-is-layout-9d6595d7 wp-block-columns-is-layout-flex\">\n<div class=\"wp-block-column is-vertically-aligned-center is-layout-flow wp-block-column-is-layout-flow\"><div  class=\"keblk keblk-v-align-top keblock-multimedia type-img\" >\r\n\t\r\n\t\t<div class=\"block-content\"  style=\"aspect-ratio:16\/9\" >\t\r\n        <div class=\"visu-bg\" style=\"background-image:url('https:\/\/www.certifer.eu\/wp-content\/uploads\/2023\/10\/IMG-solutions07.jpg');\"><\/div>\r\n\t\t<!-- CONTENT -->\r\n\t\t            \t\t\t\t\r\n\t\t\r\n\t<\/div>\r\n<\/div>\r\n    <\/div>\n\n\n\n<div class=\"wp-block-column is-vertically-aligned-center is-layout-flow wp-block-column-is-layout-flow\"><div  class=\"keblk keblk-v-align-top keblock-text\" >\r\n\t\r\n\t\t\r\n\t<div class=\"block-content\">\t\r\n\t\n\n<h2 class=\"wp-block-heading\">Systemsicherheit &amp; Systemtechnik<\/h2>\n\n\n\n<p>Wir stehen Ihnen w\u00e4hrend des gesamten Projektlebenszyklus als Partner zur Seite und erschlie\u00dfen so den Wert eines integrierten systemtechnischen Ansatzes, um Ihre Risiken zu mindern und eine sichere Projektabwicklung zu gew\u00e4hrleisten. Dazu geh\u00f6ren Systemtechnik, Systemsicherheit, Systemintegration, V&amp;V, RAM, Human Factors, Konfigurationsmanagement, Unfalluntersuchung und Verf\u00fcgbarkeit der Fahrzeuge.<\/p>\n\n\n<div  class=\"keblk keblk-v-align-top keblock-bouton filaire\" >\r\n\t\r\n\t\t\r\n\t<div class=\"block-content\">\t\r\n\t\t<a href=\"https:\/\/www.certifer.eu\/de\/certifer-solution-safety\/\" target=\"_blank\" class=\"uibt filaire blue\">\r\n\t\t<span class=\"bt-content\">Erfahren Sie mehr<\/span>\r\n\t\t<span class=\"bt-picto\"><\/span>\r\n\t<\/a>\r\n\t\t<\/div>\r\n<\/div>\r\n    \n\r\n\t<\/div>\r\n<\/div>\r\n    <\/div>\n<\/div>\n\n        \t<\/div>\r\n<\/div>\r\n    \n\n<div  class=\"keblk keblk-v-align-top keblock-section-lame responsive is-padded bg-none invert\"   style=\"\"  id=\"\">\r\n\t\r\n\t\t<div class=\"block-content\">\r\n                    \n\n<div class=\"wp-block-columns is-layout-flex wp-container-core-columns-is-layout-9d6595d7 wp-block-columns-is-layout-flex\">\n<div class=\"wp-block-column is-vertically-aligned-center is-layout-flow wp-block-column-is-layout-flow\"><div  class=\"keblk keblk-v-align-top keblock-text\" >\r\n\t\r\n\t\t\r\n\t<div class=\"block-content\">\t\r\n\t\n\n<h2 class=\"wp-block-heading\">Qualit\u00e4t<\/h2>\n\n\n\n<p>CERTIFER Solutions bietet Dienstleistungen in allen Phasen an, von der Ausschreibung bis zum Ende der Garantie und der Au\u00dferbetriebnahme. Wir sind auch f\u00fchrend in den Bereichen Zuverl\u00e4ssigkeit, Verf\u00fcgbarkeit und Wartbarkeit (RAM), Fahrzeugkonfigurations- und Flottenmanagement. Wir bieten Unterst\u00fctzung bei der Einrichtung von Qualit\u00e4tsmanagementsystemen gem\u00e4\u00df ISO 9001 und der Optimierung interner Prozesse.<\/p>\n\n\n\n<p><strong>Die Vorteile, die wir unseren Kunden bieten, sind:<\/strong><\/p>\n\n\n\n<ul class=\"wp-block-list\">\n<li>Geringere Kosten und\/oder h\u00f6here Rentabilit\u00e4t<\/li>\n\n\n\n<li>Kontinuierliche Verbesserung<\/li>\n\n\n\n<li>Verbesserte Qualit\u00e4t, Konfiguration und Anlagenverwaltung<\/li>\n\n\n\n<li>Zuverl\u00e4ssigere Systeme\/Fahrzeuge\/Produkte mit h\u00f6herer Auslastung<\/li>\n<\/ul>\n\n\n<div  class=\"keblk keblk-v-align-top keblock-bouton filaire\" >\r\n\t\r\n\t\t\r\n\t<div class=\"block-content\">\t\r\n\t\t<a href=\"https:\/\/www.certifer.eu\/de\/certifer-solution-quality\/\" target=\"_blank\" class=\"uibt filaire blue\">\r\n\t\t<span class=\"bt-content\">erfahren Sie mehr<\/span>\r\n\t\t<span class=\"bt-picto\"><\/span>\r\n\t<\/a>\r\n\t\t<\/div>\r\n<\/div>\r\n    \n\r\n\t<\/div>\r\n<\/div>\r\n    <\/div>\n\n\n\n<div class=\"wp-block-column is-vertically-aligned-center is-layout-flow wp-block-column-is-layout-flow\"><div  class=\"keblk keblk-v-align-top keblock-multimedia type-img\" >\r\n\t\r\n\t\t<div class=\"block-content\"  style=\"aspect-ratio:16\/9\" >\t\r\n        <div class=\"visu-bg\" style=\"background-image:url('https:\/\/www.certifer.eu\/wp-content\/uploads\/2023\/10\/IMG_Rolling-stock06.jpg');\"><\/div>\r\n\t\t<!-- CONTENT -->\r\n\t\t            \t\t\t\t\r\n\t\t\r\n\t<\/div>\r\n<\/div>\r\n    <\/div>\n<\/div>\n\n        \t<\/div>\r\n<\/div>\r\n    \n\n<div  class=\"keblk keblk-v-align-top keblock-section-lame responsive is-padded bg-none \"   style=\"\"  id=\"\">\r\n\t\r\n\t\t<div class=\"block-content\">\r\n                    \n\n<div class=\"wp-block-columns is-layout-flex wp-container-core-columns-is-layout-9d6595d7 wp-block-columns-is-layout-flex\">\n<div class=\"wp-block-column is-vertically-aligned-center is-layout-flow wp-block-column-is-layout-flow\"><div  class=\"keblk keblk-v-align-top keblock-multimedia type-img\" >\r\n\t\r\n\t\t<div class=\"block-content\"  style=\"aspect-ratio:16\/9\" >\t\r\n        <div class=\"visu-bg\" style=\"background-image:url('https:\/\/www.certifer.eu\/wp-content\/uploads\/2023\/10\/IMG_Infrastructure03.jpg');\"><\/div>\r\n\t\t<!-- CONTENT -->\r\n\t\t            \t\t\t\t\r\n\t\t\r\n\t<\/div>\r\n<\/div>\r\n    <\/div>\n\n\n\n<div class=\"wp-block-column is-vertically-aligned-center is-layout-flow wp-block-column-is-layout-flow\"><div  class=\"keblk keblk-v-align-top keblock-text\" >\r\n\t\r\n\t\t\r\n\t<div class=\"block-content\">\t\r\n\t\n\n<h2 class=\"wp-block-heading\">Projektleitung<\/h2>\n\n\n\n<p>CERTIFER Solutions verf\u00fcgt \u00fcber ein ausgezeichnetes Verst\u00e4ndnis aller Aspekte des Bahnbetriebs und des Bahnbaus, egal ob es sich um einen Neubau, eine Erweiterung oder eine Erneuerung handelt, und kann einen kompletten Service f\u00fcr das Projektmanagement von Bahnprojekten anbieten.<\/p>\n\n\n\n<p>Umfang und Komplexit\u00e4t von Bahnprojekten sind erheblich. Die Projekte k\u00f6nnen von kleinen Einzelprojekten wie der Erneuerung eines kurzen Oberleitungsabschnitts bis hin zu den komplexesten multidisziplin\u00e4ren Nahverkehrsprojekten reichen, die die schl\u00fcsselfertige \u00dcbergabe einer in Betrieb befindlichen Eisenbahn beinhalten.<\/p>\n\n\n\n<p>Wir bieten einen umfassenden Projektmanagement-Service, der sicherstellt, dass das Projekt termingerecht, im Rahmen des Budgets und nach festgelegten Qualit\u00e4tsstandards abgeschlossen wird.<\/p>\n\n\n<div  class=\"keblk keblk-v-align-top keblock-bouton filaire\" >\r\n\t\r\n\t\t\r\n\t<div class=\"block-content\">\t\r\n\t\t<a href=\"https:\/\/www.certifer.eu\/de\/certifer-solution-project-management\/\" target=\"_blank\" class=\"uibt filaire blue\">\r\n\t\t<span class=\"bt-content\">Erfahren Sie mehr<\/span>\r\n\t\t<span class=\"bt-picto\"><\/span>\r\n\t<\/a>\r\n\t\t<\/div>\r\n<\/div>\r\n    \n\r\n\t<\/div>\r\n<\/div>\r\n    <\/div>\n<\/div>\n\n        \t<\/div>\r\n<\/div>\r\n    \n\n<div  class=\"keblk keblk-v-align-top keblock-section-lame responsive is-padded bg-none invert\"   style=\"\"  id=\"\">\r\n\t\r\n\t\t<div class=\"block-content\">\r\n                    \n\n<div class=\"wp-block-columns is-layout-flex wp-container-core-columns-is-layout-9d6595d7 wp-block-columns-is-layout-flex\">\n<div class=\"wp-block-column is-vertically-aligned-center is-layout-flow wp-block-column-is-layout-flow\"><div  class=\"keblk keblk-v-align-top keblock-text\" >\r\n\t\r\n\t\t\r\n\t<div class=\"block-content\">\t\r\n\t\n\n<h2 class=\"wp-block-heading\">Instandhaltung<\/h2>\n\n\n\n<p>CERTIFER Solutions bietet Dienstleistungen mit erfahrenem Personal, Analysen zur zustandsbasierten Instandhaltung (CBM), die im Einklang mit der modernen globalen Instandhaltungsphilosophie stehen, sowie Asset Management PASS 55, ISO 55001. Wir sind in der Lage, Unterst\u00fctzung bei der Entwicklung von Instandhaltungsmanagementsystemen und der Verbesserung von Instandhaltungsprogrammen anzubieten.<\/p>\n\n\n<div  class=\"keblk keblk-v-align-top keblock-bouton filaire\" >\r\n\t\r\n\t\t\r\n\t<div class=\"block-content\">\t\r\n\t\t<a href=\"https:\/\/www.certifer.eu\/de\/certifer-solution-maintenance\/\" target=\"_blank\" class=\"uibt filaire blue\">\r\n\t\t<span class=\"bt-content\">Erfahren Sie mehr<\/span>\r\n\t\t<span class=\"bt-picto\"><\/span>\r\n\t<\/a>\r\n\t\t<\/div>\r\n<\/div>\r\n    \n\r\n\t<\/div>\r\n<\/div>\r\n    <\/div>\n\n\n\n<div class=\"wp-block-column is-vertically-aligned-center is-layout-flow wp-block-column-is-layout-flow\"><div  class=\"keblk keblk-v-align-top keblock-multimedia type-img\" >\r\n\t\r\n\t\t<div class=\"block-content\"  style=\"aspect-ratio:16\/9\" >\t\r\n        <div class=\"visu-bg\" style=\"background-image:url('https:\/\/www.certifer.eu\/wp-content\/uploads\/2023\/10\/IMG-Railway.jpg');\"><\/div>\r\n\t\t<!-- CONTENT -->\r\n\t\t            \t\t\t\t\r\n\t\t\r\n\t<\/div>\r\n<\/div>\r\n    <\/div>\n<\/div>\n\n        \t<\/div>\r\n<\/div>\r\n    \n\n<div  class=\"keblk keblk-h-align-center keblk-v-align-center border-top-verte keblock-section-lame responsive is-padded bg-color  bg-color-blue\"   style=\"\"  id=\"\">\r\n\t\r\n\t\t<div class=\"block-content\">\r\n                    \n\n<div class=\"wp-block-columns is-layout-flex wp-container-core-columns-is-layout-9d6595d7 wp-block-columns-is-layout-flex\">\n<div class=\"wp-block-column is-vertically-aligned-center is-layout-flow wp-block-column-is-layout-flow\">\n<h3 class=\"wp-block-heading has-text-align-left has-white-color has-text-color\">Erfahren Sie mehr \u00fcber unsere Betreuungsleistungen f\u00fcr Bahnprojekte<\/h3>\n<\/div>\n\n\n\n<div class=\"wp-block-column is-layout-flow wp-block-column-is-layout-flow\"><div  class=\"keblk keblk-h-align-center keblk-v-align-center keblock-bouton plein\" >\r\n\t\r\n\t\t\r\n\t<div class=\"block-content\">\t\r\n\t\t<a href=\"https:\/\/www.certifer.eu\/de\/kontaktieren-sie-uns\/?entry=adv\" target=\"\" class=\"uibt plein green\">\r\n\t\t<span class=\"bt-content\">KONTAKT<\/span>\r\n\t\t<span class=\"bt-picto\"><\/span>\r\n\t<\/a>\r\n\t\t<\/div>\r\n<\/div>\r\n    <\/div>\n<\/div>\n\n        \t<\/div>\r\n<\/div>\r\n    ","protected":false},"excerpt":{"rendered":"","protected":false},"author":2,"featured_media":0,"parent":5320,"menu_order":0,"comment_status":"closed","ping_status":"closed","template":"template-page-expertise-advisory.php","meta":{"_acf_changed":false,"inline_featured_image":false,"footnotes":""},"class_list":["post-5324","page","type-page","status-publish","hentry"],"acf":[],"_links":{"self":[{"href":"https:\/\/www.certifer.eu\/de\/wp-json\/wp\/v2\/pages\/5324","targetHints":{"allow":["GET"]}}],"collection":[{"href":"https:\/\/www.certifer.eu\/de\/wp-json\/wp\/v2\/pages"}],"about":[{"href":"https:\/\/www.certifer.eu\/de\/wp-json\/wp\/v2\/types\/page"}],"author":[{"embeddable":true,"href":"https:\/\/www.certifer.eu\/de\/wp-json\/wp\/v2\/users\/2"}],"replies":[{"embeddable":true,"href":"https:\/\/www.certifer.eu\/de\/wp-json\/wp\/v2\/comments?post=5324"}],"version-history":[{"count":2,"href":"https:\/\/www.certifer.eu\/de\/wp-json\/wp\/v2\/pages\/5324\/revisions"}],"predecessor-version":[{"id":5883,"href":"https:\/\/www.certifer.eu\/de\/wp-json\/wp\/v2\/pages\/5324\/revisions\/5883"}],"up":[{"embeddable":true,"href":"https:\/\/www.certifer.eu\/de\/wp-json\/wp\/v2\/pages\/5320"}],"wp:attachment":[{"href":"https:\/\/www.certifer.eu\/de\/wp-json\/wp\/v2\/media?parent=5324"}],"curies":[{"name":"wp","href":"https:\/\/api.w.org\/{rel}","templated":true}]}}