{"id":5339,"date":"2024-01-05T12:08:14","date_gmt":"2024-01-05T11:08:14","guid":{"rendered":"https:\/\/www.certifer.eu\/?page_id=5339"},"modified":"2025-03-24T12:09:29","modified_gmt":"2025-03-24T11:09:29","slug":"isa","status":"publish","type":"page","link":"https:\/\/www.certifer.eu\/de\/unsere-dienstleistungen\/inspektion-zertifizierung\/isa\/","title":{"rendered":"ISA"},"content":{"rendered":"<div  class=\"keblk keblk-v-align-top keblock-section-lame responsive is-padded bg-none \"   style=\"\"  id=\"\">\r\n\t\r\n\t\t<div class=\"block-content\">\r\n                    \n<div  class=\"keblk keblk-v-align-top keblock-text\" >\r\n\t\r\n\t\t\r\n\t<div class=\"block-content\">\t\r\n\t\n\n<h2 class=\"wp-block-heading\">UNABH\u00c4NGIGE SICHERHEITSBEWERTUNG (ISA)<\/h2>\n\n\n\n<p>Ziel des ISA ist es, durch die Bewertung aller Sicherheitsaspekte nachzuweisen, dass Ihr Projekt\/System\/Produkt die Sicherheitsanforderungen erf\u00fcllt und auf sichere, nachhaltige und effiziente Weise betrieben wird. Diese sicherheitsorientierte Bewertung wird in \u00dcbereinstimmung mit den CENELEC-Normen durchgef\u00fchrt.<\/p>\n\n\r\n\t<\/div>\r\n<\/div>\r\n    \n        \t<\/div>\r\n<\/div>\r\n    \n\n<div  class=\"keblk keblk-v-align-top keblock-section-lame responsive  bg-none \"   style=\"\"  id=\"\">\r\n\t\r\n\t\t<div class=\"block-content\">\r\n                    \n<div  class=\"keblk keblk-v-align-top keblock-text\" >\r\n\t\r\n\t\t\r\n\t<div class=\"block-content\">\t\r\n\t\n\n<h3 class=\"wp-block-heading\">CENELEC-Normen<\/h3>\n\n\n\n<p>-EN 50126-1 &amp; -2: RAMS<br>-EN 50128 &amp; 50657: Software<br>-EN 50129: Hardware<br>-EN 50159-1 &amp; -2: Kommunikation<\/p>\n\n\r\n\t<\/div>\r\n<\/div>\r\n    \n        \t<\/div>\r\n<\/div>\r\n    \n\n<div  class=\"keblk keblk-v-align-top keblock-section-lame responsive is-padded bg-none \"   style=\"\"  id=\"\">\r\n\t\r\n\t\t<div class=\"block-content\">\r\n                    \n<div  class=\"keblk blkuid-10 keblk-v-align-top keblock-section-lame-multicol fullwidth   bg-none nbcol-3\"   style=\"\"  >\r\n\r\n\t\t<div class=\"block-content\">\r\n\t    \n<div  class=\"keblk keblk-v-align-top keblock-conteneur\"   style=\"padding:0px\"  >\r\n\t\r\n\t\t\r\n\t<div class=\"block-content\">\t\r\n\t\n<div  class=\"keblk keblk-v-align-top keblock-rectangle-encadre\" >\r\n\t\r\n\t\t\r\n    \t<div class=\"blk_rectangle_encadre\">\r\n\t\t\t\t\t\t\t<div class=\"wrap-title\"><p><span class=\"keb-headings style-3\" style=\"color: #4677c7;\">Unsere Rolle<\/span><\/p>\n<\/div>\r\n\t\t\t\t\t\t\t<div class=\"wrap-text\"><p style=\"text-align: left;\">Bewertung von Projekten\/Systemen\/Subsystemen\/Produkten im Eisenbahnbereich gem\u00e4\u00df EN 50126. Die Bewertung wird entlang des V-Modells eines jeden Projekts durchgef\u00fchrt.<br \/>\nBest\u00e4tigung der \u00dcbereinstimmung mit der CENELEC-Norm<br \/>\n-Entwurfspr\u00fcfung des Produkts oder Systems<\/p>\n<\/div>\r\n\t\t\t\t\t<\/div>\r\n\t<\/div>\r\n    \n\r\n\t<\/div>\r\n<\/div>\r\n    \n\n<div  class=\"keblk keblk-v-align-top keblock-conteneur\"   style=\"padding:0px\"  >\r\n\t\r\n\t\t\r\n\t<div class=\"block-content\">\t\r\n\t\n<div  class=\"keblk keblk-v-align-top keblock-rectangle-encadre\" >\r\n\t\r\n\t\t\r\n    \t<div class=\"blk_rectangle_encadre\">\r\n\t\t\t\t\t\t\t<div class=\"wrap-title\"><p><span class=\"keb-headings style-3\" style=\"color: #4677c7;\">Vorteile f\u00fcr Ihr Unternehmen<\/span><\/p>\n<\/div>\r\n\t\t\t\t\t\t\t<div class=\"wrap-text\"><p>Best\u00e4tigung, dass Ihr System\/Teilsystem\/Produkt unter Ber\u00fccksichtigung der Sicherheitsanforderungen funktioniert und den definierten SIL erreicht.<br \/>\n-Beitrag zur Gew\u00e4hrleistung einer immer sichereren Welt der Eisenbahn, in der alle Teilsysteme der Eisenbahn miteinander verbunden werden k\u00f6nnen, ohne dass f\u00fcr die Fahrg\u00e4ste Risiken entstehen.<br \/>\n-Sicherstellen, dass alle Aspekte von RAMS abgedeckt sind, um die Sicherheit von Eisenbahnanwendungen zu gew\u00e4hrleisten und einen Wertverlust zu vermeiden.<\/p>\n<\/div>\r\n\t\t\t\t\t<\/div>\r\n\t<\/div>\r\n    \n\r\n\t<\/div>\r\n<\/div>\r\n    \n\r\n\t<\/div>\r\n<\/div>\r\n    \n        \t<\/div>\r\n<\/div>\r\n    \n\n<div  class=\"keblk keblk-v-align-top keblock-section-lame responsive is-padded bg-none \"   style=\"\"  id=\"\">\r\n\t\r\n\t\t<div class=\"block-content\">\r\n                    \n<div  class=\"keblk keblk-v-align-top keblock-bouton plein\" >\r\n\t\r\n\t\t\r\n\t<div class=\"block-content\">\t\r\n\t\t<a href=\"https:\/\/www.certifer.eu\/wp-content\/uploads\/2024\/02\/RF0015_v5_Assessment_and-Certification_SIL_EN.pdf\" target=\"_blank\" class=\"uibt plein green\">\r\n\t\t<span class=\"bt-content\">Consult our RF0015 v5 frame of reference<\/span>\r\n\t\t<span class=\"bt-picto\"><\/span>\r\n\t<\/a>\r\n\t\t<\/div>\r\n<\/div>\r\n    \n        \t<\/div>\r\n<\/div>\r\n    \n\n<div  class=\"keblk keblk-v-align-top border-top-verte keblock-section-lame responsive is-padded bg-color  bg-color-blue\"   style=\"\"  id=\"\">\r\n\t\r\n\t\t<div class=\"block-content\">\r\n                    \n\n<div class=\"wp-block-columns is-layout-flex wp-container-core-columns-is-layout-9d6595d7 wp-block-columns-is-layout-flex\">\n<div class=\"wp-block-column is-vertically-aligned-center is-layout-flow wp-block-column-is-layout-flow\">\n<h3 class=\"wp-block-heading has-white-color has-text-color\">F\u00fcr alle Fragen zu Zertifizierungs- und Kontrollstellen<\/h3>\n<\/div>\n\n\n\n<div class=\"wp-block-column is-vertically-aligned-center is-layout-flow wp-block-column-is-layout-flow\"><div  class=\"keblk keblk-h-align-center keblk-v-align-center keblock-bouton plein\" >\r\n\t\r\n\t\t\r\n\t<div class=\"block-content\">\t\r\n\t\t<a href=\"https:\/\/www.certifer.eu\/de\/kontaktieren-sie-uns\/?entry=ic\" target=\"\" class=\"uibt plein green\">\r\n\t\t<span class=\"bt-content\">kontakt<\/span>\r\n\t\t<span class=\"bt-picto\"><\/span>\r\n\t<\/a>\r\n\t\t<\/div>\r\n<\/div>\r\n    <\/div>\n<\/div>\n\n        \t<\/div>\r\n<\/div>\r\n    ","protected":false},"excerpt":{"rendered":"","protected":false},"author":2,"featured_media":0,"parent":5327,"menu_order":0,"comment_status":"closed","ping_status":"closed","template":"template-page-expertise-inspection.php","meta":{"_acf_changed":false,"inline_featured_image":false,"footnotes":""},"class_list":["post-5339","page","type-page","status-publish","hentry"],"acf":[],"_links":{"self":[{"href":"https:\/\/www.certifer.eu\/de\/wp-json\/wp\/v2\/pages\/5339","targetHints":{"allow":["GET"]}}],"collection":[{"href":"https:\/\/www.certifer.eu\/de\/wp-json\/wp\/v2\/pages"}],"about":[{"href":"https:\/\/www.certifer.eu\/de\/wp-json\/wp\/v2\/types\/page"}],"author":[{"embeddable":true,"href":"https:\/\/www.certifer.eu\/de\/wp-json\/wp\/v2\/users\/2"}],"replies":[{"embeddable":true,"href":"https:\/\/www.certifer.eu\/de\/wp-json\/wp\/v2\/comments?post=5339"}],"version-history":[{"count":4,"href":"https:\/\/www.certifer.eu\/de\/wp-json\/wp\/v2\/pages\/5339\/revisions"}],"predecessor-version":[{"id":10971,"href":"https:\/\/www.certifer.eu\/de\/wp-json\/wp\/v2\/pages\/5339\/revisions\/10971"}],"up":[{"embeddable":true,"href":"https:\/\/www.certifer.eu\/de\/wp-json\/wp\/v2\/pages\/5327"}],"wp:attachment":[{"href":"https:\/\/www.certifer.eu\/de\/wp-json\/wp\/v2\/media?parent=5339"}],"curies":[{"name":"wp","href":"https:\/\/api.w.org\/{rel}","templated":true}]}}