{"id":4498,"date":"2023-10-30T12:40:46","date_gmt":"2023-10-30T11:40:46","guid":{"rendered":"https:\/\/www.certifer.eu\/?page_id=4498"},"modified":"2024-02-29T09:43:16","modified_gmt":"2024-02-29T08:43:16","slug":"conseil","status":"publish","type":"page","link":"https:\/\/www.certifer.eu\/fr\/nos-services\/conseil\/","title":{"rendered":"Assistance Technique &#038; Conseil"},"content":{"rendered":"<div  class=\"keblk keblk-v-align-top keblock-section-lame responsive is-semi-padded bg-none \"   style=\"\"  id=\"\">\r\n\t\r\n\t\t<div class=\"block-content\">\r\n                    \n\n<figure class=\"wp-block-image size-large is-resized\"><img decoding=\"async\" width=\"670\" height=\"214\" src=\"https:\/\/www.certifer.eu\/wp-content\/uploads\/2023\/11\/CERTIFER-Solutions_SOLUTIONS.svg\" alt=\"\" class=\"wp-image-880\" style=\"width:320px\"\/><\/figure>\n\n        \t<\/div>\r\n<\/div>\r\n    \n\n<div  class=\"keblk keblk-v-align-top keblock-section-lame responsive  bg-none \"   style=\"\"  id=\"\">\r\n\t\r\n\t\t<div class=\"block-content\">\r\n                    \n\n<p>Vous avez besoin d&rsquo;un accompagnement concernant vos probl\u00e9matiques de s\u00e9curit\u00e9, de qualit\u00e9, de gestion de projet et de maintenance ? Nous vous proposons des solutions sur-mesure pour mener \u00e0 bien vos projets gr\u00e2ce \u00e0 CERTIFER Solutions, notre branche experte en mati\u00e8re de conseil et d&rsquo;assistance pour les projets ferroviaires.<\/p>\n\n        \t<\/div>\r\n<\/div>\r\n    \n\n<div  class=\"keblk keblk-v-align-top keblock-section-lame responsive is-padded bg-none \"   style=\"\"  id=\"\">\r\n\t\r\n\t\t<div class=\"block-content\">\r\n                    \n\n<div class=\"wp-block-columns is-layout-flex wp-container-core-columns-is-layout-9d6595d7 wp-block-columns-is-layout-flex\">\n<div class=\"wp-block-column is-vertically-aligned-center is-layout-flow wp-block-column-is-layout-flow\"><div  class=\"keblk keblk-v-align-top keblock-multimedia type-img\" >\r\n\t\r\n\t\t<div class=\"block-content\"  style=\"aspect-ratio:16\/9\" >\t\r\n        <div class=\"visu-bg\" style=\"background-image:url('https:\/\/www.certifer.eu\/wp-content\/uploads\/2023\/10\/IMG-solutions07.jpg');\"><\/div>\r\n\t\t<!-- CONTENT -->\r\n\t\t            \t\t\t\t\r\n\t\t\r\n\t<\/div>\r\n<\/div>\r\n    <\/div>\n\n\n\n<div class=\"wp-block-column is-vertically-aligned-center is-layout-flow wp-block-column-is-layout-flow\"><div  class=\"keblk keblk-v-align-top keblock-text\" >\r\n\t\r\n\t\t\r\n\t<div class=\"block-content\">\t\r\n\t\n\n<h2 class=\"wp-block-heading\">S\u00e9curit\u00e9 des syst\u00e8mes et ing\u00e9nierie des syst\u00e8mes<\/h2>\n\n\n\n<p>Nous travaillons en partenariat avec vous tout au long du cycle de vie de votre projet, et vous proposons une approche int\u00e9gr\u00e9e de l&rsquo;ing\u00e9nierie des syst\u00e8mes pour limiter les risques et assurer une livraison s\u00fbre du projet. Cette approche comprend l&rsquo;ing\u00e9nierie des syst\u00e8mes, la s\u00e9curit\u00e9 des syst\u00e8mes, l&rsquo;int\u00e9gration des syst\u00e8mes, la v\u00e9rification et la validation, la fiabilit\u00e9, disponibilit\u00e9 et maintenabilit\u00e9 (RAM), les facteurs humains, la gestion de la configuration, les enqu\u00eates sur les accidents et la pr\u00e9paration op\u00e9rationnelle.<\/p>\n\n\n<div  class=\"keblk keblk-v-align-top keblock-bouton filaire\" >\r\n\t\r\n\t\t\r\n\t<div class=\"block-content\">\t\r\n\t\t<a href=\"https:\/\/www.certifer.eu\/fr\/certifer-solution-safety-2\/\" target=\"_blank\" class=\"uibt filaire blue\">\r\n\t\t<span class=\"bt-content\">En savoir plus<\/span>\r\n\t\t<span class=\"bt-picto\"><\/span>\r\n\t<\/a>\r\n\t\t<\/div>\r\n<\/div>\r\n    \n\r\n\t<\/div>\r\n<\/div>\r\n    <\/div>\n<\/div>\n\n        \t<\/div>\r\n<\/div>\r\n    \n\n<div  class=\"keblk keblk-v-align-top keblock-section-lame responsive is-padded bg-none invert\"   style=\"\"  id=\"\">\r\n\t\r\n\t\t<div class=\"block-content\">\r\n                    \n\n<div class=\"wp-block-columns is-layout-flex wp-container-core-columns-is-layout-9d6595d7 wp-block-columns-is-layout-flex\">\n<div class=\"wp-block-column is-vertically-aligned-center is-layout-flow wp-block-column-is-layout-flow\"><div  class=\"keblk keblk-v-align-top keblock-text\" >\r\n\t\r\n\t\t\r\n\t<div class=\"block-content\">\t\r\n\t\n\n<h2 class=\"wp-block-heading\">Qualit\u00e9<\/h2>\n\n\n\n<p>CERTIFER Solutions offre des services quelle que soit la phase du projet, de l&rsquo;appel d&rsquo;offres \u00e0 la fin de la garantie jusqu&rsquo;au d\u00e9classement. Nous sommes \u00e9galement \u00e0 l&rsquo;avant-garde dans les domaines de la configuration de la fiabilit\u00e9, de la disponibilit\u00e9 et de la maintenabilit\u00e9 (RAM) et de la gestion des actifs. Nous offrons une assistance dans la mise en place de syst\u00e8mes de qualit\u00e9 conformes \u00e0 la norme ISO9001 et dans l&rsquo;optimisation des processus internes.<\/p>\n\n\n<div  class=\"keblk keblk-v-align-top keblock-bouton filaire\" >\r\n\t\r\n\t\t\r\n\t<div class=\"block-content\">\t\r\n\t\t<a href=\"https:\/\/www.certifer.eu\/fr\/certifer-solution-quality-2\/\" target=\"_blank\" class=\"uibt filaire blue\">\r\n\t\t<span class=\"bt-content\">En savoir plus<\/span>\r\n\t\t<span class=\"bt-picto\"><\/span>\r\n\t<\/a>\r\n\t\t<\/div>\r\n<\/div>\r\n    \n\r\n\t<\/div>\r\n<\/div>\r\n    <\/div>\n\n\n\n<div class=\"wp-block-column is-vertically-aligned-center is-layout-flow wp-block-column-is-layout-flow\"><div  class=\"keblk keblk-v-align-top keblock-multimedia type-img\" >\r\n\t\r\n\t\t<div class=\"block-content\"  style=\"aspect-ratio:16\/9\" >\t\r\n        <div class=\"visu-bg\" style=\"background-image:url('https:\/\/www.certifer.eu\/wp-content\/uploads\/2023\/10\/IMG_Rolling-stock06.jpg');\"><\/div>\r\n\t\t<!-- CONTENT -->\r\n\t\t            \t\t\t\t\r\n\t\t\r\n\t<\/div>\r\n<\/div>\r\n    <\/div>\n<\/div>\n\n        \t<\/div>\r\n<\/div>\r\n    \n\n<div  class=\"keblk keblk-v-align-top keblock-section-lame responsive is-padded bg-none \"   style=\"\"  id=\"\">\r\n\t\r\n\t\t<div class=\"block-content\">\r\n                    \n\n<div class=\"wp-block-columns is-layout-flex wp-container-core-columns-is-layout-9d6595d7 wp-block-columns-is-layout-flex\">\n<div class=\"wp-block-column is-vertically-aligned-center is-layout-flow wp-block-column-is-layout-flow\"><div  class=\"keblk keblk-v-align-top keblock-multimedia type-img\" >\r\n\t\r\n\t\t<div class=\"block-content\"  style=\"aspect-ratio:16\/9\" >\t\r\n        <div class=\"visu-bg\" style=\"background-image:url('https:\/\/www.certifer.eu\/wp-content\/uploads\/2023\/10\/IMG_Infrastructure03.jpg');\"><\/div>\r\n\t\t<!-- CONTENT -->\r\n\t\t            \t\t\t\t\r\n\t\t\r\n\t<\/div>\r\n<\/div>\r\n    <\/div>\n\n\n\n<div class=\"wp-block-column is-vertically-aligned-center is-layout-flow wp-block-column-is-layout-flow\"><div  class=\"keblk keblk-v-align-top keblock-text\" >\r\n\t\r\n\t\t\r\n\t<div class=\"block-content\">\t\r\n\t\n\n<h2 class=\"wp-block-heading\">Gestion de projet<\/h2>\n\n\n\n<p>CERTIFER Solutions a une excellente compr\u00e9hension de tous les aspects des op\u00e9rations ferroviaires et de la construction ferroviaire, qu&rsquo;il s&rsquo;agisse de nouvelles constructions, d&rsquo;am\u00e9liorations ou de renouvellements, et peut offrir un service complet pour la gestion de vos projets ferroviaires.<\/p>\n\n\n\n<p>Il peut s&rsquo;agir de petits projets monodisciplinaires, tels que le remplacement d&rsquo;un court tron\u00e7on de ligne a\u00e9rienne, ou de projets pluridisciplinaires de transport en commun les plus complexes, qui impliquent la livraison cl\u00e9 en main d&rsquo;un chemin de fer en exploitation.<\/p>\n\n\n\n<p>Nous offrons un service complet de gestion de projet qui garantit que le projet est achev\u00e9 dans les d\u00e9lais, dans le respect du budget et des normes de qualit\u00e9 d\u00e9finies.<\/p>\n\n\n<div  class=\"keblk keblk-v-align-top keblock-bouton filaire\" >\r\n\t\r\n\t\t\r\n\t<div class=\"block-content\">\t\r\n\t\t<a href=\"https:\/\/www.certifer.eu\/fr\/certifer-solution-project-management\/\" target=\"_blank\" class=\"uibt filaire blue\">\r\n\t\t<span class=\"bt-content\">En savoir plus<\/span>\r\n\t\t<span class=\"bt-picto\"><\/span>\r\n\t<\/a>\r\n\t\t<\/div>\r\n<\/div>\r\n    \n\r\n\t<\/div>\r\n<\/div>\r\n    <\/div>\n<\/div>\n\n        \t<\/div>\r\n<\/div>\r\n    \n\n<div  class=\"keblk keblk-v-align-top keblock-section-lame responsive is-padded bg-none invert\"   style=\"\"  id=\"\">\r\n\t\r\n\t\t<div class=\"block-content\">\r\n                    \n\n<div class=\"wp-block-columns is-layout-flex wp-container-core-columns-is-layout-9d6595d7 wp-block-columns-is-layout-flex\">\n<div class=\"wp-block-column is-vertically-aligned-center is-layout-flow wp-block-column-is-layout-flow\"><div  class=\"keblk keblk-v-align-top keblock-text\" >\r\n\t\r\n\t\t\r\n\t<div class=\"block-content\">\t\r\n\t\n\n<h2 class=\"wp-block-heading\">Maintenance<\/h2>\n\n\n\n<p>CERTIFER Solutions propose des services de personnel exp\u00e9riment\u00e9, d&rsquo;analyse de la maintenance centr\u00e9e sur la fiabilit\u00e9 (RCM) qui sont conformes \u00e0 la philosophie moderne de la maintenance mondiale, ainsi que de gestion des actifs PASS 55, ISO 55001. Nous sommes en mesure de fournir un soutien pour le d\u00e9veloppement de syst\u00e8mes de gestion de la maintenance et l&rsquo;am\u00e9lioration des programmes de maintenance.<\/p>\n\n\n<div  class=\"keblk keblk-v-align-top keblock-bouton filaire\" >\r\n\t\r\n\t\t\r\n\t<div class=\"block-content\">\t\r\n\t\t<a href=\"https:\/\/www.certifer.eu\/fr\/certifer-solution-maintenance-2\/\" target=\"_blank\" class=\"uibt filaire blue\">\r\n\t\t<span class=\"bt-content\">En savoir plus<\/span>\r\n\t\t<span class=\"bt-picto\"><\/span>\r\n\t<\/a>\r\n\t\t<\/div>\r\n<\/div>\r\n    \n\r\n\t<\/div>\r\n<\/div>\r\n    <\/div>\n\n\n\n<div class=\"wp-block-column is-vertically-aligned-center is-layout-flow wp-block-column-is-layout-flow\"><div  class=\"keblk keblk-v-align-top keblock-multimedia type-img\" >\r\n\t\r\n\t\t<div class=\"block-content\"  style=\"aspect-ratio:16\/9\" >\t\r\n        <div class=\"visu-bg\" style=\"background-image:url('https:\/\/www.certifer.eu\/wp-content\/uploads\/2023\/10\/IMG-Railway.jpg');\"><\/div>\r\n\t\t<!-- CONTENT -->\r\n\t\t            \t\t\t\t\r\n\t\t\r\n\t<\/div>\r\n<\/div>\r\n    <\/div>\n<\/div>\n\n        \t<\/div>\r\n<\/div>\r\n    \n\n<div  class=\"keblk keblk-h-align-center keblk-v-align-center border-top-verte keblock-section-lame responsive is-padded bg-color  bg-color-blue\"   style=\"\"  id=\"\">\r\n\t\r\n\t\t<div class=\"block-content\">\r\n                    \n\n<div class=\"wp-block-columns is-layout-flex wp-container-core-columns-is-layout-9d6595d7 wp-block-columns-is-layout-flex\">\n<div class=\"wp-block-column is-vertically-aligned-center is-layout-flow wp-block-column-is-layout-flow\">\n<h3 class=\"wp-block-heading has-text-align-left has-white-color has-text-color\">En savoir plus sur nos services de consultance et de conseil pour les projets ferroviaires<\/h3>\n<\/div>\n\n\n\n<div class=\"wp-block-column is-layout-flow wp-block-column-is-layout-flow\"><div  class=\"keblk keblk-h-align-center keblk-v-align-center keblock-bouton plein\" >\r\n\t\r\n\t\t\r\n\t<div class=\"block-content\">\t\r\n\t\t<a href=\"https:\/\/www.certifer.eu\/fr\/contact\/?entry=adv\" target=\"\" class=\"uibt plein green\">\r\n\t\t<span class=\"bt-content\">Contactez-nous<\/span>\r\n\t\t<span class=\"bt-picto\"><\/span>\r\n\t<\/a>\r\n\t\t<\/div>\r\n<\/div>\r\n    <\/div>\n<\/div>\n\n        \t<\/div>\r\n<\/div>\r\n    ","protected":false},"excerpt":{"rendered":"","protected":false},"author":3,"featured_media":0,"parent":4584,"menu_order":0,"comment_status":"closed","ping_status":"closed","template":"template-page-expertise-advisory.php","meta":{"_acf_changed":false,"inline_featured_image":false,"footnotes":""},"class_list":["post-4498","page","type-page","status-publish","hentry"],"acf":[],"_links":{"self":[{"href":"https:\/\/www.certifer.eu\/fr\/wp-json\/wp\/v2\/pages\/4498","targetHints":{"allow":["GET"]}}],"collection":[{"href":"https:\/\/www.certifer.eu\/fr\/wp-json\/wp\/v2\/pages"}],"about":[{"href":"https:\/\/www.certifer.eu\/fr\/wp-json\/wp\/v2\/types\/page"}],"author":[{"embeddable":true,"href":"https:\/\/www.certifer.eu\/fr\/wp-json\/wp\/v2\/users\/3"}],"replies":[{"embeddable":true,"href":"https:\/\/www.certifer.eu\/fr\/wp-json\/wp\/v2\/comments?post=4498"}],"version-history":[{"count":14,"href":"https:\/\/www.certifer.eu\/fr\/wp-json\/wp\/v2\/pages\/4498\/revisions"}],"predecessor-version":[{"id":5077,"href":"https:\/\/www.certifer.eu\/fr\/wp-json\/wp\/v2\/pages\/4498\/revisions\/5077"}],"up":[{"embeddable":true,"href":"https:\/\/www.certifer.eu\/fr\/wp-json\/wp\/v2\/pages\/4584"}],"wp:attachment":[{"href":"https:\/\/www.certifer.eu\/fr\/wp-json\/wp\/v2\/media?parent=4498"}],"curies":[{"name":"wp","href":"https:\/\/api.w.org\/{rel}","templated":true}]}}