{"id":4500,"date":"2023-10-30T12:48:56","date_gmt":"2023-10-30T11:48:56","guid":{"rendered":"https:\/\/www.certifer.eu\/?page_id=4500"},"modified":"2025-01-14T14:03:16","modified_gmt":"2025-01-14T13:03:16","slug":"academy","status":"publish","type":"page","link":"https:\/\/www.certifer.eu\/fr\/nos-services\/academy\/","title":{"rendered":"Academy"},"content":{"rendered":"<div  class=\"keblk keblk-v-align-top keblock-section-lame responsive is-padded bg-none \"   style=\"\"  id=\"\">\r\n\t\r\n\t\t<div class=\"block-content\">\r\n                    \n<div  class=\"keblk keblk-v-align-top keblock-text\" >\r\n\t\r\n\t\t\r\n\t<div class=\"block-content\">\t\r\n\t\n\n<p>CERTIFER est le sp\u00e9cialiste mondial des essais, de l&rsquo;inspection et de la certification dans le secteur de la mobilit\u00e9 ferroviaire et du transport urbain depuis <strong>25 ans<\/strong>.<\/p>\n\n\n\n<p>Fort de son exp\u00e9rience et de son expertise accumul\u00e9es au fil des d\u00e9cennies, CERTIFER a d\u00e9velopp\u00e9 un programme de formation comprenant plus de <strong>50 modules de formation<\/strong> r\u00e9partis en <strong>7 domaines d&rsquo;expertise diff\u00e9rents<\/strong>, bas\u00e9s sur notre exp\u00e9rience acquise au cours des diff\u00e9rents projets men\u00e9s dans plus de 50 pays \u00e0 travers le monde.<\/p>\n\n\r\n\t<\/div>\r\n<\/div>\r\n    \n        \t<\/div>\r\n<\/div>\r\n    \n\n<div  class=\"keblk keblk-v-align-top keblock-section-lame responsive is-padded bg-none \"   style=\"\"  id=\"\">\r\n\t\r\n\t\t<div class=\"block-content\">\r\n                    \n\n<div class=\"wp-block-columns is-layout-flex wp-container-core-columns-is-layout-9d6595d7 wp-block-columns-is-layout-flex\">\n<div class=\"wp-block-column is-vertically-aligned-center is-layout-flow wp-block-column-is-layout-flow\"><div  class=\"keblk keblk-v-align-top keblock-multimedia type-img\" >\r\n\t\r\n\t\t<div class=\"block-content\"  style=\"aspect-ratio:4\/3\" >\t\r\n        <div class=\"visu-bg\" style=\"background-image:url('https:\/\/www.certifer.eu\/wp-content\/uploads\/2023\/10\/IMG-Training.jpg');\"><\/div>\r\n\t\t<!-- CONTENT -->\r\n\t\t            \t\t\t\t\r\n\t\t\r\n\t<\/div>\r\n<\/div>\r\n    <\/div>\n\n\n\n<div class=\"wp-block-column is-vertically-aligned-center is-layout-flow wp-block-column-is-layout-flow\"><div  class=\"keblk keblk-v-align-top keblock-text\" >\r\n\t\r\n\t\t\r\n\t<div class=\"block-content\">\t\r\n\t\n\n<h2 class=\"wp-block-heading\">Bienvenue dans la CERTIFER Academy <\/h2>\n\n\n\n<p>Notre approche bas\u00e9e sur l&rsquo;exp\u00e9rience nous permet de vous offrir une r\u00e9elle valeur ajout\u00e9e en fonction de vos besoins.<\/p>\n\n\n\n<p>Que ce soit en personne ou \u00e0 distance, nos experts vous apportent connaissance &amp; formation. <\/p>\n\n\n\n<p>La <strong>CERTIFER Academy est multiculturelle<\/strong>, nous sommes heureux d&rsquo;offrir des cours dans un large \u00e9ventail de langues : allemand, anglais, fran\u00e7ais, n\u00e9erlandais, espagnol, italien, turc, portugais, polonais, danois, su\u00e9dois, norv\u00e9gien, chinois, etc.<\/p>\n\n\n\n<p><strong>Nous nous r\u00e9jouissons de pouvoir vous accompagner avec nos formations !<\/strong><\/p>\n\n\r\n\t<\/div>\r\n<\/div>\r\n    <\/div>\n<\/div>\n\n        \t<\/div>\r\n<\/div>\r\n    \n\n<div  class=\"keblk keblk-v-align-top keblock-section-lame responsive is-padded bg-none \"   style=\"\"  id=\"\">\r\n\t\r\n\t\t<div class=\"block-content\">\r\n                    \n\n<h2 class=\"wp-block-heading\">Prochaines sessions en Allemagne<\/h2>\n\n\n<div class=\"no-result\">Pas de r\u00e9sultat.<\/div><div  class=\"keblk keblk-v-align-top planified keblock-postgrid nbcol-4\"   style=\"\"  id=\"KPG_blkuid-7\" data-load=\"eyJwZ190eXBlIjoidHJhaW5pbmciLCJwZ190eXBlX3RyYWluaW5nIjp7ImNhdCI6IiIsInRhZyI6IiIsImlnbm9yZSI6ZmFsc2V9LCJwZ19zb3J0X2ZpZWxkIjoidGl0bGUiLCJwZ19zb3J0X29yZGVyIjoiQVNDIiwicGdfYWZmX25iY29sIjoiNCIsInBnX2FmZl9sb3QiOnRydWUsInBnX2FmZl9uYnBhcmxvdCI6IjgiLCJwZ19hZmZfbGFiYnRtb3JlIjoiVm9pciBwbHVzIiwicGdfYWZmX2ZpbHRlcnMiOnRydWUsInBnX2Jsa2Rlc2lnbl9jbGFzcyI6ImJsay10eXBlLXRyYWluaW5nIiwicGdfYmxrZGVzaWduX21hcmdpbiI6IjIwIiwicGdfZmlsdGVyY2F0X3RyYWluaW5nIjoidGhlbWUiLCJwZ19hZmZfbmJtYXgiOiI4In0=\">\r\n\t\t<div class=\"postgrid-content\">\r\n\t\t\t\r\n\t<\/div>\r\n\t<\/div>\r\n    \n        \t<\/div>\r\n<\/div>\r\n    \n\n<div  class=\"keblk keblk-v-align-top keblock-section-lame responsive is-padded bg-none \"   style=\"\"  id=\"\">\r\n\t\r\n\t\t<div class=\"block-content\">\r\n                    \n\n<h2 class=\"wp-block-heading\">Sur demande<\/h2>\n\n\n<div  class=\"keblk keblk-v-align-top keblock-postgrid nbcol-4\"   style=\"\"  id=\"KPG_blkuid-9\" data-load=\"eyJwZ190eXBlIjoidHJhaW5pbmciLCJwZ190eXBlX3RyYWluaW5nIjp7ImNhdCI6IiIsInRhZyI6IiIsImlnbm9yZSI6ZmFsc2V9LCJwZ19zb3J0X2ZpZWxkIjoidGl0bGUiLCJwZ19zb3J0X29yZGVyIjoiQVNDIiwicGdfYWZmX25iY29sIjoiNCIsInBnX2FmZl9sb3QiOnRydWUsInBnX2FmZl9uYnBhcmxvdCI6IjgiLCJwZ19hZmZfbGFiYnRtb3JlIjoiVm9pciBwbHVzIiwicGdfYWZmX2ZpbHRlcnMiOnRydWUsInBnX2Jsa2Rlc2lnbl9jbGFzcyI6ImJsay10eXBlLXRyYWluaW5nLW9uLWRlbWFuZCIsInBnX2Jsa2Rlc2lnbl9tYXJnaW4iOiIyMCIsInBnX2ZpbHRlcmNhdF90cmFpbmluZyI6InRoZW1lIiwicGdfYWZmX25ibWF4IjoiOCIsInBnX29mZnNldCI6Mn0=\">\r\n\t\t<div class=\"postgrid-content\">\r\n\t\t\t\t\t<div class=\"postgrid-content--header\">\r\n\t\t\t\t\t<div class=\"kpg-filters\">\r\n\t\t\t<div class=\"kpg-filters-catsel cat-theme\" data-taxo=\"theme\">\r\n\t\t\t<div class=\"kpg-filters-catsel--boutons\"><span class=\"kpg-filtre selected showallfilter-theme\"  onclick=\"kpg.fltrcat(this)\" data-addload=\"theme,\"><strong>Toutes les formations<\/strong><\/span><span class=\"kpg-filtre\"  onclick=\"kpg.fltrcat(this)\" data-addload=\"theme,17\">1-S\u00e9curit\u00e9 dans le secteur ferroviaire<\/span><span class=\"kpg-filtre\"  onclick=\"kpg.fltrcat(this)\" data-addload=\"theme,18\">2-Agr\u00e9ment et Certification<\/span><span class=\"kpg-filtre\"  onclick=\"kpg.fltrcat(this)\" data-addload=\"theme,21\">3-Syst\u00e8mes et technologies ferroviaires<\/span><span class=\"kpg-filtre\"  onclick=\"kpg.fltrcat(this)\" data-addload=\"theme,22\">4-Expertise et \u00e9valuateurs qualifi\u00e9s<\/span><span class=\"kpg-filtre\"  onclick=\"kpg.fltrcat(this)\" data-addload=\"theme,23\">5-R\u00e9glementation ferroviaire<\/span><span class=\"kpg-filtre\"  onclick=\"kpg.fltrcat(this)\" data-addload=\"theme,24\">6-Syst\u00e8mes de transport urbain<\/span><span class=\"kpg-filtre\"  onclick=\"kpg.fltrcat(this)\" data-addload=\"theme,25\">7-Innovation<\/span><\/div>\t\t\r\n\t\t\t<div class=\"kpg-filters-catsel--select\">\r\n\t\t\t\t<select onchange=\"kpg.fltrcat(this, true)\" class=\"kpg-filtre-select\"><option value=\"\"><strong>Toutes les formations<\/strong><\/option><option value=\"theme,17\">1-S\u00e9curit\u00e9 dans le secteur ferroviaire<\/option><option value=\"theme,18\">2-Agr\u00e9ment et Certification<\/option><option value=\"theme,21\">3-Syst\u00e8mes et technologies ferroviaires<\/option><option value=\"theme,22\">4-Expertise et \u00e9valuateurs qualifi\u00e9s<\/option><option value=\"theme,23\">5-R\u00e9glementation ferroviaire<\/option><option value=\"theme,24\">6-Syst\u00e8mes de transport urbain<\/option><option value=\"theme,25\">7-Innovation<\/option><\/select>\r\n\t\t\t<\/div>\t\t\t\r\n\t\t<\/div>\r\n\t\t<\/div>\r\n\t\r\n\t\t\t\t\r\n\t\t\t<\/div>\r\n\t\t\t<div class=\"postgrid-content--content\" style=\"gap:20px\">\r\n\t\t\t\t\t\t<div class=\"kpg-block-wrapper blk-type-training-on-demand\">\r\n\t\t\t\t<div class=\"kpg-block\">\r\n\t\t\t\t\t\t<div class=\"blk_rectangle_encadre\">\r\n\t\t\t\t\t\t\t\t\t<div class=\"wrap-text\"><p>01.06 &#8211; Practical seminar fault tree analysis and FME(C)A<span class=\"days_price\">1 jour | 750\u20ac<\/span><\/p><\/div>\r\n\t\t\t\t\t\t\t<div class=\"wrap-url\">\r\n\t\t\t\t\t\t\t\t\t<a href=\"https:\/\/www.certifer.eu\/wp-content\/uploads\/2023\/11\/CERTIFER_Training-01-06-ENG.pdf\" class=\"bt-learn\" target=\"_blank\">Voir plus<\/a>\r\n\t\t\t\t\t\t\t\t\t\t\t\t\t<a href=\"https:\/\/www.certifer.eu\/fr\/contact\/?entry=training&#038;idf=1526\" target=\"\" class=\"contact_link\" title=\"contact\"><\/a>\r\n\t\t\t\t\t\t\t<\/div>\r\n\t\t\t<\/div>\r\n\t\t\t\t\t<\/div>\r\n\t\t\t<\/div>\r\n\t\t\t\t\t<div class=\"kpg-block-wrapper blk-type-training-on-demand\">\r\n\t\t\t\t<div class=\"kpg-block\">\r\n\t\t\t\t\t\t<div class=\"blk_rectangle_encadre\">\r\n\t\t\t\t\t\t\t\t\t<div class=\"wrap-text\"><p>01.07 &#8211; Fundamentals for future safety managers in the railway manufacturing sector<span class=\"days_price\">2 jours | 1500\u20ac<\/span><\/p><\/div>\r\n\t\t\t\t\t\t\t<div class=\"wrap-url\">\r\n\t\t\t\t\t\t\t\t\t<a href=\"https:\/\/www.certifer.eu\/wp-content\/uploads\/2023\/12\/CERTIFER_Training-01-07-ENG.pdf\" class=\"bt-learn\" target=\"_blank\">Voir plus<\/a>\r\n\t\t\t\t\t\t\t\t\t\t\t\t\t<a href=\"https:\/\/www.certifer.eu\/fr\/contact\/?entry=training&#038;idf=1677\" target=\"\" class=\"contact_link\" title=\"contact\"><\/a>\r\n\t\t\t\t\t\t\t<\/div>\r\n\t\t\t<\/div>\r\n\t\t\t\t\t<\/div>\r\n\t\t\t<\/div>\r\n\t\t\t\t\t<div class=\"kpg-block-wrapper blk-type-training-on-demand\">\r\n\t\t\t\t<div class=\"kpg-block\">\r\n\t\t\t\t\t\t<div class=\"blk_rectangle_encadre\">\r\n\t\t\t\t\t\t\t\t\t<div class=\"wrap-text\"><p>01.10 &#8211; Assessment of significance and safety relevance of changes on railway subsystems<span class=\"days_price\">1 jour | 750\u20ac<\/span><\/p><\/div>\r\n\t\t\t\t\t\t\t<div class=\"wrap-url\">\r\n\t\t\t\t\t\t\t\t\t<a href=\"https:\/\/www.certifer.eu\/wp-content\/uploads\/2023\/12\/CERTIFER_Training-01-10-ENG.pdf\" class=\"bt-learn\" target=\"_blank\">Voir plus<\/a>\r\n\t\t\t\t\t\t\t\t\t\t\t\t\t<a href=\"https:\/\/www.certifer.eu\/fr\/contact\/?entry=training&#038;idf=1681\" target=\"\" class=\"contact_link\" title=\"contact\"><\/a>\r\n\t\t\t\t\t\t\t<\/div>\r\n\t\t\t<\/div>\r\n\t\t\t\t\t<\/div>\r\n\t\t\t<\/div>\r\n\t\t\t\t\t<div class=\"kpg-block-wrapper blk-type-training-on-demand\">\r\n\t\t\t\t<div class=\"kpg-block\">\r\n\t\t\t\t\t\t<div class=\"blk_rectangle_encadre\">\r\n\t\t\t\t\t\t\t\t\t<div class=\"wrap-text\"><p>02.04 &#8211; TSI Energy<span class=\"days_price\">1 jour | 750\u20ac<\/span><\/p><\/div>\r\n\t\t\t\t\t\t\t<div class=\"wrap-url\">\r\n\t\t\t\t\t\t\t\t\t<a href=\"https:\/\/www.certifer.eu\/wp-content\/uploads\/2023\/11\/CERTIFER_Training-02-04-ENG.pdf\" class=\"bt-learn\" target=\"_blank\">Voir plus<\/a>\r\n\t\t\t\t\t\t\t\t\t\t\t\t\t<a href=\"https:\/\/www.certifer.eu\/fr\/contact\/?entry=training&#038;idf=1545\" target=\"\" class=\"contact_link\" title=\"contact\"><\/a>\r\n\t\t\t\t\t\t\t<\/div>\r\n\t\t\t<\/div>\r\n\t\t\t\t\t<\/div>\r\n\t\t\t<\/div>\r\n\t\t\t\t\t<div class=\"kpg-block-wrapper blk-type-training-on-demand\">\r\n\t\t\t\t<div class=\"kpg-block\">\r\n\t\t\t\t\t\t<div class=\"blk_rectangle_encadre\">\r\n\t\t\t\t\t\t\t\t\t<div class=\"wrap-text\"><p>02.05 &#8211; TSI PRM (Persons with disabilities and persons with reduced mobility)<span class=\"days_price\">1 jour | 750\u20ac<\/span><\/p><\/div>\r\n\t\t\t\t\t\t\t<div class=\"wrap-url\">\r\n\t\t\t\t\t\t\t\t\t<a href=\"https:\/\/www.certifer.eu\/wp-content\/uploads\/2023\/12\/CERTIFER_Training-02-05-ENG.pdf\" class=\"bt-learn\" target=\"_blank\">Voir plus<\/a>\r\n\t\t\t\t\t\t\t\t\t\t\t\t\t<a href=\"https:\/\/www.certifer.eu\/fr\/contact\/?entry=training&#038;idf=1688\" target=\"\" class=\"contact_link\" title=\"contact\"><\/a>\r\n\t\t\t\t\t\t\t<\/div>\r\n\t\t\t<\/div>\r\n\t\t\t\t\t<\/div>\r\n\t\t\t<\/div>\r\n\t\t\t\t\t<div class=\"kpg-block-wrapper blk-type-training-on-demand\">\r\n\t\t\t\t<div class=\"kpg-block\">\r\n\t\t\t\t\t\t<div class=\"blk_rectangle_encadre\">\r\n\t\t\t\t\t\t\t\t\t<div class=\"wrap-text\"><p>02.06 &#8211; TSI CCS (Control-command and signalling)<span class=\"days_price\">1 jour | 750\u20ac<\/span><\/p><\/div>\r\n\t\t\t\t\t\t\t<div class=\"wrap-url\">\r\n\t\t\t\t\t\t\t\t\t<a href=\"https:\/\/www.certifer.eu\/wp-content\/uploads\/2023\/12\/CERTIFER_Training-02-06-ENG.pdf\" class=\"bt-learn\" target=\"_blank\">Voir plus<\/a>\r\n\t\t\t\t\t\t\t\t\t\t\t\t\t<a href=\"https:\/\/www.certifer.eu\/fr\/contact\/?entry=training&#038;idf=2564\" target=\"\" class=\"contact_link\" title=\"contact\"><\/a>\r\n\t\t\t\t\t\t\t<\/div>\r\n\t\t\t<\/div>\r\n\t\t\t\t\t<\/div>\r\n\t\t\t<\/div>\r\n\t\t\t\t\t<div class=\"kpg-block-wrapper blk-type-training-on-demand\">\r\n\t\t\t\t<div class=\"kpg-block\">\r\n\t\t\t\t\t\t<div class=\"blk_rectangle_encadre\">\r\n\t\t\t\t\t\t\t\t\t<div class=\"wrap-text\"><p>02.07 &#8211; Certification in the railway sector<span class=\"days_price\">1 jour | 750\u20ac<\/span><\/p><\/div>\r\n\t\t\t\t\t\t\t<div class=\"wrap-url\">\r\n\t\t\t\t\t\t\t\t\t<a href=\"https:\/\/www.certifer.eu\/wp-content\/uploads\/2023\/12\/CERTIFER_Training-02-07-ENG.pdf\" class=\"bt-learn\" target=\"_blank\">Voir plus<\/a>\r\n\t\t\t\t\t\t\t\t\t\t\t\t\t<a href=\"https:\/\/www.certifer.eu\/fr\/contact\/?entry=training&#038;idf=2569\" target=\"\" class=\"contact_link\" title=\"contact\"><\/a>\r\n\t\t\t\t\t\t\t<\/div>\r\n\t\t\t<\/div>\r\n\t\t\t\t\t<\/div>\r\n\t\t\t<\/div>\r\n\t\t\t\t\t<div class=\"kpg-block-wrapper blk-type-training-on-demand\">\r\n\t\t\t\t<div class=\"kpg-block\">\r\n\t\t\t\t\t\t<div class=\"blk_rectangle_encadre\">\r\n\t\t\t\t\t\t\t\t\t<div class=\"wrap-text\"><p>02.10 &#8211; \u00ab\u00a0ECM Officer\u00a0\u00bb training in Europe<span class=\"days_price\">1 jour | 750\u20ac<\/span><\/p><\/div>\r\n\t\t\t\t\t\t\t<div class=\"wrap-url\">\r\n\t\t\t\t\t\t\t\t\t<a href=\"https:\/\/www.certifer.eu\/wp-content\/uploads\/2023\/12\/CERTIFER_Training-02-10-ENG.pdf\" class=\"bt-learn\" target=\"_blank\">Voir plus<\/a>\r\n\t\t\t\t\t\t\t\t\t\t\t\t\t<a href=\"https:\/\/www.certifer.eu\/fr\/contact\/?entry=training&#038;idf=2574\" target=\"\" class=\"contact_link\" title=\"contact\"><\/a>\r\n\t\t\t\t\t\t\t<\/div>\r\n\t\t\t<\/div>\r\n\t\t\t\t\t<\/div>\r\n\t\t\t<\/div>\r\n\t\t\t<div class=\"kpg-loadmore\">\r\n\t\t<button onclick=\"kpg.lm(2,this)\" class=\"uibt filaire blue\">Voir plus<\/button>\r\n\t<\/div>\r\n\t\t\t\t<\/div>\r\n\t\t\t\t\r\n\t<\/div>\r\n\t<\/div>\r\n    \n        \t<\/div>\r\n<\/div>\r\n    \n\n<div  class=\"keblk keblk-v-align-top border-top-verte keblock-section-lame responsive is-padded bg-color  bg-color-blue\"   style=\"\"  id=\"\">\r\n\t\r\n\t\t<div class=\"block-content\">\r\n                    \n\n<div class=\"wp-block-columns is-layout-flex wp-container-core-columns-is-layout-9d6595d7 wp-block-columns-is-layout-flex\">\n<div class=\"wp-block-column is-vertically-aligned-center is-layout-flow wp-block-column-is-layout-flow\">\n<h3 class=\"wp-block-heading has-white-color has-text-color\">Vous avez besoin de plus d&rsquo;informations sur la CERTIFER Academy ?<\/h3>\n<\/div>\n\n\n\n<div class=\"wp-block-column is-vertically-aligned-center is-layout-flow wp-block-column-is-layout-flow\"><div  class=\"keblk keblk-h-align-center keblk-v-align-center keblock-bouton plein\" >\r\n\t\r\n\t\t\r\n\t<div class=\"block-content\">\t\r\n\t\t<a href=\"https:\/\/www.certifer.eu\/fr\/contact\/?entry=training\" target=\"\" class=\"uibt plein green\">\r\n\t\t<span class=\"bt-content\">Contactez-nous<\/span>\r\n\t\t<span class=\"bt-picto\"><\/span>\r\n\t<\/a>\r\n\t\t<\/div>\r\n<\/div>\r\n    <\/div>\n<\/div>\n\n        \t<\/div>\r\n<\/div>\r\n    ","protected":false},"excerpt":{"rendered":"","protected":false},"author":3,"featured_media":0,"parent":4584,"menu_order":0,"comment_status":"closed","ping_status":"closed","template":"template-page-expertise-training.php","meta":{"_acf_changed":false,"inline_featured_image":false,"footnotes":""},"class_list":["post-4500","page","type-page","status-publish","hentry"],"acf":[],"_links":{"self":[{"href":"https:\/\/www.certifer.eu\/fr\/wp-json\/wp\/v2\/pages\/4500","targetHints":{"allow":["GET"]}}],"collection":[{"href":"https:\/\/www.certifer.eu\/fr\/wp-json\/wp\/v2\/pages"}],"about":[{"href":"https:\/\/www.certifer.eu\/fr\/wp-json\/wp\/v2\/types\/page"}],"author":[{"embeddable":true,"href":"https:\/\/www.certifer.eu\/fr\/wp-json\/wp\/v2\/users\/3"}],"replies":[{"embeddable":true,"href":"https:\/\/www.certifer.eu\/fr\/wp-json\/wp\/v2\/comments?post=4500"}],"version-history":[{"count":11,"href":"https:\/\/www.certifer.eu\/fr\/wp-json\/wp\/v2\/pages\/4500\/revisions"}],"predecessor-version":[{"id":10783,"href":"https:\/\/www.certifer.eu\/fr\/wp-json\/wp\/v2\/pages\/4500\/revisions\/10783"}],"up":[{"embeddable":true,"href":"https:\/\/www.certifer.eu\/fr\/wp-json\/wp\/v2\/pages\/4584"}],"wp:attachment":[{"href":"https:\/\/www.certifer.eu\/fr\/wp-json\/wp\/v2\/media?parent=4500"}],"curies":[{"name":"wp","href":"https:\/\/api.w.org\/{rel}","templated":true}]}}