{"id":4524,"date":"2023-11-23T09:52:49","date_gmt":"2023-11-23T08:52:49","guid":{"rendered":"https:\/\/www.certifer.eu\/?page_id=4524"},"modified":"2024-02-21T14:46:46","modified_gmt":"2024-02-21T13:46:46","slug":"nous-rejoindre","status":"publish","type":"page","link":"https:\/\/www.certifer.eu\/fr\/nous-rejoindre\/","title":{"rendered":"Nous rejoindre"},"content":{"rendered":"<div  class=\"keblk keblk-v-align-top no-margin-bottom keblock-section-lame responsive is-semi-padded bg-none \"   style=\"\"  id=\"\">\r\n\t\r\n\t\t<div class=\"block-content\">\r\n                    \n\n<h2 class=\"wp-block-heading\">Nos derni\u00e8res offres d&#8217;emploi<\/h2>\n\n\n\n<p>D\u00e9couvrez nos offres et rejoignez nos \u00e9quipes d&rsquo;experts. Nous recherchons des profils vari\u00e9s : ing\u00e9nieurs, inspecteurs, chefs de projet, fonctions support\u2026<\/p>\n\n        \t<\/div>\r\n<\/div>\r\n    ","protected":false},"excerpt":{"rendered":"","protected":false},"author":2,"featured_media":0,"parent":0,"menu_order":0,"comment_status":"closed","ping_status":"closed","template":"template-page-join.php","meta":{"_acf_changed":false,"inline_featured_image":false,"footnotes":""},"class_list":["post-4524","page","type-page","status-publish","hentry"],"acf":[],"_links":{"self":[{"href":"https:\/\/www.certifer.eu\/fr\/wp-json\/wp\/v2\/pages\/4524","targetHints":{"allow":["GET"]}}],"collection":[{"href":"https:\/\/www.certifer.eu\/fr\/wp-json\/wp\/v2\/pages"}],"about":[{"href":"https:\/\/www.certifer.eu\/fr\/wp-json\/wp\/v2\/types\/page"}],"author":[{"embeddable":true,"href":"https:\/\/www.certifer.eu\/fr\/wp-json\/wp\/v2\/users\/2"}],"replies":[{"embeddable":true,"href":"https:\/\/www.certifer.eu\/fr\/wp-json\/wp\/v2\/comments?post=4524"}],"version-history":[{"count":1,"href":"https:\/\/www.certifer.eu\/fr\/wp-json\/wp\/v2\/pages\/4524\/revisions"}],"predecessor-version":[{"id":4525,"href":"https:\/\/www.certifer.eu\/fr\/wp-json\/wp\/v2\/pages\/4524\/revisions\/4525"}],"wp:attachment":[{"href":"https:\/\/www.certifer.eu\/fr\/wp-json\/wp\/v2\/media?parent=4524"}],"curies":[{"name":"wp","href":"https:\/\/api.w.org\/{rel}","templated":true}]}}