{"id":4603,"date":"2024-01-09T12:45:17","date_gmt":"2024-01-09T11:45:17","guid":{"rendered":"https:\/\/www.certifer.eu\/?page_id=4603"},"modified":"2026-01-27T12:16:54","modified_gmt":"2026-01-27T11:16:54","slug":"campagnes-feu-fumee","status":"publish","type":"page","link":"https:\/\/www.certifer.eu\/fr\/nos-services\/tests\/campagnes-feu-fumee\/","title":{"rendered":"Campagnes feu-fum\u00e9e"},"content":{"rendered":"<div  class=\"keblk keblk-v-align-top keblock-section-lame responsive is-padded bg-none \"   style=\"\"  id=\"\">\r\n\t\r\n\t\t<div class=\"block-content\">\r\n                    \n<div  class=\"keblk keblk-v-align-top keblock-text\" >\r\n\t\r\n\t\t\r\n\t<div class=\"block-content\">\t\r\n\t\n\n<p>La norme europ\u00e9enne (EN 45545-2) et la norme fran\u00e7aise (NF F16-101) fournissent un syst\u00e8me de classification qui sp\u00e9cifie les exigences relatives au comportement au feu des mat\u00e9riaux et produits ferroviaires en les classant dans diff\u00e9rents groupes qui doivent r\u00e9pondre \u00e0 des \u00ab\u00a0ensembles d&rsquo;exigences\u00a0\u00bb sp\u00e9cifiques. Les normes comprennent \u00e9galement des m\u00e9thodes d&rsquo;essai pour les laboratoires.<\/p>\n\n\n\n<p>De plus, la norme EN ISO\/CEI 17025 \u00ab\u00a0Exigences g\u00e9n\u00e9rales concernant la comp\u00e9tence des laboratoires d&rsquo;\u00e9talonnage et d&rsquo;essais\u00a0\u00bb impose la participation des laboratoires \u00e0 une campagne d&rsquo;essais, ce qui est une condition pr\u00e9alable pour \u00eatre un laboratoire accr\u00e9dit\u00e9. C&rsquo;est sur cette base qu&rsquo;un organisme ind\u00e9pendant doit organiser la campagne et <strong>seul CERTIFER est habilit\u00e9 \u00e0 organiser et \u00e9valuer les campagnes d&rsquo;essais de comportement au feu et les comparaisons inter-laboratoires dans le domaine ferroviaire<\/strong>.<\/p>\n\n\n\n<p>Nous organisons depuis plus de dix ans une campagne annuelle de comparaison inter-laboratoires sur les essais de comportement face au feu des chemins de fer.<\/p>\n\n\n\n<p>Cette campagne s&rsquo;adresse \u00e0 tous les laboratoires qui souhaitent proposer leurs services de laboratoire au secteur ferroviaire. Environ 30 \u00e0 40 laboratoires d&rsquo;Europe et du monde entier participent chaque ann\u00e9e \u00e0 la campagne de comparaison.<\/p>\n\n\n\n<p>Les \u00e9tapes que nous supervisons pour la campagne sont les suivantes :<\/p>\n\n\n\n<ol class=\"wp-block-list\">\n<li>Pr\u00e9paration de la campagne<\/li>\n\n\n\n<li>Lancement de la campagne annuelle<\/li>\n\n\n\n<li>Test de performance<\/li>\n\n\n\n<li>Compilation des r\u00e9sultats et analyse<\/li>\n\n\n\n<li>Rapport final<\/li>\n<\/ol>\n\n\r\n\t<\/div>\r\n<\/div>\r\n    \n        \t<\/div>\r\n<\/div>\r\n    \n\n<div  class=\"keblk keblk-v-align-top keblock-section-lame responsive is-padded bg-none \"   style=\"\"  id=\"\">\r\n\t\r\n\t\t<div class=\"block-content\">\r\n                    \n<div  class=\"keblk keblk-v-align-top keblock-text\" >\r\n\t\r\n\t\t\r\n\t<div class=\"block-content\">\t\r\n\t\n\n<h2 class=\"wp-block-heading\">Les tests de comportement au feu<\/h2>\n\n\n\n<ul class=\"wp-block-list\">\n<li>Flux critique \u00e0 l&rsquo;extinction : CFE [ISO 5658-2] &amp; CHF [EN ISO 9239-1]<\/li>\n\n\n\n<li>Taux moyen maximal d&rsquo;\u00e9mission de chaleur : MARHE [ISO 5660-1]<\/li>\n\n\n\n<li>Densit\u00e9 optique sp\u00e9cifique des fum\u00e9es \u00e0 4 min : Ds(4) [EN ISO 5659-2].<\/li>\n\n\n\n<li>Valeur cumul\u00e9e des densit\u00e9s optiques sp\u00e9cifiques au cours des 4 premi\u00e8res minutes : VOF4 [EN ISO 5659-2].<\/li>\n\n\n\n<li>Indice conventionnel de toxicit\u00e9 \u00e0 4 et 8 min : CITG [EN 45545-2 Annexe C : m\u00e9thode 1].<\/li>\n\n\n\n<li>Indice conventionnel de toxicit\u00e9 : CITNlp [EN 45545-2 Annexe C : m\u00e9thode 2]<\/li>\n\n\n\n<li>Indice d&rsquo;oxyg\u00e8ne : OI [EN ISO 4589-2]<\/li>\n\n\n\n<li>Fil incandescent : EN 60695-2-11, NF F 16-101 et STM S001<\/li>\n\n\n\n<li>Valeur cumul\u00e9e des densit\u00e9s optiques sp\u00e9cifiques dans les 4 premi\u00e8res minutes : VOF4 [NFX 10-702 (1 \u00e0 5), NF F 16-101 et STM S001].<\/li>\n\n\n\n<li>Densit\u00e9 optique sp\u00e9cifique maximale des fum\u00e9es : Dm [NF X 10-702 (1 \u00e0 5), NF F 16-101 &amp; STM S001]<\/li>\n\n\n\n<li>Taux moyen maximal d&rsquo;\u00e9mission de chaleur (MARHE) et RHR maximal sur le si\u00e8ge : ISO\/TR 9705-2<\/li>\n\n\n\n<li>Propagation maximale de la flamme et gouttelettes enflamm\u00e9es : EN ISO 11925-2<\/li>\n\n\n\n<li>Hauteur de la zone carbonis\u00e9e \u00e0 l&rsquo;avant et \u00e0 l&rsquo;arri\u00e8re : EN 60332-3-24<\/li>\n<\/ul>\n\n\r\n\t<\/div>\r\n<\/div>\r\n    \n        \t<\/div>\r\n<\/div>\r\n    \n\n<div  class=\"keblk keblk-v-align-top keblock-section-lame responsive is-padded bg-none \"   style=\"\"  id=\"\">\r\n\t\r\n\t\t<div class=\"block-content\">\r\n                    \n\n<h2 class=\"wp-block-heading\">Accord sur le comportement face au feu<\/h2>\n\n\n\n<p>D\u00e9couvrez la liste des laboratoires qui ont particip\u00e9 \u00e0 la campagne 2025 selon la norme en 45545<\/p>\n\n\n<div  class=\"keblk keblk-v-align-top keblock-bouton plein\" >\r\n\t\r\n\t\t\r\n\t<div class=\"block-content\">\t\r\n\t\t<a href=\"https:\/\/www.certifer.eu\/wp-content\/uploads\/2024\/08\/LISTE_DES_LABORATOIRES-EN45545-2025_v2.pdf\" target=\"_blank\" class=\"uibt plein blue\">\r\n\t\t<span class=\"bt-content\">Liste des laboratoires EN45545-2025<\/span>\r\n\t\t<span class=\"bt-picto\"><\/span>\r\n\t<\/a>\r\n\t\t<\/div>\r\n<\/div>\r\n    \n        \t<\/div>\r\n<\/div>\r\n    \n\n<div  class=\"keblk keblk-v-align-top border-top-verte keblock-section-lame responsive is-padded bg-color  bg-color-blue\"   style=\"\"  id=\"\">\r\n\t\r\n\t\t<div class=\"block-content\">\r\n                    \n\n<div class=\"wp-block-columns is-layout-flex wp-container-core-columns-is-layout-9d6595d7 wp-block-columns-is-layout-flex\">\n<div class=\"wp-block-column is-vertically-aligned-center is-layout-flow wp-block-column-is-layout-flow\">\n<h3 class=\"wp-block-heading has-white-color has-text-color\">Vous souhaitez obtenir plus d&rsquo;informations sur les campagnes feu-fum\u00e9e?<\/h3>\n<\/div>\n\n\n\n<div class=\"wp-block-column is-vertically-aligned-center is-layout-flow wp-block-column-is-layout-flow\"><div  class=\"keblk keblk-h-align-center keblk-v-align-center keblock-bouton plein\" >\r\n\t\r\n\t\t\r\n\t<div class=\"block-content\">\t\r\n\t\t<a href=\"https:\/\/www.certifer.eu\/fr\/contact\/\" target=\"\" class=\"uibt plein green\">\r\n\t\t<span class=\"bt-content\">Contactez-nous<\/span>\r\n\t\t<span class=\"bt-picto\"><\/span>\r\n\t<\/a>\r\n\t\t<\/div>\r\n<\/div>\r\n    <\/div>\n<\/div>\n\n        \t<\/div>\r\n<\/div>\r\n    ","protected":false},"excerpt":{"rendered":"","protected":false},"author":2,"featured_media":0,"parent":4492,"menu_order":0,"comment_status":"closed","ping_status":"closed","template":"template-page-expertise-testing.php","meta":{"_acf_changed":false,"inline_featured_image":false,"footnotes":""},"class_list":["post-4603","page","type-page","status-publish","hentry"],"acf":[],"_links":{"self":[{"href":"https:\/\/www.certifer.eu\/fr\/wp-json\/wp\/v2\/pages\/4603","targetHints":{"allow":["GET"]}}],"collection":[{"href":"https:\/\/www.certifer.eu\/fr\/wp-json\/wp\/v2\/pages"}],"about":[{"href":"https:\/\/www.certifer.eu\/fr\/wp-json\/wp\/v2\/types\/page"}],"author":[{"embeddable":true,"href":"https:\/\/www.certifer.eu\/fr\/wp-json\/wp\/v2\/users\/2"}],"replies":[{"embeddable":true,"href":"https:\/\/www.certifer.eu\/fr\/wp-json\/wp\/v2\/comments?post=4603"}],"version-history":[{"count":6,"href":"https:\/\/www.certifer.eu\/fr\/wp-json\/wp\/v2\/pages\/4603\/revisions"}],"predecessor-version":[{"id":12216,"href":"https:\/\/www.certifer.eu\/fr\/wp-json\/wp\/v2\/pages\/4603\/revisions\/12216"}],"up":[{"embeddable":true,"href":"https:\/\/www.certifer.eu\/fr\/wp-json\/wp\/v2\/pages\/4492"}],"wp:attachment":[{"href":"https:\/\/www.certifer.eu\/fr\/wp-json\/wp\/v2\/media?parent=4603"}],"curies":[{"name":"wp","href":"https:\/\/api.w.org\/{rel}","templated":true}]}}