{"id":4745,"date":"2024-01-08T15:05:41","date_gmt":"2024-01-08T14:05:41","guid":{"rendered":"https:\/\/www.certifer.eu\/data-privacy-policy\/"},"modified":"2024-02-23T17:47:26","modified_gmt":"2024-02-23T16:47:26","slug":"politique-de-confidentialite-des-donnees","status":"publish","type":"page","link":"https:\/\/www.certifer.eu\/fr\/politique-de-confidentialite-des-donnees\/","title":{"rendered":"Politique de confidentialit\u00e9 des donn\u00e9es"},"content":{"rendered":"<div  class=\"keblk keblk-v-align-top keblock-section-lame responsive is-padded bg-none \"   style=\"\"  id=\"\">\r\n\t\r\n\t\t<div class=\"block-content\">\r\n                    \n<div  class=\"keblk keblk-v-align-top keblock-text\" >\r\n\t\r\n\t\t\r\n\t<div class=\"block-content\">\t\r\n\t\n\n<p>Dans cette d\u00e9claration de confidentialit\u00e9, nous expliquons ce que nous faisons avec les donn\u00e9es que nous obtenons \u00e0 votre sujet via <a href=\"https:\/\/www.certifer.eu\/fr\/\"><strong>https:\/\/www.certifer.eu<\/strong><\/a>. Nous vous recommandons de lire attentivement cette d\u00e9claration. Lors de notre traitement, nous nous conformons aux exigences de la l\u00e9gislation sur la confidentialit\u00e9.<\/p>\n\n\n\n<p>Cela signifie, entre autres, que&nbsp;:<\/p>\n\n\n\n<p>\u2022 nous indiquons clairement dans quelles finalit\u00e9s nous traitons les donn\u00e9es personnelles. Nous faisons cela au moyen de cette d\u00e9claration de confidentialit\u00e9&nbsp;;<br>\u2022 nous visons \u00e0 limiter notre recueil de donn\u00e9es personnelles uniquement aux donn\u00e9es personnelles n\u00e9cessaires \u00e0 des finalit\u00e9s l\u00e9gitimes;<br>\u2022 nous demandons d\u2019abord votre consentement explicite pour traiter vos donn\u00e9es personnelles dans les cas n\u00e9cessitant votre consentement;<br>\u2022 nous prenons des mesures de s\u00e9curit\u00e9 appropri\u00e9es afin de prot\u00e9ger vos donn\u00e9es personnelles, et nous en demandons autant des parties traitant des donn\u00e9es personnelles pour nous;<br>\u2022 nous respectons votre droit de consulter, corriger ou supprimer vos donn\u00e9es personnelles si vous en formulez la demande.<\/p>\n\n\n\n<p>Si vous avez des questions ou souhaitez savoir exactement quelles donn\u00e9es nous conservons, veuillez <a href=\"https:\/\/www.certifer.eu\/fr\/contact\/\"><strong>nous contacter<\/strong><\/a>.<\/p>\n\n\n\n<h2 class=\"wp-block-heading\">Finalit\u00e9, donn\u00e9es et dur\u00e9e de conservation<\/h2>\n\n\n\n<p>Nous pouvons collecter ou recevoir des informations personnelles pour un certain nombre de raisons li\u00e9es \u00e0 nos activit\u00e9s commerciales, notamment les suivantes&nbsp;:<\/p>\n\n\n\n<h2 class=\"wp-block-heading\">Prise de contact par e-mail ou via le formulaire de contact de notre site web<\/h2>\n\n\n\n<p>Dans cette finalit\u00e9, nous utilisons les donn\u00e9es suivantes&nbsp;:<\/p>\n\n\n\n<p>\u2022 Pr\u00e9nom et nom de famille<br>\u2022 Adresse email<br>\u2022 Num\u00e9ro de t\u00e9l\u00e9phone<\/p>\n\n\n\n<p><strong>La base sur laquelle nous pouvons traiter ces donn\u00e9es est :<\/strong><\/p>\n\n\n\n<p>Pour un int\u00e9r\u00eat l\u00e9gitime.<\/p>\n\n\n\n<p><strong>Dur\u00e9e de conservation :<\/strong><\/p>\n\n\n\n<p>Nous conservons ces donn\u00e9es jusqu&rsquo;\u00e0 la fin du service.<\/p>\n\n\n\n<h2 class=\"wp-block-heading\">R\u00e9alisation de statistiques d&rsquo;audience et d&rsquo;utilisation des services en ligne<\/h2>\n\n\n\n<p>Dans cette finalit\u00e9, nous utilisons les donn\u00e9es li\u00e9es \u00e0 la navigation de l\u2019utilisateur sur notre site web&nbsp;: Parcours, fonctionnalit\u00e9s utilis\u00e9es, date et dur\u00e9e de connexion, provenance.<\/p>\n\n\n\n<p><strong>La base sur laquelle nous pouvons traiter ces donn\u00e9es est :<\/strong><\/p>\n\n\n\n<p>Pour un int\u00e9r\u00eat l\u00e9gitime.<\/p>\n\n\n\n<p><strong>Dur\u00e9e de conservation :<\/strong><\/p>\n\n\n\n<p>Nous conservons ces donn\u00e9es pendant 13 mois.<\/p>\n\n\n\n<h2 class=\"wp-block-heading\">Cookies<\/h2>\n\n\n\n<p>Notre site web utilise des cookies. Pour plus d\u2019informations sur les cookies, veuillez vous r\u00e9f\u00e9rer \u00e0 notre\u00a0<strong><a href=\"https:\/\/www.certifer.eu\/fr\/politique-des-cookies\/\">Politique de cookies<\/a>.<\/strong><\/p>\n\n\n\n<h2 class=\"wp-block-heading\">Transfert de donn\u00e9es<\/h2>\n\n\n\n<p>Nous divulguons des informations personnelles si nous y sommes tenus par la loi ou par une ordonnance du tribunal, en r\u00e9ponse \u00e0 un organisme d\u2019application de la loi, dans la mesure permise par d\u2019autres dispositions de la loi, pour fournir des informations, ou pour une enqu\u00eate sur une question li\u00e9e \u00e0 la s\u00e9curit\u00e9 publique.<\/p>\n\n\n\n<p>Si notre site web ou notre organisation est repris, vendu ou impliqu\u00e9 dans une fusion ou une acquisition, vos donn\u00e9es peuvent \u00eatre divulgu\u00e9es \u00e0 nos conseillers et \u00e0 tout acheteur potentiel et seront transmises aux nouveaux propri\u00e9taires.<\/p>\n\n\n\n<h2 class=\"wp-block-heading\">S\u00e9curit\u00e9<\/h2>\n\n\n\n<p>Nous nous engageons \u00e0 la s\u00e9curit\u00e9 des donn\u00e9es personnelles. Nous prenons les mesures de s\u00e9curit\u00e9 appropri\u00e9es pour limiter les abus et l\u2019acc\u00e8s non autoris\u00e9 aux donn\u00e9es personnelles. Cela garantit que seules les personnes n\u00e9cessaires ont acc\u00e8s \u00e0 vos donn\u00e9es, que l\u2019acc\u00e8s aux donn\u00e9es est prot\u00e9g\u00e9 et que nos mesures de s\u00e9curit\u00e9 sont r\u00e9guli\u00e8rement revues.<\/p>\n\n\n\n<h2 class=\"wp-block-heading\">Sites web tierces parties<\/h2>\n\n\n\n<p>Cette d\u00e9claration de confidentialit\u00e9 ne s\u2019applique pas aux sites web de tierces parties connect\u00e9s par des liens sur notre site web. Nous ne pouvons garantir que ces tierces parties g\u00e8rent vos donn\u00e9es personnelles de mani\u00e8re fiable ou s\u00e9curis\u00e9e. Nous vous recommandons de lire les d\u00e9clarations de confidentialit\u00e9 de ces sites web avant de les utiliser.<\/p>\n\n\n\n<h2 class=\"wp-block-heading\">Vos droits concernant les donn\u00e9es personnelles<\/h2>\n\n\n\n<p>Si vous avez des questions ou souhaitez savoir quelles sont les donn\u00e9es personnelles que nous avons \u00e0 votre sujet, veuillez nous contacter. Vous pouvez nous contacter en utilisant les informations ci-dessous.<\/p>\n\n\n\n<p><strong>Vous avez les droits suivants :<\/strong><br>\u2022 Vous avez le droit de savoir pourquoi vos donn\u00e9es personnelles sont n\u00e9cessaires, ce qui leur arrivera et combien de temps elles seront conserv\u00e9es.<br>\u2022 Droit d\u2019acc\u00e8s : vous avez le droit d\u2019acc\u00e9der \u00e0 vos donn\u00e9es personnelles que nous connaissons.<br>\u2022 Droit de rectification : vous avez le droit \u00e0 tout moment de compl\u00e9ter, corriger, faire supprimer ou bloquer vos donn\u00e9es personnelles.<br>\u2022 Si vous nous donnez votre consentement pour le traitement de vos donn\u00e9es, vous avez le droit de r\u00e9voquer ce consentement et de faire supprimer vos donn\u00e9es personnelles.<br>\u2022 Droit de transf\u00e9rer vos donn\u00e9es : vous avez le droit de demander toutes vos donn\u00e9es personnelles au responsable du traitement et de les transf\u00e9rer dans leur int\u00e9gralit\u00e9 \u00e0 un autre responsable du traitement.<br>\u2022 Droit d\u2019opposition : vous pouvez vous opposer au traitement de vos donn\u00e9es. Nous obtemp\u00e9rerons, \u00e0 moins que certaines raisons ne justifient ce traitement.<\/p>\n\n\n\n<p>Assurez-vous de toujours indiquer clairement qui vous \u00eates, afin que nous puissions \u00eatre certains de ne pas modifier ni supprimer les donn\u00e9es de la mauvaise personne.<\/p>\n\n\n\n<h2 class=\"wp-block-heading\">Coordonn\u00e9es<\/h2>\n\n\n\n<p>Pour des questions et\/ou des commentaires sur notre politique de cookies et cette d\u00e9claration, veuillez nous contacter en utilisant les coordonn\u00e9es suivantes :<\/p>\n\n\n\n<p>CERTIFER S.A.<br>18, Rue Edmond Membr\u00e9e<br>CS 40141<br>59308 Valenciennes, France<br>+33 3 27 28 35 00<br>contact@certifer.eu<br>https:\/\/www.certifer.eu<br><\/p>\n\n\r\n\t<\/div>\r\n<\/div>\r\n    \n        \t<\/div>\r\n<\/div>\r\n    ","protected":false},"excerpt":{"rendered":"","protected":false},"author":1,"featured_media":0,"parent":0,"menu_order":0,"comment_status":"closed","ping_status":"open","template":"template-legal.php","meta":{"_acf_changed":false,"inline_featured_image":false,"footnotes":""},"class_list":["post-4745","page","type-page","status-publish","hentry"],"acf":[],"_links":{"self":[{"href":"https:\/\/www.certifer.eu\/fr\/wp-json\/wp\/v2\/pages\/4745","targetHints":{"allow":["GET"]}}],"collection":[{"href":"https:\/\/www.certifer.eu\/fr\/wp-json\/wp\/v2\/pages"}],"about":[{"href":"https:\/\/www.certifer.eu\/fr\/wp-json\/wp\/v2\/types\/page"}],"author":[{"embeddable":true,"href":"https:\/\/www.certifer.eu\/fr\/wp-json\/wp\/v2\/users\/1"}],"replies":[{"embeddable":true,"href":"https:\/\/www.certifer.eu\/fr\/wp-json\/wp\/v2\/comments?post=4745"}],"version-history":[{"count":2,"href":"https:\/\/www.certifer.eu\/fr\/wp-json\/wp\/v2\/pages\/4745\/revisions"}],"predecessor-version":[{"id":4748,"href":"https:\/\/www.certifer.eu\/fr\/wp-json\/wp\/v2\/pages\/4745\/revisions\/4748"}],"wp:attachment":[{"href":"https:\/\/www.certifer.eu\/fr\/wp-json\/wp\/v2\/media?parent=4745"}],"curies":[{"name":"wp","href":"https:\/\/api.w.org\/{rel}","templated":true}]}}