{"id":8800,"date":"2024-09-17T13:09:59","date_gmt":"2024-09-17T11:09:59","guid":{"rendered":"https:\/\/www.certifer.eu\/?page_id=8800"},"modified":"2024-09-17T16:01:29","modified_gmt":"2024-09-17T14:01:29","slug":"certifer-ad-innotrans-2024","status":"publish","type":"page","link":"https:\/\/www.certifer.eu\/it\/certifer-ad-innotrans-2024\/","title":{"rendered":"CERTIFER ad Innotrans 2024"},"content":{"rendered":"<div  class=\"keblk keblk-v-align-top keblock-section-lame responsive is-padded bg-none \"   style=\"\"  id=\"\">\r\n\t\r\n\t\t<div class=\"block-content\">\r\n                    \n<div  class=\"keblk keblk-v-align-top keblock-text\" >\r\n\t\r\n\t\t\r\n\t<div class=\"block-content\">\t\r\n\t\n\n<h2 class=\"wp-block-heading\">Innotrans: il luogo di incontro dell&#8217;industria ferroviaria<\/h2>\n\n\n\n<p><a href=\"https:\/\/www.innotrans.de\/\" target=\"_blank\" rel=\"noreferrer noopener\">InnoTrans <\/a>\u00e8 la pi\u00f9 grande fiera del commercio ferroviario; nata nel 1996, si tiene a Berlino ogni due anni presso l&#8217;Exhibition Centre, e accoglie quasi 3000 standisti e 140&#8217;000 visitatori. <\/p>\n\n\r\n\t<\/div>\r\n<\/div>\r\n    \n        \t<\/div>\r\n<\/div>\r\n    \n\n<div  class=\"keblk keblk-v-align-top keblock-section-lame responsive is-padded bg-none \"   style=\"\"  id=\"\">\r\n\t\r\n\t\t<div class=\"block-content\">\r\n                    \n\n<div class=\"wp-block-columns is-layout-flex wp-container-core-columns-is-layout-9d6595d7 wp-block-columns-is-layout-flex\">\n<div class=\"wp-block-column is-vertically-aligned-center is-layout-flow wp-block-column-is-layout-flow\">\n<figure class=\"wp-block-image size-large\"><img decoding=\"async\" width=\"683\" height=\"1024\" src=\"https:\/\/www.certifer.eu\/wp-content\/uploads\/2024\/05\/CH6I4494_424-683x1024.jpg\" alt=\"\" class=\"wp-image-7380\" style=\"aspect-ratio:4\/3;object-fit:cover\" srcset=\"https:\/\/www.certifer.eu\/wp-content\/uploads\/2024\/05\/CH6I4494_424-683x1024.jpg 683w, https:\/\/www.certifer.eu\/wp-content\/uploads\/2024\/05\/CH6I4494_424-200x300.jpg 200w, https:\/\/www.certifer.eu\/wp-content\/uploads\/2024\/05\/CH6I4494_424-768x1152.jpg 768w, https:\/\/www.certifer.eu\/wp-content\/uploads\/2024\/05\/CH6I4494_424-1024x1536.jpg 1024w, https:\/\/www.certifer.eu\/wp-content\/uploads\/2024\/05\/CH6I4494_424.jpg 1280w\" sizes=\"(max-width: 683px) 100vw, 683px\" \/><\/figure>\n<\/div>\n\n\n\n<div class=\"wp-block-column is-vertically-aligned-center is-layout-flow wp-block-column-is-layout-flow\"><div  class=\"keblk keblk-v-align-top keblock-text\" >\r\n\t\r\n\t\t\r\n\t<div class=\"block-content\">\t\r\n\t\n\n<h2 class=\"wp-block-heading\">CERTIFER sar\u00e0 presente a Innotrans<\/h2>\n\n\n\n<p>&#8220;Rendez-vous&#8221; dal <strong>24 fino al 27 Septembre<\/strong> 2024. Avremo uno stand per accompagnarti in tutti i tuoi progetti come <a href=\"https:\/\/www.certifer.eu\/the-certifer-group\/who-we-are\/\" target=\"_blank\" rel=\"noreferrer noopener\">esperto di mobilit\u00e0 dal 1997<\/a> e  <strong>leader nella certificazione ferroviaria<\/strong>.<\/p>\n\n\n\n<p>Gli esperti CERTIFER, insieme al nostro partner <a href=\"https:\/\/tryandcert.eu\/trycert-is-participating-in-innotrans-2024\/\" target=\"_blank\" rel=\"noreferrer noopener\">Try&amp;C<\/a><a href=\"https:\/\/tryandcert.eu\/\" target=\"_blank\" rel=\"noreferrer noopener\">ert<\/a> &#8211; specializzato nella prova, perizia e valutazione indipendente di componenti ferroviari e sistemi di segnalamento &#8211; saranno lieti di incontrarti per questa edizione 2024 di Innotrans.<\/p>\n\n\n\n<p><\/p>\n\n\n<div  class=\"keblk keblk-v-align-top keblock-bouton plein\" >\r\n\t\r\n\t\t\r\n\t<div class=\"block-content\">\t\r\n\t\t<a href=\"https:\/\/tryandcert.eu\/\" target=\"_blank\" class=\"uibt plein blue\">\r\n\t\t<span class=\"bt-content\">More about Try&#038;Cert<\/span>\r\n\t\t<span class=\"bt-picto\"><\/span>\r\n\t<\/a>\r\n\t\t<\/div>\r\n<\/div>\r\n    \n\r\n\t<\/div>\r\n<\/div>\r\n    <\/div>\n<\/div>\n\n        \t<\/div>\r\n<\/div>\r\n    \n\n<div  class=\"keblk keblk-v-align-top keblock-section-lame responsive is-padded bg-none \"   style=\"\"  id=\"\">\r\n\t\r\n\t\t<div class=\"block-content\">\r\n                    \n<div  class=\"keblk keblk-v-align-top keblock-text\" >\r\n\t\r\n\t\t\r\n\t<div class=\"block-content\">\t\r\n\t\n\n<h2 class=\"wp-block-heading\">Codividere momenti insieme<\/h2>\n\n\r\n\t<\/div>\r\n<\/div>\r\n    \n\n<div  class=\"keblk blkuid-16 keblk-v-align-top keblock-section-lame-multicol fullwidth   bg-none nbcol-4\"   style=\"\"  >\r\n\r\n\t\t<div class=\"block-content\">\r\n\t    \n<div  class=\"keblk keblk-v-align-top keblock-conteneur\"   style=\"padding:0px\"  >\r\n\t\r\n\t\t\r\n\t<div class=\"block-content\">\t\r\n\t\n<div  class=\"keblk keblk-v-align-center keblock-rectangle-encadre\" >\r\n\t\r\n\t\t\r\n    \t<div class=\"blk_rectangle_encadre\">\r\n\t\t\t\t\t\t\t<div class=\"wrap-title\"><p><img decoding=\"async\" class=\"alignnone size-medium wp-image-8705\" src=\"https:\/\/www.certifer.eu\/wp-content\/uploads\/2024\/08\/sans-LEF22-1-300x225.jpg\" alt=\"\" width=\"300\" height=\"225\" srcset=\"https:\/\/www.certifer.eu\/wp-content\/uploads\/2024\/08\/sans-LEF22-1-300x225.jpg 300w, https:\/\/www.certifer.eu\/wp-content\/uploads\/2024\/08\/sans-LEF22-1-1024x768.jpg 1024w, https:\/\/www.certifer.eu\/wp-content\/uploads\/2024\/08\/sans-LEF22-1-768x576.jpg 768w, https:\/\/www.certifer.eu\/wp-content\/uploads\/2024\/08\/sans-LEF22-1-1536x1152.jpg 1536w, https:\/\/www.certifer.eu\/wp-content\/uploads\/2024\/08\/sans-LEF22-1.jpg 1920w\" sizes=\"(max-width: 300px) 100vw, 300px\" \/><\/p>\n<h3>Simulatore Try&amp;Cert<\/h3>\n<\/div>\r\n\t\t\t\t\t\t\t<div class=\"wrap-text\"><h4>Disponibile tutta la settimana<\/h4>\n<p data-sourcepos=\"3:1-3:67\">Prendi il controllo di un vero simulatore di guida ferroviaria!<\/p>\n<p data-sourcepos=\"5:1-5:45\">Accompagnato dagli esperti di Try &amp; Cert, potrai scoprire questo strumento high-tech, potenziato dall&#8217;intelligenza artificiale, che ti offrir\u00e0 un&#8217;esperienza immersiva unica.<\/p>\n<\/div>\r\n\t\t\t\t\t<\/div>\r\n\t<\/div>\r\n    \n\r\n\t<\/div>\r\n<\/div>\r\n    \n\n<div  class=\"keblk keblk-v-align-top keblock-conteneur\"   style=\"padding:0px\"  >\r\n\t\r\n\t\t\r\n\t<div class=\"block-content\">\t\r\n\t\n<div  class=\"keblk keblk-v-align-center keblock-rectangle-encadre\" >\r\n\t\r\n\t\t\r\n    \t<div class=\"blk_rectangle_encadre\">\r\n\t\t\t\t\t\t\t<div class=\"wrap-title\"><h3><img decoding=\"async\" class=\"alignnone size-medium wp-image-8472\" src=\"https:\/\/www.certifer.eu\/wp-content\/uploads\/2024\/07\/content-300x225.jpg\" alt=\"\" width=\"300\" height=\"225\" srcset=\"https:\/\/www.certifer.eu\/wp-content\/uploads\/2024\/07\/content-300x225.jpg 300w, https:\/\/www.certifer.eu\/wp-content\/uploads\/2024\/07\/content-1024x768.jpg 1024w, https:\/\/www.certifer.eu\/wp-content\/uploads\/2024\/07\/content-768x576.jpg 768w, https:\/\/www.certifer.eu\/wp-content\/uploads\/2024\/07\/content-1536x1152.jpg 1536w, https:\/\/www.certifer.eu\/wp-content\/uploads\/2024\/07\/content.jpg 1766w\" sizes=\"(max-width: 300px) 100vw, 300px\" \/><\/h3>\n<h3>Colazione francese<\/h3>\n<\/div>\r\n\t\t\t\t\t\t\t<div class=\"wrap-text\"><h4>Marted\u00ec 24 Settembre<\/h4>\n<h4><em>&#8211; Ore 10<\/em><\/h4>\n<p>Trascorri del tempo di qualit\u00e0 con i nostri team, accompagnati da caff\u00e8, dolci francesi e succo di frutta fresca!<\/p>\n<\/div>\r\n\t\t\t\t\t<\/div>\r\n\t<\/div>\r\n    \n\r\n\t<\/div>\r\n<\/div>\r\n    \n\n<div  class=\"keblk keblk-v-align-top keblock-conteneur\"   style=\"padding:0px\"  >\r\n\t\r\n\t\t\r\n\t<div class=\"block-content\">\t\r\n\t\n<div  class=\"keblk keblk-v-align-center keblock-rectangle-encadre\" >\r\n\t\r\n\t\t\r\n    \t<div class=\"blk_rectangle_encadre\">\r\n\t\t\t\t\t\t\t<div class=\"wrap-title\"><h3><\/h3>\n<h3><img decoding=\"async\" class=\"alignnone size-full wp-image-8482\" src=\"https:\/\/www.certifer.eu\/wp-content\/uploads\/2024\/07\/content2.jpg\" alt=\"\" width=\"300\" height=\"225\" \/><\/h3>\n<h3><span class=\"ui-provider a b c d e f g h i j k l m n o p q r s t u v w x y z ab ac ae af ag ah ai aj ak\" dir=\"ltr\">Brotzeit Tedesca<\/span><\/h3>\n<\/div>\r\n\t\t\t\t\t\t\t<div class=\"wrap-text\"><h4>Gioved\u00ec 26 Settembre<\/h4>\n<h4><em>&#8211; ore 17<\/em><\/h4>\n<p>Assaggia dei Bretzel, delle birre leggere e condividi momenti di amicizia con il team CERTIFER!<\/p>\n<\/div>\r\n\t\t\t\t\t<\/div>\r\n\t<\/div>\r\n    \n\r\n\t<\/div>\r\n<\/div>\r\n    \n\n<div  class=\"keblk keblk-v-align-top keblock-conteneur\"   style=\"padding:0px\"  >\r\n\t\r\n\t\t\r\n\t<div class=\"block-content\">\t\r\n\t\n<div  class=\"keblk keblk-v-align-center keblock-rectangle-encadre\" >\r\n\t\r\n\t\t\r\n    \t<div class=\"blk_rectangle_encadre\">\r\n\t\t\t\t\t\t\t<div class=\"wrap-title\"><h3><img decoding=\"async\" class=\"alignnone size-medium wp-image-8489\" src=\"https:\/\/www.certifer.eu\/wp-content\/uploads\/2024\/07\/content-cyber-300x225.jpg\" alt=\"\" width=\"300\" height=\"225\" srcset=\"https:\/\/www.certifer.eu\/wp-content\/uploads\/2024\/07\/content-cyber-300x225.jpg 300w, https:\/\/www.certifer.eu\/wp-content\/uploads\/2024\/07\/content-cyber-1024x768.jpg 1024w, https:\/\/www.certifer.eu\/wp-content\/uploads\/2024\/07\/content-cyber-768x576.jpg 768w, https:\/\/www.certifer.eu\/wp-content\/uploads\/2024\/07\/content-cyber-1536x1152.jpg 1536w, https:\/\/www.certifer.eu\/wp-content\/uploads\/2024\/07\/content-cyber.jpg 1920w\" sizes=\"(max-width: 300px) 100vw, 300px\" \/>Conferenza Cyber-security<\/h3>\n<\/div>\r\n\t\t\t\t\t\t\t<div class=\"wrap-text\"><h4>Tutti i giorni<\/h4>\n<h4><em>&#8211; ore 11 (Germania) &amp; 14 (Inglese)<\/em><\/h4>\n<p>by <a href=\"https:\/\/www.linkedin.com\/in\/jens-hamma-63b215\" target=\"_blank\" rel=\"noopener\">Jens Hamma<\/a><\/p>\n<p>Direttore Tecnico per CERTIFER in Germania che ti presenter\u00e0 le implicazioni della direttiva NIS2 per gli Imprenditori Ferroviari e i Gestori di Infrastrutture.<\/p>\n<\/div>\r\n\t\t\t\t\t<\/div>\r\n\t<\/div>\r\n    \n\r\n\t<\/div>\r\n<\/div>\r\n    \n\r\n\t<\/div>\r\n<\/div>\r\n    \n        \t<\/div>\r\n<\/div>\r\n    \n\n<div  class=\"keblk keblk-v-align-top keblock-section-lame responsive is-padded bg-none \"   style=\"\"  id=\"\">\r\n\t\r\n\t\t<div class=\"block-content\">\r\n                    \n\n<div class=\"wp-block-columns is-layout-flex wp-container-core-columns-is-layout-9d6595d7 wp-block-columns-is-layout-flex\">\n<div class=\"wp-block-column is-vertically-aligned-center is-layout-flow wp-block-column-is-layout-flow\"><div  class=\"keblk keblk-v-align-top keblock-text\" >\r\n\t\r\n\t\t\r\n\t<div class=\"block-content\">\t\r\n\t\n\n<h2 class=\"wp-block-heading\">Richiedi un incontro<\/h2>\n\n\n\n<p>Innotrans \u00e8 una grande opportunit\u00e0  <strong>per trascorrere del tempo con i nostri esperti di mobilit\u00e0!<\/strong><\/p>\n\n\n\n<p><strong>Richiedi ora un incontro<\/strong> con uno dei nostri colleghi utilizzando Innotrans Plus, lo strumento gratuito ufficiale di incontro offerto da Innotrans!<\/p>\n\n\n<div  class=\"keblk keblk-v-align-top keblock-bouton filaire\" >\r\n\t\r\n\t\t\r\n\t<div class=\"block-content\">\t\r\n\t\t<a href=\"https:\/\/plus.innotrans.de\/company\/CERTIFER--1007261\" target=\"_blank\" class=\"uibt filaire blue\">\r\n\t\t<span class=\"bt-content\">ACCESS INNOTRANS PLUS<\/span>\r\n\t\t<span class=\"bt-picto\"><\/span>\r\n\t<\/a>\r\n\t\t<\/div>\r\n<\/div>\r\n    \n\r\n\t<\/div>\r\n<\/div>\r\n    <\/div>\n\n\n\n<div class=\"wp-block-column is-vertically-aligned-center is-layout-flow wp-block-column-is-layout-flow\">\n<figure class=\"wp-block-image size-large\"><img decoding=\"async\" width=\"1024\" height=\"768\" src=\"https:\/\/www.certifer.eu\/wp-content\/uploads\/2024\/06\/20220920_093019-1024x768.jpg\" alt=\"\" class=\"wp-image-7885\" style=\"aspect-ratio:4\/3;object-fit:cover\" srcset=\"https:\/\/www.certifer.eu\/wp-content\/uploads\/2024\/06\/20220920_093019-1024x768.jpg 1024w, https:\/\/www.certifer.eu\/wp-content\/uploads\/2024\/06\/20220920_093019-300x225.jpg 300w, https:\/\/www.certifer.eu\/wp-content\/uploads\/2024\/06\/20220920_093019-768x576.jpg 768w, https:\/\/www.certifer.eu\/wp-content\/uploads\/2024\/06\/20220920_093019-1536x1152.jpg 1536w, https:\/\/www.certifer.eu\/wp-content\/uploads\/2024\/06\/20220920_093019.jpg 1920w\" sizes=\"(max-width: 1024px) 100vw, 1024px\" \/><\/figure>\n<\/div>\n<\/div>\n\n        \t<\/div>\r\n<\/div>\r\n    \n\n<div  class=\"keblk keblk-v-align-top keblock-section-lame responsive is-semi-padded bg-color  bg-color-blue\"   style=\"\"  id=\"\">\r\n\t\r\n\t\t<div class=\"block-content\">\r\n                    \n\n<div class=\"wp-block-columns is-layout-flex wp-container-core-columns-is-layout-9d6595d7 wp-block-columns-is-layout-flex\">\n<div class=\"wp-block-column is-vertically-aligned-center is-layout-flow wp-block-column-is-layout-flow\"><div  class=\"keblk keblk-v-align-top keblock-text\" >\r\n\t\r\n\t\t\r\n\t<div class=\"block-content\">\t\r\n\t\n\n<h2 class=\"wp-block-heading has-text-align-center\">Incontra CERTIFER ad Innotrans<\/h2>\n\n\r\n\t<\/div>\r\n<\/div>\r\n    <\/div>\n<\/div>\n\n\n<div  class=\"keblk blkuid-25 keblk-v-align-top keblock-section-lame-multicol responsive is-semi-padded with-separators bg-none nbcol-3\"   style=\"\"  >\r\n\r\n\t\t<div class=\"block-content\">\r\n\t    \n<div  class=\"keblk keblk-v-align-top keblock-conteneur\"   style=\"padding:0px\"  >\r\n\t\r\n\t\t\r\n\t<div class=\"block-content\">\t\r\n\t\n\n<p class=\"has-text-align-center\">Settembre 2024<\/p>\n\n\n\n<p class=\"has-text-align-center texte-ombre style-2\">24-27<\/p>\n\n\r\n\t<\/div>\r\n<\/div>\r\n    \n\n<div  class=\"keblk keblk-v-align-top keblock-conteneur\"   style=\"padding:0px\"  >\r\n\t\r\n\t\t\r\n\t<div class=\"block-content\">\t\r\n\t\n\n<p class=\"has-text-align-center\">HALL<\/p>\n\n\n\n<p class=\"has-text-align-center texte-ombre style-2\">A<\/p>\n\n\r\n\t<\/div>\r\n<\/div>\r\n    \n\n<div  class=\"keblk keblk-v-align-top keblock-conteneur\"   style=\"padding:0px\"  >\r\n\t\r\n\t\t\r\n\t<div class=\"block-content\">\t\r\n\t\n\n<p class=\"has-text-align-center\">STAND<\/p>\n\n\n\n<p class=\"has-text-align-center texte-ombre style-2\">835<\/p>\n\n\r\n\t<\/div>\r\n<\/div>\r\n    \n\r\n\t<\/div>\r\n<\/div>\r\n    \n        \t<\/div>\r\n<\/div>\r\n    \n\n\n<h2 class=\"wp-block-heading\"><\/h2>\n\n\n<div  class=\"keblk keblk-v-align-top keblock-section-lame responsive is-padded bg-none  sep_top\"   style=\"\"  id=\"\">\r\n\t\r\n\t\t<div class=\"block-content\">\r\n                    \n\n<h2 class=\"wp-block-heading\">About CERTIFER<\/h2>\n\n\n\n<p>CERTIFER \u00e8 una societ\u00e0 francese fondata nel 1997. Noi di CERTIFER siamo specialisti ferroviari, e lo siamo da quasi 30 anni. La nostra specializzazione \u00e8 il nostro punto di forza, garantendo un supporto all&#8217;avanguardia nell&#8217;innovazione e una conoscenza approfondita e costantemente aggiornata dei quadri normativi.<\/p>\n\n\n\n<p>Offriamo un insieme completo di servizi di <a href=\"https:\/\/www.certifer.eu\/our-services\/advisory\/\">consulenza <\/a>da un lato e di <a href=\"https:\/\/www.certifer.eu\/our-services\/testing-activities\/\" target=\"_blank\" rel=\"noreferrer noopener\">test<\/a>, <a href=\"https:\/\/www.certifer.eu\/our-services\/inspection-certification\/\" target=\"_blank\" rel=\"noreferrer noopener\">inspezione e certificazione<\/a> dall&#8217;altro, per aiutare gestori di infrastrutture, operatori, appaltatori e fornitori a comprendere il quadro normativo e dimostrare la conformit\u00e0 del loro prodotto, sottosistema o progetto ai requisiti applicabili.<\/p>\n\n\n\n<p><strong>Hai un progetto di mobilit\u00e0?<\/strong><\/p>\n\n\n\n<p><\/p>\n\n\n<div  class=\"keblk keblk-v-align-top keblock-bouton plein\" >\r\n\t\r\n\t\t\r\n\t<div class=\"block-content\">\t\r\n\t\t<a href=\"https:\/\/www.certifer.eu\/contact\/\" target=\"\" class=\"uibt plein blue\">\r\n\t\t<span class=\"bt-content\">Contact us<\/span>\r\n\t\t<span class=\"bt-picto\"><\/span>\r\n\t<\/a>\r\n\t\t<\/div>\r\n<\/div>\r\n    \n        \t<\/div>\r\n<\/div>\r\n    ","protected":false},"excerpt":{"rendered":"","protected":false},"author":5,"featured_media":0,"parent":0,"menu_order":0,"comment_status":"closed","ping_status":"closed","template":"template-page-activite.php","meta":{"_acf_changed":false,"inline_featured_image":false,"footnotes":""},"class_list":["post-8800","page","type-page","status-publish","hentry"],"acf":[],"_links":{"self":[{"href":"https:\/\/www.certifer.eu\/it\/wp-json\/wp\/v2\/pages\/8800","targetHints":{"allow":["GET"]}}],"collection":[{"href":"https:\/\/www.certifer.eu\/it\/wp-json\/wp\/v2\/pages"}],"about":[{"href":"https:\/\/www.certifer.eu\/it\/wp-json\/wp\/v2\/types\/page"}],"author":[{"embeddable":true,"href":"https:\/\/www.certifer.eu\/it\/wp-json\/wp\/v2\/users\/5"}],"replies":[{"embeddable":true,"href":"https:\/\/www.certifer.eu\/it\/wp-json\/wp\/v2\/comments?post=8800"}],"version-history":[{"count":3,"href":"https:\/\/www.certifer.eu\/it\/wp-json\/wp\/v2\/pages\/8800\/revisions"}],"predecessor-version":[{"id":8821,"href":"https:\/\/www.certifer.eu\/it\/wp-json\/wp\/v2\/pages\/8800\/revisions\/8821"}],"wp:attachment":[{"href":"https:\/\/www.certifer.eu\/it\/wp-json\/wp\/v2\/media?parent=8800"}],"curies":[{"name":"wp","href":"https:\/\/api.w.org\/{rel}","templated":true}]}}