{"id":8814,"date":"2023-11-03T16:32:23","date_gmt":"2023-11-03T15:32:23","guid":{"rendered":"https:\/\/www.certifer.eu\/?page_id=8814"},"modified":"2024-10-17T12:59:00","modified_gmt":"2024-10-17T10:59:00","slug":"chi-siamo","status":"publish","type":"page","link":"https:\/\/www.certifer.eu\/it\/informazioni-su-certifer\/chi-siamo\/","title":{"rendered":"Chi siamo?"},"content":{"rendered":"<div  class=\"keblk keblk-v-align-top keblock-section-lame responsive is-padded bg-none \"   style=\"\"  id=\"\">\r\n\t\r\n\t\t<div class=\"block-content\">\r\n                    \n<div  class=\"keblk keblk-v-align-top keblock-text\" >\r\n\t\r\n\t\t\r\n\t<div class=\"block-content\">\t\r\n\t\n\n<h2 class=\"wp-block-heading\">CERTIFER \u00e8 un&#8217;azienda esperta nel settore ferroviario da oltre 25 anni.<\/h2>\n\n\n\n<p>CERTIFER \u00e8 una societ\u00e0 fondata nel 1997. Noi di <strong>CERTIFER siamo specialisti ferroviari<\/strong>, e lo siamo da quasi <strong>30 anni<\/strong>. La nostra specializzazione \u00e8 il nostro punto di forza, garantendo un supporto all&#8217;avanguardia nell&#8217;innovazione e una conoscenza approfondita e costantemente aggiornata dei quadri normativi.<\/p>\n\n\r\n\t<\/div>\r\n<\/div>\r\n    \n        \t<\/div>\r\n<\/div>\r\n    \n\n<div  class=\"keblk keblk-v-align-top keblock-section-lame responsive is-padded bg-none \"   style=\"\"  id=\"\">\r\n\t\r\n\t\t<div class=\"block-content\">\r\n                    \n\n<div class=\"wp-block-columns is-layout-flex wp-container-core-columns-is-layout-9d6595d7 wp-block-columns-is-layout-flex\">\n<div class=\"wp-block-column is-vertically-aligned-center is-layout-flow wp-block-column-is-layout-flow\"><div  class=\"keblk keblk-v-align-top keblock-multimedia type-montage\" >\r\n\t\r\n\t\t<div class=\"block-content\"  style=\"aspect-ratio:16\/9\" >\t\r\n        <div class=\"visu-bg\" style=\"\"><\/div>\r\n\t\t<!-- CONTENT -->\r\n\t\t            \t\t\t\t\r\n\t\t\t\t<div class=\"montage-media nbimg-3\"><img decoding=\"async\" src=\"https:\/\/www.certifer.eu\/wp-content\/uploads\/2023\/10\/IMG-Railway-1024x640.jpg\" class=\"imgcell img-1\" style=\"aspect-ratio:16\/9\"><img decoding=\"async\" src=\"https:\/\/www.certifer.eu\/wp-content\/uploads\/2023\/10\/IMG-Urban-1024x640.jpg\" class=\"imgcell img-2\" style=\"aspect-ratio:16\/9\"><img decoding=\"async\" src=\"https:\/\/www.certifer.eu\/wp-content\/uploads\/2023\/10\/IMG_Special-Equipments03-1024x640.jpg\" class=\"imgcell img-3\" style=\"aspect-ratio:16\/9\"><\/div>\r\n\t\t\r\n\t<\/div>\r\n<\/div>\r\n    <\/div>\n\n\n\n<div class=\"wp-block-column is-vertically-aligned-center is-layout-flow wp-block-column-is-layout-flow\"><div  class=\"keblk keblk-v-align-top keblock-text\" >\r\n\t\r\n\t\t\r\n\t<div class=\"block-content\">\t\r\n\t\n\n<h2 class=\"wp-block-heading\">I nostri mercati<\/h2>\n\n\n\n<p>Operiamo nel settore del trasporto guidato a terra (treni, tram, metropolitane, veicoli autonomi, ecc.); possiamo inoltre aiutarti a certificare le tue attrezzature per pali, sollevamento e mezzi di sollevamento.<\/p>\n\n\r\n\t<\/div>\r\n<\/div>\r\n    <\/div>\n<\/div>\n\n        \t<\/div>\r\n<\/div>\r\n    \n\n<div  class=\"keblk keblk-v-align-top keblock-section-lame responsive is-padded bg-none \"   style=\"\"  id=\"\">\r\n\t\r\n\t\t<div class=\"block-content\">\r\n                    \n\n<h2 class=\"wp-block-heading\">Mission di CERTIFER <\/h2>\n\n\n\n<p>Per aiutarvi a superare le crescenti sfide in termini di qualit\u00e0, sicurezza e sviluppo sostenibile per tutte le vostre esigenze di mobilit\u00e0.<\/p>\n\n\n\n<p><\/p>\n\n\n\n<p>I nostri <strong>300 dipendenti <\/strong>e <strong>500 esperti<\/strong>, che lavorano in tutto il mondo, vi guideranno nel controllo dei rischi, garantendo la conformit\u00e0 alle normative in continua evoluzione e in tutti i vostri progetti innovativi.<\/p>\n\n        \t<\/div>\r\n<\/div>\r\n    \n\n<div  class=\"keblk blkuid-16 keblk-v-align-top keblock-section-lame-multicol responsive is-semi-padded  bg-none nbcol-4\"   style=\"\"  >\r\n\r\n\t\t<div class=\"block-content\">\r\n\t    \n<div  class=\"keblk keblk-v-align-top keblock-conteneur\"   style=\"padding:0px\"  >\r\n\t\r\n\t\t\r\n\t<div class=\"block-content\">\t\r\n\t\n<div  class=\"keblk keblk-v-align-top keblock-rectangle-encadre\" >\r\n\t\r\n\t\t\r\n    \t<div class=\"blk_rectangle_encadre\">\r\n\t\t\t\t\t<div class=\"wrap-picto\">\r\n\t\t\t\t<div class=\"picto\" style=\"background-image:url('https:\/\/www.certifer.eu\/wp-content\/uploads\/2023\/11\/svg-rail01.svg');\"><\/div>\r\n\t\t\t<\/div>\r\n\t\t\t\t\t\t\t<div class=\"wrap-title\"><p><span class=\"keb-headings style-2\">25+<\/span><\/p>\n<\/div>\r\n\t\t\t\t\t\t\t<div class=\"wrap-text\"><p>Anni di esperienza<\/p>\n<\/div>\r\n\t\t\t\t\t<\/div>\r\n\t<\/div>\r\n    \n\r\n\t<\/div>\r\n<\/div>\r\n    \n\n<div  class=\"keblk keblk-v-align-top keblock-conteneur\"   style=\"padding:0px\"  >\r\n\t\r\n\t\t\r\n\t<div class=\"block-content\">\t\r\n\t\n<div  class=\"keblk keblk-v-align-top keblock-rectangle-encadre\" >\r\n\t\r\n\t\t\r\n    \t<div class=\"blk_rectangle_encadre\">\r\n\t\t\t\t\t<div class=\"wrap-picto\">\r\n\t\t\t\t<div class=\"picto\" style=\"background-image:url('https:\/\/www.certifer.eu\/wp-content\/uploads\/2023\/11\/svg-map01.svg');\"><\/div>\r\n\t\t\t<\/div>\r\n\t\t\t\t\t\t\t<div class=\"wrap-title\"><p><span class=\"keb-headings style-2\">50+<\/span><\/p>\n<\/div>\r\n\t\t\t\t\t\t\t<div class=\"wrap-text\"><p>Paesi<\/p>\n<\/div>\r\n\t\t\t\t\t<\/div>\r\n\t<\/div>\r\n    \n\r\n\t<\/div>\r\n<\/div>\r\n    \n\n<div  class=\"keblk keblk-v-align-top keblock-conteneur\"   style=\"padding:0px\"  >\r\n\t\r\n\t\t\r\n\t<div class=\"block-content\">\t\r\n\t\n<div  class=\"keblk keblk-v-align-top keblock-rectangle-encadre\" >\r\n\t\r\n\t\t\r\n    \t<div class=\"blk_rectangle_encadre\">\r\n\t\t\t\t\t<div class=\"wrap-picto\">\r\n\t\t\t\t<div class=\"picto\" style=\"background-image:url('https:\/\/www.certifer.eu\/wp-content\/uploads\/2023\/10\/svg-value01.svg');\"><\/div>\r\n\t\t\t<\/div>\r\n\t\t\t\t\t\t\t<div class=\"wrap-title\"><p><span class=\"keb-headings style-2\">300<\/span><\/p>\n<\/div>\r\n\t\t\t\t\t\t\t<div class=\"wrap-text\"><p>Dipendenti in tutto il mondo<\/p>\n<\/div>\r\n\t\t\t\t\t<\/div>\r\n\t<\/div>\r\n    \n\r\n\t<\/div>\r\n<\/div>\r\n    \n\n<div  class=\"keblk keblk-v-align-top keblock-conteneur\"   style=\"padding:0px\"  >\r\n\t\r\n\t\t\r\n\t<div class=\"block-content\">\t\r\n\t\n<div  class=\"keblk keblk-v-align-top keblock-rectangle-encadre\" >\r\n\t\r\n\t\t\r\n    \t<div class=\"blk_rectangle_encadre\">\r\n\t\t\t\t\t<div class=\"wrap-picto\">\r\n\t\t\t\t<div class=\"picto\" style=\"background-image:url('https:\/\/www.certifer.eu\/wp-content\/uploads\/2023\/11\/svg-expert01.svg');\"><\/div>\r\n\t\t\t<\/div>\r\n\t\t\t\t\t\t\t<div class=\"wrap-title\"><p><span class=\"keb-headings style-2\">500<\/span><\/p>\n<\/div>\r\n\t\t\t\t\t\t\t<div class=\"wrap-text\"><p>Esperti in tutti i settori della mobilit\u00e0<\/p>\n<\/div>\r\n\t\t\t\t\t<\/div>\r\n\t<\/div>\r\n    \n\r\n\t<\/div>\r\n<\/div>\r\n    \n\r\n\t<\/div>\r\n<\/div>\r\n    \n\n<div  class=\"keblk keblk-v-align-top keblock-section-lame responsive is-padded bg-none \"   style=\"\"  id=\"\">\r\n\t\r\n\t\t<div class=\"block-content\">\r\n                    \n\n<div class=\"wp-block-columns is-layout-flex wp-container-core-columns-is-layout-9d6595d7 wp-block-columns-is-layout-flex\">\n<div class=\"wp-block-column is-vertically-aligned-center is-layout-flow wp-block-column-is-layout-flow\"><div  class=\"keblk keblk-v-align-top keblock-text\" >\r\n\t\r\n\t\t\r\n\t<div class=\"block-content\">\t\r\n\t\n\n<h2 class=\"wp-block-heading\">I nostri azionisti<\/h2>\n\n\n\n<p><strong>Il 70% del nostro capitale \u00e8 detenuto da <a href=\"https:\/\/www.apave.com\" target=\"_blank\" rel=\"noreferrer noopener\">Apave<\/a><\/strong>, una societ\u00e0 specializzata nella valutazione e gestione dei rischi tecnici con pi\u00f9 di 150 anni di esperienza. <strong>30% del capitale \u00e8 detenuto dall&#8217;Associazione CERTIFER<\/strong>, che riunisce SNCF (Ferrovie Francesi), RATP (Paris Transportation Authority), FIF (Association of rail manufacturers), Institut Gustave Eiffel (Ricerca e Universit\u00e0).<\/p>\n\n\n\n<p><\/p>\n\n\n\n<div class=\"wp-block-columns is-layout-flex wp-container-core-columns-is-layout-9d6595d7 wp-block-columns-is-layout-flex\">\n<div class=\"wp-block-column is-layout-flow wp-block-column-is-layout-flow\"><div class=\"wp-block-image\">\n<figure class=\"aligncenter size-large is-resized\"><img decoding=\"async\" width=\"374\" height=\"135\" src=\"https:\/\/www.certifer.eu\/wp-content\/uploads\/2024\/01\/img-Logo_APAVE.svg\" alt=\"\" class=\"wp-image-3333\" style=\"width:250px\"\/><\/figure>\n<\/div><\/div>\n\n\n\n<div class=\"wp-block-column is-layout-flow wp-block-column-is-layout-flow\">\n<figure class=\"wp-block-image size-full\"><img decoding=\"async\" width=\"395\" height=\"128\" src=\"https:\/\/www.certifer.eu\/wp-content\/uploads\/2024\/02\/certifer-ASSO.png\" alt=\"\" class=\"wp-image-5081\" srcset=\"https:\/\/www.certifer.eu\/wp-content\/uploads\/2024\/02\/certifer-ASSO.png 395w, https:\/\/www.certifer.eu\/wp-content\/uploads\/2024\/02\/certifer-ASSO-300x97.png 300w\" sizes=\"(max-width: 395px) 100vw, 395px\" \/><\/figure>\n<\/div>\n<\/div>\n\n\r\n\t<\/div>\r\n<\/div>\r\n    <\/div>\n\n\n\n<div class=\"wp-block-column is-vertically-aligned-center is-layout-flow wp-block-column-is-layout-flow\"><div  class=\"keblk keblk-v-align-top keblock-multimedia type-img\" >\r\n\t\r\n\t\t<div class=\"block-content\"  style=\"aspect-ratio:16\/9\" >\t\r\n        <div class=\"visu-bg\" style=\"background-image:url('https:\/\/www.certifer.eu\/wp-content\/uploads\/2023\/10\/Rolling-stock05.jpg');\"><\/div>\r\n\t\t<!-- CONTENT -->\r\n\t\t            \t\t\t\t\r\n\t\t\r\n\t<\/div>\r\n<\/div>\r\n    <\/div>\n<\/div>\n\n        \t<\/div>\r\n<\/div>\r\n    \n\n<div  class=\"keblk keblk-v-align-top keblock-section-lame responsive is-padded bg-none \"   style=\"\"  id=\"\">\r\n\t\r\n\t\t<div class=\"block-content\">\r\n                    \n<div  class=\"keblk keblk-v-align-top keblock-text padded bg-color bg-color-degrade-bv\" >\r\n\t\r\n\t\t\r\n\t<div class=\"block-content\">\t\r\n\t\n\n<h2 class=\"wp-block-heading has-text-align-center has-white-color has-text-color\">Le nostre Business Units<\/h2>\n\n\n\n<p class=\"has-text-align-center has-white-color has-text-color\">Il Gruppo CERTIFER \u00e8 presente in tutti i continenti ed \u00e8 strutturato in due Business Unit:<\/p>\n\n\r\n\t<\/div>\r\n<\/div>\r\n    \n\n<div  class=\"keblk blkuid-25 keblk-v-align-top keblock-section-lame-multicol fullwidth   bg-none nbcol-2\"   style=\"\"  >\r\n\r\n\t\t<div class=\"block-content\">\r\n\t    \n<div  class=\"keblk keblk-v-align-top keblock-conteneur\"   style=\"padding:0px\"  >\r\n\t\r\n\t\t\r\n\t<div class=\"block-content\">\t\r\n\t\n<div  class=\"keblk keblk-v-align-top keblock-rectangle-encadre\" >\r\n\t\r\n\t\t\r\n    \t<div class=\"blk_rectangle_encadre\">\r\n\t\t\t\t\t<div class=\"wrap-picto\">\r\n\t\t\t\t<div class=\"picto\" style=\"background-image:url('https:\/\/www.certifer.eu\/wp-content\/uploads\/2023\/11\/CERTIFER-LOGO_Certifer-TIC.svg');\"><\/div>\r\n\t\t\t<\/div>\r\n\t\t\t\t\t\t\t<div class=\"wrap-title\"><p>Comprende test, ispezioni e certificazioni<\/p>\n<\/div>\r\n\t\t\t\t\t\t\t<div class=\"wrap-text\"><p>Realizziamo questi servizi attingendo ai nostri accreditamenti e a tutti i riconoscimenti che abbiamo sia a livello europeo che nei vari Paesi in cui operiamo.<\/p>\n<\/div>\r\n\t\t\t\t\t<\/div>\r\n\t<\/div>\r\n    \n\r\n\t<\/div>\r\n<\/div>\r\n    \n\n<div  class=\"keblk keblk-v-align-top keblock-conteneur\"   style=\"padding:0px\"  >\r\n\t\r\n\t\t\r\n\t<div class=\"block-content\">\t\r\n\t\n<div  class=\"keblk keblk-v-align-top keblock-rectangle-encadre\" >\r\n\t\r\n\t\t\r\n    \t<div class=\"blk_rectangle_encadre\">\r\n\t\t\t\t\t<div class=\"wrap-picto\">\r\n\t\t\t\t<div class=\"picto\" style=\"background-image:url('https:\/\/www.certifer.eu\/wp-content\/uploads\/2023\/11\/CERTIFER-Solutions_SOLUTIONS.svg');\"><\/div>\r\n\t\t\t<\/div>\r\n\t\t\t\t\t\t\t<div class=\"wrap-title\"><p>Soluzioni su misura per la realizzazione di progetti di successo<\/p>\n<\/div>\r\n\t\t\t\t\t\t\t<div class=\"wrap-text\"><p>Forniamo supporto e consulenza alle aziende del settore ferroviario nella gestione della sicurezza, della conformit\u00e0 normativa e dell&#8217;approvazione dei progetti.<\/p>\n<\/div>\r\n\t\t\t\t\t<\/div>\r\n\t<\/div>\r\n    \n\r\n\t<\/div>\r\n<\/div>\r\n    \n\r\n\t<\/div>\r\n<\/div>\r\n    \n        \t<\/div>\r\n<\/div>\r\n    \n\n<div  class=\"keblk keblk-v-align-top border-top-verte keblock-section-lame responsive is-padded bg-color  bg-color-blue\"   style=\"\"  id=\"\">\r\n\t\r\n\t\t<div class=\"block-content\">\r\n                    \n\n<div class=\"wp-block-columns is-layout-flex wp-container-core-columns-is-layout-9d6595d7 wp-block-columns-is-layout-flex\">\n<div class=\"wp-block-column is-vertically-aligned-center is-layout-flow wp-block-column-is-layout-flow\">\n<h3 class=\"wp-block-heading has-white-color has-text-color\">Scopri l&#8217;Organizzazione del Gruppo CERTIFER <\/h3>\n<\/div>\n\n\n\n<div class=\"wp-block-column is-vertically-aligned-center is-layout-flow wp-block-column-is-layout-flow\"><div  class=\"keblk keblk-h-align-center keblk-v-align-center keblock-bouton plein\" >\r\n\t\r\n\t\t\r\n\t<div class=\"block-content\">\t\r\n\t\t<a href=\"https:\/\/www.certifer.eu\/it\/informazioni-su-certifer\/la-nostra-governance\/\" target=\"\" class=\"uibt plein green\">\r\n\t\t<span class=\"bt-content\">La nostra Governance<\/span>\r\n\t\t<span class=\"bt-picto\"><\/span>\r\n\t<\/a>\r\n\t\t<\/div>\r\n<\/div>\r\n    <\/div>\n<\/div>\n\n        \t<\/div>\r\n<\/div>\r\n    ","protected":false},"excerpt":{"rendered":"","protected":false},"author":5,"featured_media":3091,"parent":8938,"menu_order":0,"comment_status":"closed","ping_status":"closed","template":"template-page-presentation.php","meta":{"_acf_changed":false,"inline_featured_image":false,"footnotes":""},"class_list":["post-8814","page","type-page","status-publish","has-post-thumbnail","hentry"],"acf":[],"_links":{"self":[{"href":"https:\/\/www.certifer.eu\/it\/wp-json\/wp\/v2\/pages\/8814","targetHints":{"allow":["GET"]}}],"collection":[{"href":"https:\/\/www.certifer.eu\/it\/wp-json\/wp\/v2\/pages"}],"about":[{"href":"https:\/\/www.certifer.eu\/it\/wp-json\/wp\/v2\/types\/page"}],"author":[{"embeddable":true,"href":"https:\/\/www.certifer.eu\/it\/wp-json\/wp\/v2\/users\/5"}],"replies":[{"embeddable":true,"href":"https:\/\/www.certifer.eu\/it\/wp-json\/wp\/v2\/comments?post=8814"}],"version-history":[{"count":10,"href":"https:\/\/www.certifer.eu\/it\/wp-json\/wp\/v2\/pages\/8814\/revisions"}],"predecessor-version":[{"id":9304,"href":"https:\/\/www.certifer.eu\/it\/wp-json\/wp\/v2\/pages\/8814\/revisions\/9304"}],"up":[{"embeddable":true,"href":"https:\/\/www.certifer.eu\/it\/wp-json\/wp\/v2\/pages\/8938"}],"wp:featuredmedia":[{"embeddable":true,"href":"https:\/\/www.certifer.eu\/it\/wp-json\/wp\/v2\/media\/3091"}],"wp:attachment":[{"href":"https:\/\/www.certifer.eu\/it\/wp-json\/wp\/v2\/media?parent=8814"}],"curies":[{"name":"wp","href":"https:\/\/api.w.org\/{rel}","templated":true}]}}