{"id":8889,"date":"2023-10-30T11:17:01","date_gmt":"2023-10-30T10:17:01","guid":{"rendered":"https:\/\/www.certifer.eu\/?page_id=8889"},"modified":"2024-09-19T14:44:23","modified_gmt":"2024-09-19T12:44:23","slug":"test","status":"publish","type":"page","link":"https:\/\/www.certifer.eu\/it\/i-nostri-servizi\/test\/","title":{"rendered":"Test"},"content":{"rendered":"<div  class=\"keblk keblk-v-align-top keblock-section-lame responsive is-padded bg-none \"   style=\"\"  id=\"\">\r\n\t\r\n\t\t<div class=\"block-content\">\r\n                    \n<div class=\"wp-block-image\">\n<figure class=\"alignleft size-large is-resized\"><img decoding=\"async\" width=\"670\" height=\"214\" src=\"https:\/\/www.certifer.eu\/wp-content\/uploads\/2023\/11\/CERTIFER-LOGO_Certifer-TIC.svg\" alt=\"\" class=\"wp-image-853\" style=\"width:300px\"\/><\/figure>\n<\/div>\n\n\n<div style=\"height:40px\" aria-hidden=\"true\" class=\"wp-block-spacer\"><\/div>\n\n\n<div  class=\"keblk keblk-v-align-top keblock-text\" >\r\n\t\r\n\t\t\r\n\t<div class=\"block-content\">\t\r\n\t\n\n<h2 class=\"wp-block-heading\">Test &amp; Organizzazione dei Test<\/h2>\n\n\n\n<p>Per ottenere l&#8217;Autorizzazione all&#8217;Immissione in Servizio (AIS), \u00e8 necessario eseguire diversi test per validare il funzionamento nominale del sottosistema in condizioni reali e in interazione con gli altri sottosistemi.<\/p>\n\n\n\n<p>A causa degli impatti multidimensionali sugli aspetti umani, organizzativi e tecnici, l&#8217;attivit\u00e0 di test deve basarsi su una rigorosa organizzazione.<\/p>\n\n\n\n<p>Germania e Belgio offrono una soluzione chiavi in mano dalla valutazione, attraverso l&#8217;organizzazione dei test, fino all&#8217;ottenimento dell&#8217;autorizzazione alla messa in servizio. Nel quadro dell&#8217;organizzazione dei test.<\/p>\n\n\r\n\t<\/div>\r\n<\/div>\r\n    \n        \t<\/div>\r\n<\/div>\r\n    \n\n<div  class=\"keblk keblk-v-align-top keblock-section-lame responsive is-padded bg-none \"   style=\"\"  id=\"\">\r\n\t\r\n\t\t<div class=\"block-content\">\r\n                    \n\n<div class=\"wp-block-columns is-layout-flex wp-container-core-columns-is-layout-9d6595d7 wp-block-columns-is-layout-flex\">\n<div class=\"wp-block-column is-vertically-aligned-center is-layout-flow wp-block-column-is-layout-flow\"><div  class=\"keblk keblk-v-align-top keblock-multimedia type-img\" >\r\n\t\r\n\t\t<div class=\"block-content\"  style=\"aspect-ratio:16\/9\" >\t\r\n        <div class=\"visu-bg\" style=\"background-image:url('https:\/\/www.certifer.eu\/wp-content\/uploads\/2023\/10\/SYS_SRi_DU_1.jpg');\"><\/div>\r\n\t\t<!-- CONTENT -->\r\n\t\t            \t\t\t\t\r\n\t\t\r\n\t<\/div>\r\n<\/div>\r\n    <\/div>\n\n\n\n<div class=\"wp-block-column is-vertically-aligned-center is-layout-flow wp-block-column-is-layout-flow\"><div  class=\"keblk keblk-v-align-top keblock-text\" >\r\n\t\r\n\t\t\r\n\t<div class=\"block-content\">\t\r\n\t\n\n<h3 class=\"wp-block-heading\">Una soluzione chiavi in mano dalla valutazione alla messa in servizio.<\/h3>\n\n\n\n<p>Il nostro team di esperti vi supporter\u00e0 nell&#8217;esecuzione di test, ispezioni e validazioni dei vostri veicoli, dei componenti del veicolo e dei rispettivi software fin dall&#8217;inizio. Testiamo il veicolo e le funzioni di sicurezza direttamente sul vostro veicolo o nel nostro moderno laboratorio di prova.<\/p>\n\n\n\n<p>Inoltre, assumiamo il ruolo di validatore e verificatore indipendente secondo le norme EN 50128:2011 ed EN 50657:2017 per voi nel contesto dello sviluppo del software.<\/p>\n\n\r\n\t<\/div>\r\n<\/div>\r\n    <\/div>\n<\/div>\n\n        \t<\/div>\r\n<\/div>\r\n    \n\n<div  class=\"keblk keblk-v-align-top keblock-section-lame responsive is-padded bg-none \"   style=\"\"  id=\"\">\r\n\t\r\n\t\t<div class=\"block-content\">\r\n                    \n<div  class=\"keblk keblk-v-align-top keblock-bouton filaire\" >\r\n\t\r\n\t\t\r\n\t<div class=\"block-content\">\t\r\n\t\t<a href=\"https:\/\/www.certifer.eu\/our-services\/testing-activities\/testing-and-test-organisation\/\" target=\"\" class=\"uibt filaire blue\">\r\n\t\t<span class=\"bt-content\">Scopri di pi\u00f9<\/span>\r\n\t\t<span class=\"bt-picto\"><\/span>\r\n\t<\/a>\r\n\t\t<\/div>\r\n<\/div>\r\n    \n        \t<\/div>\r\n<\/div>\r\n    \n\n<div  class=\"keblk keblk-v-align-top keblock-section-lame responsive is-padded bg-none \"   style=\"\"  id=\"\">\r\n\t\r\n\t\t<div class=\"block-content\">\r\n                    \n<div  class=\"keblk keblk-v-align-top keblock-text\" >\r\n\t\r\n\t\t\r\n\t<div class=\"block-content\">\t\r\n\t\n\n<h2 class=\"wp-block-heading\">Prove non-distruttive (NDT)<\/h2>\n\n\n\n<p>Per garantire un funzionamento regolare, l\u2019affidabilit\u00e0, la sostenibilit\u00e0 e la qualit\u00e0 delle prestazioni dei materiali, \u00e8 necessario effettuare alcune ispezioni a monte. Il test non distruttivo \u00e8 un metodo di ispezione che consente di rilevare e misurare i difetti nei materiali senza danneggiarli.<\/p>\n\n\r\n\t<\/div>\r\n<\/div>\r\n    \n        \t<\/div>\r\n<\/div>\r\n    \n\n<div  class=\"keblk keblk-v-align-top keblock-section-lame responsive is-padded bg-none invert\"   style=\"\"  id=\"\">\r\n\t\r\n\t\t<div class=\"block-content\">\r\n                    \n\n<div class=\"wp-block-columns is-layout-flex wp-container-core-columns-is-layout-9d6595d7 wp-block-columns-is-layout-flex\">\n<div class=\"wp-block-column is-vertically-aligned-center is-layout-flow wp-block-column-is-layout-flow\"><div  class=\"keblk keblk-v-align-top keblock-text\" >\r\n\t\r\n\t\t\r\n\t<div class=\"block-content\">\t\r\n\t\n\n<h3 class=\"wp-block-heading\">Qual \u00e8 il ruolo degli esperti NDT?<\/h3>\n\n\n\n<p>Il vantaggio del controllo non distruttivo (CND) \u00e8 quello di eseguire ispezioni senza compromettere la funzionalit\u00e0 del componente, consentendone il riutilizzo dopo il nostro processo.<\/p>\n\n\n\n<p>Gli esperti CERTIFER, qualificati dal <strong>livello I <\/strong>al <strong>livello III<\/strong>, sono in grado di identificare e proporre il metodo pi\u00f9 adatto per l\u2019ispezione e la prova, tenendo conto delle caratteristiche del componente, delle specifiche del cliente e delle norme vigenti.<\/p>\n\n\n\n<p>Con una buona conoscenza del settore ferroviario e attrezzature dedicate, CERTIFER esegue misurazioni, test e valutazioni attraverso diversi metodi non distruttivi.<\/p>\n\n\n\n<p>L&#8217;ispezione pu\u00f2 essere eseguita su ruote, assali, guide, saldatura su rotaie, barra di traino, e altre parti dei sistemi ferroviari.<\/p>\n\n\r\n\t<\/div>\r\n<\/div>\r\n    <\/div>\n\n\n\n<div class=\"wp-block-column is-vertically-aligned-center is-layout-flow wp-block-column-is-layout-flow\"><div  class=\"keblk keblk-v-align-top keblock-multimedia type-img\" >\r\n\t\r\n\t\t<div class=\"block-content\"  style=\"aspect-ratio:16\/9\" >\t\r\n        <div class=\"visu-bg\" style=\"background-image:url('https:\/\/www.certifer.eu\/wp-content\/uploads\/2023\/10\/TIA_EYi_TU_1b.jpg');\"><\/div>\r\n\t\t<!-- CONTENT -->\r\n\t\t            \t\t\t\t\r\n\t\t\r\n\t<\/div>\r\n<\/div>\r\n    <\/div>\n<\/div>\n\n        \t<\/div>\r\n<\/div>\r\n    \n\n<div  class=\"keblk keblk-v-align-top keblock-section-lame responsive is-padded bg-none \"   style=\"\"  id=\"\">\r\n\t\r\n\t\t<div class=\"block-content\">\r\n                    \n<div  class=\"keblk keblk-v-align-top keblock-bouton filaire\" >\r\n\t\r\n\t\t\r\n\t<div class=\"block-content\">\t\r\n\t\t<a href=\"https:\/\/www.certifer.eu\/our-services\/testing-activities\/non-destructive-testing\/\" target=\"\" class=\"uibt filaire blue\">\r\n\t\t<span class=\"bt-content\">Scopri di pi\u00f9<\/span>\r\n\t\t<span class=\"bt-picto\"><\/span>\r\n\t<\/a>\r\n\t\t<\/div>\r\n<\/div>\r\n    \n        \t<\/div>\r\n<\/div>\r\n    \n\n<div  class=\"keblk keblk-v-align-top keblock-section-lame responsive is-padded bg-none \"   style=\"\"  id=\"\">\r\n\t\r\n\t\t<div class=\"block-content\">\r\n                    \n<div  class=\"keblk keblk-v-align-top keblock-text\" >\r\n\t\r\n\t\t\r\n\t<div class=\"block-content\">\t\r\n\t\n\n<h2 class=\"wp-block-heading\">TRY&amp;Cert, laboratorio e certificazione ETCS a bordo<\/h2>\n\n\n\n<p>TRY &amp; CERT \u00e8 il frutto della collaborazione tra il Rolling Stock Engineering Center (CIM) di SNCF, che dispone di un laboratorio indipendente per i test ETCS e CERTIFER Group.<\/p>\n\n\n\n<p>Nell\u2019ambito del sottosistema di protezione automatica dei treni installato sul veicolo al fine di controllare i movimenti dei treni basati sul sistema di segnalamento, l\u2019ETCS di bordo garantisce la sicurezza del traffico in conformit\u00e0 del sistema europeo di gestione del traffico ferroviario (ERTMS).<\/p>\n\n\n\n<p>Creata nel 2018, TRY&amp;Cert rappresenta un partner di fiducia per i test, la valutazione e la certificazione dei componenti e dei gruppi di componenti ETCS di bordo.<\/p>\n\n\r\n\t<\/div>\r\n<\/div>\r\n    \n        \t<\/div>\r\n<\/div>\r\n    \n\n<div  class=\"keblk keblk-v-align-top keblock-section-lame responsive is-padded bg-none \"   style=\"\"  id=\"\">\r\n\t\r\n\t\t<div class=\"block-content\">\r\n                    \n\n<div class=\"wp-block-columns is-layout-flex wp-container-core-columns-is-layout-9d6595d7 wp-block-columns-is-layout-flex\">\n<div class=\"wp-block-column is-vertically-aligned-center is-layout-flow wp-block-column-is-layout-flow\"><div  class=\"keblk keblk-v-align-top keblock-multimedia type-img\" >\r\n\t\r\n\t\t<div class=\"block-content\"  style=\"aspect-ratio:16\/9\" >\t\r\n        <div class=\"visu-bg\" style=\"background-image:url('https:\/\/www.certifer.eu\/wp-content\/uploads\/2023\/10\/CORYS-ERTMS-EVC-software-partnership-with-TryandCert-picks-up-speed.webp');\"><\/div>\r\n\t\t<!-- CONTENT -->\r\n\t\t            \t\t\t\t\r\n\t\t\r\n\t<\/div>\r\n<\/div>\r\n    <\/div>\n\n\n\n<div class=\"wp-block-column is-vertically-aligned-center is-layout-flow wp-block-column-is-layout-flow\"><div  class=\"keblk keblk-v-align-top keblock-text\" >\r\n\t\r\n\t\t\r\n\t<div class=\"block-content\">\t\r\n\t\n\n<h3 class=\"wp-block-heading\">Ottimizziamo il vostro progetto<\/h3>\n\n\n\n<p>Il laboratorio ERTMS France\u00ae, accreditato secondo la norma ISO 17025 con nuovi banchi automatici innovativi in grado di elaborare oltre 250,000 variabili al secondo, offre la possibilit\u00e0 di fare affidamento sul forte know-how francese del Rolling Stock Engineering Center (CIM) della SNCF.<\/p>\n\n\n\n<p>Affidandoti a TRY &amp; Cert, potrai trarre vantaggio da pratiche ottimizzate per test e certificazioni grazie a un processo integrato fin dalle prime fasi del progetto.<\/p>\n\n\n\n<p><\/p>\n\n\r\n\t<\/div>\r\n<\/div>\r\n    <\/div>\n<\/div>\n\n        \t<\/div>\r\n<\/div>\r\n    \n\n<div  class=\"keblk keblk-v-align-top keblock-section-lame responsive is-padded bg-none \"   style=\"\"  id=\"\">\r\n\t\r\n\t\t<div class=\"block-content\">\r\n                    \n<div  class=\"keblk keblk-v-align-top keblock-bouton filaire\" >\r\n\t\r\n\t\t\r\n\t<div class=\"block-content\">\t\r\n\t\t<a href=\"https:\/\/www.certifer.eu\/our-services\/testing-activities\/on-board-etcs-laboratory-certification\/\" target=\"\" class=\"uibt filaire blue\">\r\n\t\t<span class=\"bt-content\">Scopri di pi\u00f9<\/span>\r\n\t\t<span class=\"bt-picto\"><\/span>\r\n\t<\/a>\r\n\t\t<\/div>\r\n<\/div>\r\n    \n        \t<\/div>\r\n<\/div>\r\n    \n\n<div  class=\"keblk keblk-v-align-top keblock-section-lame responsive is-padded bg-none \"   style=\"\"  id=\"\">\r\n\t\r\n\t\t<div class=\"block-content\">\r\n                    \n<div  class=\"keblk keblk-v-align-top keblock-text\" >\r\n\t\r\n\t\t\r\n\t<div class=\"block-content\">\t\r\n\t\n\n<h2 class=\"wp-block-heading\">Campagne fuoco&amp;fumi<\/h2>\n\n\n\n<p>La norma Europea (EN 45545-2) e la norma Francese (NF F16-101) forniscono un sistema di classificazione che specifica i requisiti relativi alla reazione al fuoco dei materiali e dei prodotti ferroviari classificandoli in diversi gruppi che devono soddisfare specifici \u201cinsiemi di requisiti\u201d. Le norme includono anche metodi di prova per laboratori.<\/p>\n\n\r\n\t<\/div>\r\n<\/div>\r\n    \n        \t<\/div>\r\n<\/div>\r\n    \n\n<div  class=\"keblk keblk-v-align-top keblock-section-lame responsive is-padded bg-none invert\"   style=\"\"  id=\"\">\r\n\t\r\n\t\t<div class=\"block-content\">\r\n                    \n\n<div class=\"wp-block-columns is-layout-flex wp-container-core-columns-is-layout-9d6595d7 wp-block-columns-is-layout-flex\">\n<div class=\"wp-block-column is-vertically-aligned-center is-layout-flow wp-block-column-is-layout-flow\"><div  class=\"keblk keblk-v-align-top keblock-text\" >\r\n\t\r\n\t\t\r\n\t<div class=\"block-content\">\t\r\n\t\n\n<h3 class=\"wp-block-heading\">Accordo sulla resistenza al fuoco<\/h3>\n\n\n\n<p>Inoltre, la norma EN ISO\/CEI 17025 \u201cRequisiti generali per la competenza dei laboratori di taratura e di prova\u201d impone la partecipazione dei laboratori a una campagna di test, condizione preliminare per ottenere l&#8217;accreditamento. \u00c8 su questa base che un organismo indipendente deve organizzare la campagna e solo CERTIFER \u00e8 autorizzato ad organizzare e valutare le campagne di prova sulla resistenza al fuoco e i confronti interlaboratorio nel settore ferroviario.<\/p>\n\n\r\n\t<\/div>\r\n<\/div>\r\n    <\/div>\n\n\n\n<div class=\"wp-block-column is-vertically-aligned-center is-layout-flow wp-block-column-is-layout-flow\"><div  class=\"keblk keblk-v-align-top keblock-multimedia type-img\" >\r\n\t\r\n\t\t<div class=\"block-content\"  style=\"aspect-ratio:16\/9\" >\t\r\n        <div class=\"visu-bg\" style=\"background-image:url('https:\/\/www.certifer.eu\/wp-content\/uploads\/2023\/10\/IMG-Railway-1.jpg');\"><\/div>\r\n\t\t<!-- CONTENT -->\r\n\t\t            \t\t\t\t\r\n\t\t\r\n\t<\/div>\r\n<\/div>\r\n    <\/div>\n<\/div>\n\n        \t<\/div>\r\n<\/div>\r\n    \n\n<div  class=\"keblk keblk-v-align-top keblock-section-lame responsive is-padded bg-none \"   style=\"\"  id=\"\">\r\n\t\r\n\t\t<div class=\"block-content\">\r\n                    \n<div  class=\"keblk keblk-v-align-top keblock-bouton filaire\" >\r\n\t\r\n\t\t\r\n\t<div class=\"block-content\">\t\r\n\t\t<a href=\"https:\/\/www.certifer.eu\/our-services\/testing-activities\/smoke-and-fire-campaigns\/\" target=\"\" class=\"uibt filaire blue\">\r\n\t\t<span class=\"bt-content\">Scopri di pi\u00f9<\/span>\r\n\t\t<span class=\"bt-picto\"><\/span>\r\n\t<\/a>\r\n\t\t<\/div>\r\n<\/div>\r\n    \n        \t<\/div>\r\n<\/div>\r\n    ","protected":false},"excerpt":{"rendered":"","protected":false},"author":5,"featured_media":0,"parent":8944,"menu_order":0,"comment_status":"closed","ping_status":"closed","template":"template-page-expertise-testing.php","meta":{"_acf_changed":false,"inline_featured_image":false,"footnotes":""},"class_list":["post-8889","page","type-page","status-publish","hentry"],"acf":[],"_links":{"self":[{"href":"https:\/\/www.certifer.eu\/it\/wp-json\/wp\/v2\/pages\/8889","targetHints":{"allow":["GET"]}}],"collection":[{"href":"https:\/\/www.certifer.eu\/it\/wp-json\/wp\/v2\/pages"}],"about":[{"href":"https:\/\/www.certifer.eu\/it\/wp-json\/wp\/v2\/types\/page"}],"author":[{"embeddable":true,"href":"https:\/\/www.certifer.eu\/it\/wp-json\/wp\/v2\/users\/5"}],"replies":[{"embeddable":true,"href":"https:\/\/www.certifer.eu\/it\/wp-json\/wp\/v2\/comments?post=8889"}],"version-history":[{"count":5,"href":"https:\/\/www.certifer.eu\/it\/wp-json\/wp\/v2\/pages\/8889\/revisions"}],"predecessor-version":[{"id":8894,"href":"https:\/\/www.certifer.eu\/it\/wp-json\/wp\/v2\/pages\/8889\/revisions\/8894"}],"up":[{"embeddable":true,"href":"https:\/\/www.certifer.eu\/it\/wp-json\/wp\/v2\/pages\/8944"}],"wp:attachment":[{"href":"https:\/\/www.certifer.eu\/it\/wp-json\/wp\/v2\/media?parent=8889"}],"curies":[{"name":"wp","href":"https:\/\/api.w.org\/{rel}","templated":true}]}}