{"id":8978,"date":"2024-01-09T16:01:26","date_gmt":"2024-01-09T15:01:26","guid":{"rendered":"https:\/\/www.certifer.eu\/?page_id=8978"},"modified":"2024-12-06T14:39:29","modified_gmt":"2024-12-06T13:39:29","slug":"ice-ica","status":"publish","type":"page","link":"https:\/\/www.certifer.eu\/it\/i-nostri-servizi\/inspectioni-certificazioni\/ice-ica\/","title":{"rendered":"ICE \/ ICA"},"content":{"rendered":"<div  class=\"keblk keblk-v-align-top keblock-section-lame responsive  bg-none \"   style=\"\"  id=\"\">\r\n\t\r\n\t\t<div class=\"block-content\">\r\n                    \n<div  class=\"keblk keblk-v-align-top inline-bt keblock-conteneur\"   style=\"padding:0px\"  >\r\n\t\r\n\t\t\r\n\t<div class=\"block-content\">\t\r\n\t\n<div  class=\"keblk keblk-v-align-top keblock-conteneur\"   style=\"padding:0px\"  >\r\n\t\r\n\t\t\r\n\t<div class=\"block-content\">\t\r\n\t\n<div  class=\"keblk keblk-v-align-top keblock-bouton plein\" >\r\n\t\r\n\t\t\r\n\t<div class=\"block-content\">\t\r\n\t\t<a href=\"#ICE\" target=\"\" class=\"uibt plein blue\">\r\n\t\t<span class=\"bt-content\">ICE<\/span>\r\n\t\t<span class=\"bt-picto\"><\/span>\r\n\t<\/a>\r\n\t\t<\/div>\r\n<\/div>\r\n    \n\r\n\t<\/div>\r\n<\/div>\r\n    \n\n<div  class=\"keblk keblk-v-align-top keblock-conteneur\"   style=\"padding:0px\"  >\r\n\t\r\n\t\t\r\n\t<div class=\"block-content\">\t\r\n\t\n<div  class=\"keblk keblk-v-align-top keblock-bouton plein\" >\r\n\t\r\n\t\t\r\n\t<div class=\"block-content\">\t\r\n\t\t<a href=\"#ICA\" target=\"\" class=\"uibt plein blue\">\r\n\t\t<span class=\"bt-content\">ICA<\/span>\r\n\t\t<span class=\"bt-picto\"><\/span>\r\n\t<\/a>\r\n\t\t<\/div>\r\n<\/div>\r\n    \n\r\n\t<\/div>\r\n<\/div>\r\n    \n\r\n\t<\/div>\r\n<\/div>\r\n    \n        \t<\/div>\r\n<\/div>\r\n    \n\n<div  class=\"keblk keblk-v-align-top keblock-section-lame responsive is-semi-padded bg-none \"   style=\"\"  id=\"ICE\">\r\n\t\r\n\t\t<div class=\"block-content\">\r\n                    \n<div  class=\"keblk keblk-v-align-top keblock-text\" >\r\n\t\r\n\t\t\r\n\t<div class=\"block-content\">\t\r\n\t\n\n<h2 class=\"wp-block-heading\">Independent Checking Engineer (ICE)<\/h2>\n\n\n\n<h3 class=\"wp-block-heading\">Cosa \u00e8 una Mission ICE ?<\/h3>\n\n\n\n<p>Il ruolo principale dell&#8217;<strong>Ingegnere di Controllo Indipendente (ICE)<\/strong> \u00e8 di garantire che tutti i requisiti del cliente siano stati rispettati durante le attivit\u00e0 di Progettazione, Produzione, Installazione, Test e Collaudo. Tali requisiti possono spaziare dai requisiti tecnici derivati da standard, normative locali o migliori pratiche, a requisiti contrattuali specifici che vincolano il nostro cliente al suo cliente finale.<\/p>\n\n\n\n<p>La missione ICE pu\u00f2 essere eseguita <strong>su tutto o parte del Sistema di Trasporto<\/strong>, comprese le Opere Civili, purch\u00e9 le specifiche debbano essere rispettate e la conformit\u00e0 a tali specifiche sia richiesta dal cliente finale.<\/p>\n\n\n\n<p>Pertanto, questa missione fornisce un ulteriore livello di assicurazione per il nostro cliente nei confronti del suo cliente finale, per garantire la piena conformit\u00e0 ai requisiti applicabili.<\/p>\n\n\r\n\t<\/div>\r\n<\/div>\r\n    \n        \t<\/div>\r\n<\/div>\r\n    \n\n<div  class=\"keblk keblk-v-align-top keblock-section-lame responsive is-padded bg-color  bg-color-bluedark\"   style=\"\"  id=\"\">\r\n\t\r\n\t\t<div class=\"block-content\">\r\n                    \n<div  class=\"keblk blkuid-13 keblk-v-align-top keblock-section-lame-multicol fullwidth   bg-img nbcol-4\"   style=\"\"  >\r\n\r\n\t\t<div class=\"block-content\">\r\n\t    \n<div  class=\"keblk keblk-v-align-top border-top-verte keblock-conteneur bg-color bg-color-degrade-bv\"   style=\"padding:40px\"  >\r\n\t\r\n\t\t\r\n\t<div class=\"block-content\">\t\r\n\t\n\n<h3 class=\"wp-block-heading has-text-align-center has-white-color has-text-color\">OPERE CIVILI &amp; EDILI<\/h3>\n\n\n\n<hr class=\"wp-block-separator has-text-color has-white-color has-alpha-channel-opacity has-white-background-color has-background separateur-court\"\/>\n\n\n\n<p class=\"has-text-align-left has-white-color has-text-color\">Per le Attivit\u00e0 di Opere Civili &amp; Edili, CERTIFER valuta: <br>\u2022 Solidit\u00e0 dell&#8217;edificio<br>\u2022 Conformit\u00e0 alle normtive in materia di protezione antincendio<br>\u2022 Accessibilit\u00e0 per le persone con mobilit\u00e0 ridotta<br>\u2022 Isolamento Acustico &amp; Termico<\/p>\n\n\r\n\t<\/div>\r\n<\/div>\r\n    \n\n<div  class=\"keblk keblk-v-align-top border-top-verte keblock-conteneur bg-color bg-color-degrade-bv\"   style=\"padding:40px\"  >\r\n\t\r\n\t\t\r\n\t<div class=\"block-content\">\t\r\n\t\n\n<h3 class=\"wp-block-heading has-text-align-center has-white-color has-text-color\">REQUISITI DI GESTIONE<\/h3>\n\n\n\n<hr class=\"wp-block-separator has-text-color has-white-color has-alpha-channel-opacity has-white-background-color has-background separateur-court\"\/>\n\n\n\n<p class=\"has-text-align-left has-white-color has-text-color\">Siamo in grado di aiutarti ad implementare requisiti di gestione efficienti, affidabili e ottimizzati per qualsiasi tipo di progetto<\/p>\n\n\r\n\t<\/div>\r\n<\/div>\r\n    \n\n<div  class=\"keblk keblk-v-align-top border-top-verte keblock-conteneur bg-color bg-color-degrade-bv\"   style=\"padding:40px\"  >\r\n\t\r\n\t\t\r\n\t<div class=\"block-content\">\t\r\n\t\n\n<h3 class=\"wp-block-heading has-text-align-center has-white-color has-text-color\">ALTRO<\/h3>\n\n\n\n<hr class=\"wp-block-separator has-text-color has-white-color has-alpha-channel-opacity has-white-background-color has-background separateur-court\"\/>\n\n\n\n<p class=\"has-text-align-left has-white-color has-text-color\">Per altri tipi di sistemi: Materiale Rotabile, Segnalamento, Controllo e Comando&#8230;., CERTIFER avvia il suo controllo tecnico esterno valutando la rspettiva sicurezza, quindi la loro conformit.<\/p>\n\n\r\n\t<\/div>\r\n<\/div>\r\n    \n\r\n\t<\/div>\r\n<\/div>\r\n    \n        \t<\/div>\r\n<\/div>\r\n    \n\n<div  class=\"keblk keblk-v-align-top keblock-section-lame responsive is-padded bg-none \"   style=\"\"  id=\"\">\r\n\t\r\n\t\t<div class=\"block-content\">\r\n                    \n<div  class=\"keblk keblk-v-align-top keblock-text\" >\r\n\t\r\n\t\t\r\n\t<div class=\"block-content\">\t\r\n\t\n\n<h3 class=\"wp-block-heading\">Qual&#8217;\u00e8 il ruolo dell&#8217; ICE?<\/h3>\n\n\n\n<p>La missione viene eseguita secondo il seguente processo:<\/p>\n\n\n\n<p>\u2022 Revisione dei requisiti applicabili del progetto, provenienti da qualsiasi documento del progetto (contratto, specifiche tecniche\/generali), per ottenere la certezza che tutti i requisiti siano stati adeguatamente considerati in modo che le attivit\u00e0 di progettazione possano iniziare su una base solida.<br>\u2022 Supporto al nostro cliente nell&#8217;interpretazione e nel perfezionamento dei requisiti soggettivi e desiderabili.<br>\u2022 Guida del nostro cliente nell&#8217;avvio del processo di gestione dei requisiti.<br>\u2022 Valutazione della matrice di conformit\u00e0 dei requisiti, attraverso la valutazione iterativa delle evidenze di conformit\u00e0 fino alla chiusura completa della matrice.<br>\u2022 AInoltre, CERTIFER \u00e8 in grado di implementare un sistema di gestione elettronica dei documenti (EDMS) che pu\u00f2 essere utilizzato da tutte le parti interessate al progetto, per facilitare la condivisione dei documenti e massimizzare il coordinamento e l&#8217;armonizzazione.&nbsp;<\/p>\n\n\n\n<p><\/p>\n\n\r\n\t<\/div>\r\n<\/div>\r\n    \n        \t<\/div>\r\n<\/div>\r\n    \n\n<div  class=\"keblk keblk-v-align-top keblock-section-lame responsive is-padded bg-none \"   style=\"\"  id=\"\">\r\n\t\r\n\t\t<div class=\"block-content\">\r\n                    \n<div  class=\"keblk blkuid-25 keblk-v-align-top keblock-section-lame-multicol fullwidth   bg-none nbcol-4\"   style=\"\"  >\r\n\r\n\t\t<div class=\"block-content\">\r\n\t    \n<div  class=\"keblk keblk-v-align-top keblock-conteneur\"   style=\"padding:0px\"  >\r\n\t\r\n\t\t\r\n\t<div class=\"block-content\">\t\r\n\t\n<div  class=\"keblk keblk-v-align-top keblock-rectangle-encadre\" >\r\n\t\r\n\t\t\r\n    \t<div class=\"blk_rectangle_encadre\">\r\n\t\t\t\t\t\t\t<div class=\"wrap-title\"><h3><span class=\"keb-headings style-4\">Passo 1<\/span><\/h3>\n<\/div>\r\n\t\t\t\t\t\t\t<div class=\"wrap-text\"><p data-sourcepos=\"3:1-3:74\">Validazione<\/p>\n<p data-sourcepos=\"3:1-3:74\">della raccolta<\/p>\n<p data-sourcepos=\"3:1-3:74\">dei requisiti (identificazione\/elencazione)<\/p>\n<p data-sourcepos=\"5:1-5:14\">\n<\/div>\r\n\t\t\t\t\t<\/div>\r\n\t<\/div>\r\n    \n\r\n\t<\/div>\r\n<\/div>\r\n    \n\n<div  class=\"keblk keblk-v-align-top keblock-conteneur\"   style=\"padding:0px\"  >\r\n\t\r\n\t\t\r\n\t<div class=\"block-content\">\t\r\n\t\n<div  class=\"keblk keblk-v-align-top keblock-rectangle-encadre\" >\r\n\t\r\n\t\t\r\n    \t<div class=\"blk_rectangle_encadre\">\r\n\t\t\t\t\t\t\t<div class=\"wrap-title\"><h3><span class=\"keb-headings style-4\">Passo <\/span><span class=\"keb-headings style-4\">2<\/span><\/h3>\n<\/div>\r\n\t\t\t\t\t\t\t<div class=\"wrap-text\"><p>Matrice di<\/p>\n<p>tracciabilit\u00e0<\/p>\n<p>dei Requisiti<\/p>\n<\/div>\r\n\t\t\t\t\t<\/div>\r\n\t<\/div>\r\n    \n\r\n\t<\/div>\r\n<\/div>\r\n    \n\n<div  class=\"keblk keblk-v-align-top keblock-conteneur\"   style=\"padding:0px\"  >\r\n\t\r\n\t\t\r\n\t<div class=\"block-content\">\t\r\n\t\n<div  class=\"keblk keblk-v-align-top keblock-rectangle-encadre\" >\r\n\t\r\n\t\t\r\n    \t<div class=\"blk_rectangle_encadre\">\r\n\t\t\t\t\t\t\t<div class=\"wrap-title\"><h3><span class=\"keb-headings style-4\">Passo<\/span><span class=\"keb-headings style-4\"> 3<\/span><\/h3>\n<\/div>\r\n\t\t\t\t\t\t\t<div class=\"wrap-text\"><p style=\"text-align: center;\">Chiusura iterativa dei requisiti utilizzando le evidenze fornite per ciascun requisito<\/p>\n<\/div>\r\n\t\t\t\t\t<\/div>\r\n\t<\/div>\r\n    \n\r\n\t<\/div>\r\n<\/div>\r\n    \n\n<div  class=\"keblk keblk-v-align-top keblock-conteneur\"   style=\"padding:0px\"  >\r\n\t\r\n\t\t\r\n\t<div class=\"block-content\">\t\r\n\t\n<div  class=\"keblk keblk-v-align-top keblock-rectangle-encadre\" >\r\n\t\r\n\t\t\r\n    \t<div class=\"blk_rectangle_encadre\">\r\n\t\t\t\t\t\t\t<div class=\"wrap-title\"><h3><span class=\"keb-headings style-4\">Passo <\/span><span class=\"keb-headings style-4\">4<\/span><\/h3>\n<\/div>\r\n\t\t\t\t\t\t\t<div class=\"wrap-text\"><p data-sourcepos=\"3:1-3:64\">Chiusura dell&#8217;RCM, quando tutti i requisiti sono soddisfatti<\/p>\n<p data-sourcepos=\"5:1-5:14\">\n<\/div>\r\n\t\t\t\t\t<\/div>\r\n\t<\/div>\r\n    \n\r\n\t<\/div>\r\n<\/div>\r\n    \n\r\n\t<\/div>\r\n<\/div>\r\n    \n\n<div  class=\"keblk keblk-v-align-top keblock-text\" >\r\n\t\r\n\t\t\r\n\t<div class=\"block-content\">\t\r\n\t\n\n<h2 class=\"wp-block-heading\">Le nostre referenze<\/h2>\n\n\n\n<p>\u2022 Controllo esterno sull&#8217;assetto del Ponte Thine (Tram di Strasburg)<br>\u2022 Mission ICE  sulla Metro di Riyadh (Blue Line &amp; Green Line)<br>\u2022 Mission IC sulla Metro di Sydney.<\/p>\n\n\r\n\t<\/div>\r\n<\/div>\r\n    \n        \t<\/div>\r\n<\/div>\r\n    \n\n<div  class=\"keblk keblk-v-align-top keblock-section-lame responsive is-padded bg-none \"   style=\"\"  id=\"ICA\">\r\n\t\r\n\t\t<div class=\"block-content\">\r\n                    \n<div  class=\"keblk keblk-v-align-top keblock-text\" >\r\n\t\r\n\t\t\r\n\t<div class=\"block-content\">\t\r\n\t\n\n<h2 class=\"wp-block-heading\">Independent Cybersecurity Assessment (ICA)<\/h2>\n\n\n\n<h3 class=\"wp-block-heading\">Qual \u00e8 l&#8217;obiettivo della Cybersecurity?<\/h3>\n\n\n\n<p>In un mondo sempre pi\u00f9 connesso e digitale, l&#8217;industria dei trasporti Ferroviari e Urbani si basa sulle tecnologie dell&#8217;informazione e della comunicazione. La sicurezza dei sistemi di trasporto <strong>pu\u00f2 influire sulla sicurezza operativa e sull&#8217;efficienza dell&#8217;industria ferroviaria<\/strong> in caso di minacce informatiche. In questo contesto fluttuante, gli operatori ferroviari e anche i produttori devono avere un approccio globale tenendo conto di questi nuovi rischi. Per questo, devono identificare questi rischi informatici e implementare sistemi di gestione della sicurezza cibernetica al fine di mitigarli, dare fiducia nel controllo del loro livello di vulnerabilit\u00e0 e garantire un servizio sicuro e affidabile.<\/p>\n\n\n\n<p>Poich\u00e9 il mercato ferroviario sta passando da un settore tradizionale, meccanico e pesante a un ambiente pi\u00f9 connesso, \u00e8 necessario fare affidamento su nuovi documenti e standard di riferimento.&nbsp;Sebbene esistano alcuni testi di altri paesi e settori come ISO 2700X, IEC 62443 o pubblicazioni NIST (National Institute of Standards and Technology), non sono disponibili ad oggi documenti di riferimento unificati (standard, &#8230;) adatti al settore ferroviario.<\/p>\n\n\n\n<p><\/p>\n\n\n\n<p>CERTIFER ha concentrato i suoi sforzi nella <strong>definizione del quadro di valutazione indipendente della Cybersecurity<\/strong>, facendo riferimento e analizzando i testi pi\u00f9 riconosciuti utilizzati in altri settori e alcuni paesi. Da ora in poi, CERTIFER \u00e8 in grado di definire un metodo specifico che pu\u00f2 adattarsi a qualsiasi esigenza dei nostri clienti, con soluzioni personalizzate.<\/p>\n\n\n\n<p>Come richiesto dagli standard che comprendono anche i fattori umani, la valutazione indipendente della sicurezza cibernetica pu\u00f2 essere eseguita su qualsiasi apparecchiatura o qualsiasi parte del sistema ferroviario, inviando dati di elaborazione o ricevendo dati per garantire che tali dati non siano stati alterati, corrotti o intercettati per essere utilizzati impropriamente.<\/p>\n\n\n\n<p>Lo standard <strong>ISO 27005 <\/strong>(Tecnologia dell&#8217;informazione &#8211; Tecniche di sicurezza &#8211; Gestione del rischio della sicurezza delle informazioni) viene utilizzato come principale linea guida per gestire e mitigare i rischi a un livello accettabile. CERTIFER \u00e8 in grado di eseguire servizi di sicurezza cibernetica dall&#8217;inizio delle attivit\u00e0 di progettazione (revisione dei piani di gestione della sicurezza cibernetica, valutazione degli asset, gestione degli incidenti, &#8230;) fino alle attivit\u00e0 di test (valutazione dei test white \/ grey \/ black box), revisione degli scenari di attacco e delle loro conseguenze.<\/p>\n\n\r\n\t<\/div>\r\n<\/div>\r\n    \n        \t<\/div>\r\n<\/div>\r\n    \n\n<div  class=\"keblk keblk-v-align-top keblock-section-lame responsive is-padded bg-none \"   style=\"\"  id=\"\">\r\n\t\r\n\t\t<div class=\"block-content\">\r\n                    \n\n<div class=\"wp-block-columns is-layout-flex wp-container-core-columns-is-layout-9d6595d7 wp-block-columns-is-layout-flex\">\n<div class=\"wp-block-column is-vertically-aligned-center is-layout-flow wp-block-column-is-layout-flow\">\n<h3 class=\"wp-block-heading\">Qual&#8217;\u00e8 il ruole di un valutatore  Cybersecurity indipendente?<\/h3>\n\n\n\n<p>Tra le altre cose, CERTIFER \u00e8 disponibile per svolgere le seguenti attivit\u00e0:<br>\u2022 Revisione dei piani di gestione della Cybersecurity <br>\u2022 Revisione della politica di gestione degli incidenti<br>\u2022 Revisione documentale (specifi che tecniche, diagrammi architettonici, specifiche di testo e reports\u2026)<br>\u2022 Valutazione delle contromisure e dei loro impatti per mitigare i rischi<br>\u2022 \u2026<\/p>\n<\/div>\n\n\n\n<div class=\"wp-block-column is-layout-flow wp-block-column-is-layout-flow\"><div class=\"wp-block-image\">\n<figure class=\"aligncenter size-full\"><img decoding=\"async\" width=\"450\" height=\"311\" src=\"https:\/\/www.certifer.eu\/wp-content\/uploads\/2024\/01\/img-CERTIFER-cybersecurity-assessment-1.jpg\" alt=\"\" class=\"wp-image-3005\" srcset=\"https:\/\/www.certifer.eu\/wp-content\/uploads\/2024\/01\/img-CERTIFER-cybersecurity-assessment-1.jpg 450w, https:\/\/www.certifer.eu\/wp-content\/uploads\/2024\/01\/img-CERTIFER-cybersecurity-assessment-1-300x207.jpg 300w\" sizes=\"(max-width: 450px) 100vw, 450px\" \/><\/figure>\n<\/div><\/div>\n<\/div>\n\n        \t<\/div>\r\n<\/div>\r\n    \n\n<div  class=\"keblk keblk-v-align-top border-top-verte keblock-section-lame responsive is-padded bg-color  bg-color-blue\"   style=\"\"  id=\"\">\r\n\t\r\n\t\t<div class=\"block-content\">\r\n                    \n\n<div class=\"wp-block-columns is-layout-flex wp-container-core-columns-is-layout-9d6595d7 wp-block-columns-is-layout-flex\">\n<div class=\"wp-block-column is-vertically-aligned-center is-layout-flow wp-block-column-is-layout-flow\">\n<h3 class=\"wp-block-heading has-white-color has-text-color\">Per qualsiasi domanda sulle missioni ICE e ICA<\/h3>\n<\/div>\n\n\n\n<div class=\"wp-block-column is-vertically-aligned-center is-layout-flow wp-block-column-is-layout-flow\"><div  class=\"keblk keblk-h-align-center keblk-v-align-center keblock-bouton plein\" >\r\n\t\r\n\t\t\r\n\t<div class=\"block-content\">\t\r\n\t\t<a href=\"https:\/\/www.certifer.eu\/it\/contattaci\/?entry=ic\" target=\"\" class=\"uibt plein green\">\r\n\t\t<span class=\"bt-content\">Contattaci<\/span>\r\n\t\t<span class=\"bt-picto\"><\/span>\r\n\t<\/a>\r\n\t\t<\/div>\r\n<\/div>\r\n    <\/div>\n<\/div>\n\n        \t<\/div>\r\n<\/div>\r\n    ","protected":false},"excerpt":{"rendered":"","protected":false},"author":5,"featured_media":0,"parent":8895,"menu_order":0,"comment_status":"closed","ping_status":"closed","template":"template-page-expertise-inspection.php","meta":{"_acf_changed":false,"inline_featured_image":false,"footnotes":""},"class_list":["post-8978","page","type-page","status-publish","hentry"],"acf":[],"_links":{"self":[{"href":"https:\/\/www.certifer.eu\/it\/wp-json\/wp\/v2\/pages\/8978","targetHints":{"allow":["GET"]}}],"collection":[{"href":"https:\/\/www.certifer.eu\/it\/wp-json\/wp\/v2\/pages"}],"about":[{"href":"https:\/\/www.certifer.eu\/it\/wp-json\/wp\/v2\/types\/page"}],"author":[{"embeddable":true,"href":"https:\/\/www.certifer.eu\/it\/wp-json\/wp\/v2\/users\/5"}],"replies":[{"embeddable":true,"href":"https:\/\/www.certifer.eu\/it\/wp-json\/wp\/v2\/comments?post=8978"}],"version-history":[{"count":9,"href":"https:\/\/www.certifer.eu\/it\/wp-json\/wp\/v2\/pages\/8978\/revisions"}],"predecessor-version":[{"id":9995,"href":"https:\/\/www.certifer.eu\/it\/wp-json\/wp\/v2\/pages\/8978\/revisions\/9995"}],"up":[{"embeddable":true,"href":"https:\/\/www.certifer.eu\/it\/wp-json\/wp\/v2\/pages\/8895"}],"wp:attachment":[{"href":"https:\/\/www.certifer.eu\/it\/wp-json\/wp\/v2\/media?parent=8978"}],"curies":[{"name":"wp","href":"https:\/\/api.w.org\/{rel}","templated":true}]}}