{"id":8996,"date":"2024-01-05T11:13:07","date_gmt":"2024-01-05T10:13:07","guid":{"rendered":"https:\/\/www.certifer.eu\/?page_id=8996"},"modified":"2024-11-04T14:58:49","modified_gmt":"2024-11-04T13:58:49","slug":"nobo-asbo-debo","status":"publish","type":"page","link":"https:\/\/www.certifer.eu\/it\/i-nostri-servizi\/inspectioni-certificazioni\/nobo-asbo-debo\/","title":{"rendered":"NoBo \/ AsBo \/ DeBo"},"content":{"rendered":"<div  class=\"keblk keblk-v-align-top keblock-section-lame responsive  bg-none \"   style=\"\"  id=\"\">\r\n\t\r\n\t\t<div class=\"block-content\">\r\n                    \n<div  class=\"keblk keblk-v-align-top inline-bt keblock-conteneur\"   style=\"padding:0px\"  >\r\n\t\r\n\t\t\r\n\t<div class=\"block-content\">\t\r\n\t\n<div  class=\"keblk keblk-v-align-top keblock-conteneur\"   style=\"padding:0px\"  >\r\n\t\r\n\t\t\r\n\t<div class=\"block-content\">\t\r\n\t\n<div  class=\"keblk keblk-v-align-top keblock-bouton plein\" >\r\n\t\r\n\t\t\r\n\t<div class=\"block-content\">\t\r\n\t\t<a href=\"#NoBo\" target=\"\" class=\"uibt plein blue\">\r\n\t\t<span class=\"bt-content\">NoBo<\/span>\r\n\t\t<span class=\"bt-picto\"><\/span>\r\n\t<\/a>\r\n\t\t<\/div>\r\n<\/div>\r\n    \n\r\n\t<\/div>\r\n<\/div>\r\n    \n\n<div  class=\"keblk keblk-v-align-top keblock-conteneur\"   style=\"padding:0px\"  >\r\n\t\r\n\t\t\r\n\t<div class=\"block-content\">\t\r\n\t\n<div  class=\"keblk keblk-v-align-top keblock-bouton plein\" >\r\n\t\r\n\t\t\r\n\t<div class=\"block-content\">\t\r\n\t\t<a href=\"#AsBo\" target=\"\" class=\"uibt plein blue\">\r\n\t\t<span class=\"bt-content\">AsBo<\/span>\r\n\t\t<span class=\"bt-picto\"><\/span>\r\n\t<\/a>\r\n\t\t<\/div>\r\n<\/div>\r\n    \n\r\n\t<\/div>\r\n<\/div>\r\n    \n\n<div  class=\"keblk keblk-v-align-top keblock-conteneur\"   style=\"padding:0px\"  >\r\n\t\r\n\t\t\r\n\t<div class=\"block-content\">\t\r\n\t\n<div  class=\"keblk keblk-v-align-top keblock-bouton plein\" >\r\n\t\r\n\t\t\r\n\t<div class=\"block-content\">\t\r\n\t\t<a href=\"#DeBo\" target=\"\" class=\"uibt plein blue\">\r\n\t\t<span class=\"bt-content\">DeBo<\/span>\r\n\t\t<span class=\"bt-picto\"><\/span>\r\n\t<\/a>\r\n\t\t<\/div>\r\n<\/div>\r\n    \n\r\n\t<\/div>\r\n<\/div>\r\n    \n\r\n\t<\/div>\r\n<\/div>\r\n    \n        \t<\/div>\r\n<\/div>\r\n    \n\n<div  class=\"keblk keblk-v-align-top keblock-section-lame responsive is-padded bg-none \"   style=\"\"  id=\"NoBo\">\r\n\t\r\n\t\t<div class=\"block-content\">\r\n                    \n<div  class=\"keblk keblk-v-align-top keblock-text\" >\r\n\t\r\n\t\t\r\n\t<div class=\"block-content\">\t\r\n\t\n\n<h2 class=\"wp-block-heading\">Organismi Notificati (NoBo)<\/h2>\n\n\n\n<p>Le Specifiche Tecniche di Interoperabilit\u00e0 (TSI) definiscono gli standard tecnici e operativi che devono essere soddisfatti da ciascun sottosistema o parte di sottosistema per soddisfare i requisiti essenziali e garantire l&#8217;interoperabilit\u00e0 del sistema ferroviario nell&#8217;Unione Europea. La Direttiva (UE) 2016\/797 definisce i sottosistemi, strutturali o funzionali, che fanno parte del sistema ferroviario dell&#8217;Unione Europea.<\/p>\n\n\r\n\t<\/div>\r\n<\/div>\r\n    \n        \t<\/div>\r\n<\/div>\r\n    \n\n<div  class=\"keblk keblk-v-align-top keblock-section-lame responsive is-padded bg-none \"   style=\"\"  id=\"\">\r\n\t\r\n\t\t<div class=\"block-content\">\r\n                    \n<div  class=\"keblk keblk-v-align-top keblock-text\" >\r\n\t\r\n\t\t\r\n\t<div class=\"block-content\">\t\r\n\t\n\n<h3 class=\"wp-block-heading\">TSI<\/h3>\n\n\n\n<p>Gli Organismi Notificati (NoBo) sono responsabili della valutazione della conformit\u00e0 o idoneit\u00e0 all&#8217;uso dei componenti di interoperabilit\u00e0 o della valutazione della procedura &#8220;CE&#8221; per la verifica dei sottosistemi:<br>\u2022 Energia (ENE)<br>\u2022 Infrastruttura (INF)<br>\u2022 Locomotive &amp; Materiale rotabile passeggeri (LOC&amp;PAS)<br>\u2022 Rumore (NOI)<br>\u2022 Vagoni (WAG)<br>\u2022 Sicurezza nelle gallerie ferroviarie (SRT)<br>\u2022 Persone con ridotta mobilit\u00e0 (PRM)<\/p>\n\n\r\n\t<\/div>\r\n<\/div>\r\n    \n        \t<\/div>\r\n<\/div>\r\n    \n\n<div  class=\"keblk keblk-v-align-top keblock-section-lame responsive is-padded bg-color  bg-color-bluedark\"   style=\"\"  id=\"\">\r\n\t\r\n\t\t<div class=\"block-content\">\r\n                    \n<div  class=\"keblk blkuid-16 keblk-v-align-top keblock-section-lame-multicol fullwidth   bg-img nbcol-2\"   style=\"\"  >\r\n\r\n\t\t<div class=\"block-content\">\r\n\t    \n<div  class=\"keblk keblk-v-align-top border-top-verte keblock-conteneur bg-color bg-color-degrade-bv\"   style=\"padding:40px\"  >\r\n\t\r\n\t\t\r\n\t<div class=\"block-content\">\t\r\n\t\n\n<h3 class=\"wp-block-heading has-text-align-center has-white-color has-text-color\">CERTIFER OFFRE<\/h3>\n\n\n\n<hr class=\"wp-block-separator has-text-color has-white-color has-alpha-channel-opacity has-white-background-color has-background separateur-court\"\/>\n\n\n\n<p class=\"has-text-align-left has-white-color has-text-color\">\u2022 Valutazione della documentazione tecnica<br>\u2022 Audit di gestione della qualit\u00e0<\/p>\n\n\r\n\t<\/div>\r\n<\/div>\r\n    \n\n<div  class=\"keblk keblk-v-align-top border-top-verte keblock-conteneur bg-color bg-color-degrade-bv\"   style=\"padding:40px\"  >\r\n\t\r\n\t\t\r\n\t<div class=\"block-content\">\t\r\n\t\n\n<h3 class=\"wp-block-heading has-text-align-center has-white-color has-text-color\">IL NOSTRO RUOLO<\/h3>\n\n\n\n<hr class=\"wp-block-separator has-text-color has-white-color has-alpha-channel-opacity has-white-background-color has-background separateur-court\"\/>\n\n\n\n<p class=\"has-text-align-left has-white-color has-text-color\">\u2022 Revisione indipendente della documentazione<br>\u2022 Audit QMS<br>\u2022 Osservzione di Esami &amp; test<\/p>\n\n\r\n\t<\/div>\r\n<\/div>\r\n    \n\r\n\t<\/div>\r\n<\/div>\r\n    \n        \t<\/div>\r\n<\/div>\r\n    \n\n<div  class=\"keblk keblk-v-align-top keblock-section-lame responsive is-padded bg-none \"   style=\"\"  id=\"AsBo\">\r\n\t\r\n\t\t<div class=\"block-content\">\r\n                    \n<div  class=\"keblk keblk-v-align-top keblock-text\" >\r\n\t\r\n\t\t\r\n\t<div class=\"block-content\">\t\r\n\t\n\n<h2 class=\"wp-block-heading\">Organismi di Valutazione (AsBo)<\/h2>\n\n\n\n<p>In conformit\u00e0 alla direttiva (EU) 2016\/798, il Regolamento N\u00b0 402\/2013 sui Metodi Comuni di Sicurezza per la vlautazione dei rischi (CSM-RA) e il Regolamento N\u00b0 2015\/1136\/EU  stabiliscono un quadro comune per la dimostrazione e la valutazione della sicurezza. Questi regolamenti impongono al richiedente di applicare metodi di sicurezza comuni non appena un sistema \u00e8 soggetto a modifiche significative che possono essere di natura tecnica, operativa o organizzativa.<\/p>\n\n\r\n\t<\/div>\r\n<\/div>\r\n    \n        \t<\/div>\r\n<\/div>\r\n    \n\n<div  class=\"keblk keblk-v-align-top keblock-section-lame responsive is-padded bg-color  bg-color-bluedark\"   style=\"\"  id=\"\">\r\n\t\r\n\t\t<div class=\"block-content\">\r\n                    \n<div  class=\"keblk blkuid-24 keblk-v-align-top keblock-section-lame-multicol fullwidth   bg-img nbcol-3\"   style=\"\"  >\r\n\r\n\t\t<div class=\"block-content\">\r\n\t    \n<div  class=\"keblk keblk-v-align-top border-top-verte keblock-conteneur bg-color bg-color-degrade-bv\"   style=\"padding:40px\"  >\r\n\t\r\n\t\t\r\n\t<div class=\"block-content\">\t\r\n\t\n\n<h3 class=\"wp-block-heading has-text-align-center has-white-color has-text-color\">CERTIFER OFFRE<\/h3>\n\n\n\n<hr class=\"wp-block-separator has-text-color has-white-color has-alpha-channel-opacity has-white-background-color has-background separateur-court\"\/>\n\n\n\n<p class=\"has-text-align-left has-white-color has-text-color\">\u2022 Pianificazione ed esecuzione delle attivit\u00e0 di valutazione in conformit\u00e0 ai milestone del cliente<br>\u2022 Valutazione dei processi di sicurezza e qualit\u00e0 implementati dal richiedente nel quadro del cambiamento significativo<br>\u2022 Valutazione della progettazione e della documentazione di sicurezza,<br>\u2022 Audit interni quando necessari<br>\u2022 Emissione  di un Rapporto di Valutazione di Sicurezza AsBo ai sensi dell&#8217;Articolo 5 del Regolamento (EU) 402\/2013<\/p>\n\n\r\n\t<\/div>\r\n<\/div>\r\n    \n\n<div  class=\"keblk keblk-v-align-top border-top-verte keblock-conteneur bg-color bg-color-degrade-bv\"   style=\"padding:40px\"  >\r\n\t\r\n\t\t\r\n\t<div class=\"block-content\">\t\r\n\t\n\n<h3 class=\"wp-block-heading has-text-align-center has-white-color has-text-color\">IL NOSTRO RUOLO<\/h3>\n\n\n\n<hr class=\"wp-block-separator has-text-color has-white-color has-alpha-channel-opacity has-white-background-color has-background separateur-court\"\/>\n\n\n\n<p class=\"has-text-align-left has-white-color has-text-color\">\u2022Valutazione indipente<br>\u2022 Identificare il pi\u00f9 presto possibile qualsiasi potenziale risultato che potrebbe essere bloccante per il rapporto finale di sicurezza<br>\u2022 Avere un giudizio indipendente sul fatto che il sistema da valutare sia conforme al Regolamento  (EU) 402\/2013 (modificato dal Regulamento 2015\/1136)<\/p>\n\n\r\n\t<\/div>\r\n<\/div>\r\n    \n\n<div  class=\"keblk keblk-v-align-top keblock-conteneur\"   style=\"padding:0px\"  >\r\n\t\r\n\t\t\r\n\t<div class=\"block-content\">\t\r\n\t\n<div  class=\"keblk keblk-v-align-top border-top-verte keblock-conteneur bg-color bg-color-degrade-bv\"   style=\"padding:40px\"  >\r\n\t\r\n\t\t\r\n\t<div class=\"block-content\">\t\r\n\t\n\n<h3 class=\"wp-block-heading has-text-align-center has-white-color has-text-color\">I NOSTRI CLIENTI<\/h3>\n\n\n\n<hr class=\"wp-block-separator has-text-color has-white-color has-alpha-channel-opacity has-white-background-color has-background separateur-court\"\/>\n\n\n\n<p class=\"has-text-align-left has-white-color has-text-color\">\u2022 Imprese ferroviarie,<br>\u2022 Gestori delle Infrastrutture, Enti Responsabili della Manutezione.<br>\u2022 Enti Appaltanti o Produttori<\/p>\n\n\r\n\t<\/div>\r\n<\/div>\r\n    \n\r\n\t<\/div>\r\n<\/div>\r\n    \n\r\n\t<\/div>\r\n<\/div>\r\n    \n\n<div  class=\"keblk blkuid-27 keblk-v-align-top keblock-section-lame-multicol fullwidth   bg-img nbcol-1\"   style=\"\"  >\r\n\r\n\t\t<div class=\"block-content\">\r\n\t    \n<div  class=\"keblk keblk-v-align-top border-top-verte keblock-conteneur bg-color bg-color-degrade-bv\"   style=\"padding:40px\"  >\r\n\t\r\n\t\t\r\n\t<div class=\"block-content\">\t\r\n\t\n\n<h3 class=\"wp-block-heading has-text-align-center has-white-color has-text-color\">BENEFICI PER LA TUA AZIENDA<\/h3>\n\n\n\n<hr class=\"wp-block-separator has-text-color has-white-color has-alpha-channel-opacity has-white-background-color has-background separateur-court\"\/>\n\n\n\n<p class=\"has-text-align-left has-white-color has-text-color\">\u2022 Processo trasparente con tappe chiare<br>\u2022 Rapporto di valutazione dettagliato, che copre sia gli aspetti processuali che quelli tecnici. <\/p>\n\n\n\n<p class=\"has-text-align-left has-white-color has-text-color\">\u2022 Valore aggiunto: identificazione dei punti di miglioramento, raccomandazioni di best practice per progetti futuri.<\/p>\n\n\r\n\t<\/div>\r\n<\/div>\r\n    \n\n<div  class=\"keblk keblk-v-align-top keblock-conteneur\"   style=\"padding:0px\"  >\r\n\t\r\n\t\t\r\n\t<div class=\"block-content\">\t\r\n\t\r\n\t<\/div>\r\n<\/div>\r\n    \n\r\n\t<\/div>\r\n<\/div>\r\n    \n        \t<\/div>\r\n<\/div>\r\n    \n\n<div  class=\"keblk keblk-v-align-top keblock-section-lame responsive is-padded bg-none \"   style=\"\"  id=\"DeBo\">\r\n\t\r\n\t\t<div class=\"block-content\">\r\n                    \n<div  class=\"keblk keblk-v-align-top keblock-text\" >\r\n\t\r\n\t\t\r\n\t<div class=\"block-content\">\t\r\n\t\n\n<h2 class=\"wp-block-heading\">Organismi Designati (DeBo)<\/h2>\n\n\n\n<p>Le norme nazionali si riferiscono a tutte le norme vincolanti adottate in uno Stato membro che contengono requisiti di sicurezza o tecnici ferroviari, diversi da quelli stabiliti dalle norme dell&#8217;Unione o internazionali, e che sono applicabili all&#8217;interno di tale Stato membro alle imprese ferroviarie, ai gestori delle infrastrutture o a terze parti. Nel quadro della messa sul mercato o della messa in servizio di sottosistemi strutturali, la missione dei DeBo \u00e8 di valutare la conformit\u00e0 rispetto ai requisiti delle Norme Nazionali.<\/p>\n\n\n\n<p><\/p>\n\n\r\n\t<\/div>\r\n<\/div>\r\n    \n        \t<\/div>\r\n<\/div>\r\n    \n\n<div  class=\"keblk keblk-v-align-top keblock-section-lame responsive is-padded bg-color  bg-color-bluedark\"   style=\"\"  id=\"\">\r\n\t\r\n\t\t<div class=\"block-content\">\r\n                    \n<div  class=\"keblk blkuid-33 keblk-v-align-top keblock-section-lame-multicol fullwidth   bg-img nbcol-2\"   style=\"\"  >\r\n\r\n\t\t<div class=\"block-content\">\r\n\t    \n<div  class=\"keblk keblk-v-align-top border-top-verte keblock-conteneur bg-color bg-color-degrade-bv\"   style=\"padding:40px\"  >\r\n\t\r\n\t\t\r\n\t<div class=\"block-content\">\t\r\n\t\n\n<h3 class=\"wp-block-heading has-text-align-center has-white-color has-text-color\">CERTIFER OFFRE<\/h3>\n\n\n\n<hr class=\"wp-block-separator has-text-color has-white-color has-alpha-channel-opacity has-white-background-color has-background separateur-court\"\/>\n\n\n\n<p class=\"has-text-align-left has-white-color has-text-color\">\u2022 Valutazione della documentazione tecnica<br>\u2022 Audit del sistema di gestione della qualit\u00e0<br>\u2022 Test witnessing<br>\u2022 Compilazione del file DeBo<br>\u2022 Emissione del certificato di verifica<\/p>\n\n\r\n\t<\/div>\r\n<\/div>\r\n    \n\n<div  class=\"keblk keblk-v-align-top border-top-verte keblock-conteneur bg-color bg-color-degrade-bv\"   style=\"padding:40px\"  >\r\n\t\r\n\t\t\r\n\t<div class=\"block-content\">\t\r\n\t\n\n<h3 class=\"wp-block-heading has-text-align-center has-white-color has-text-color\">IL NOSTRO RUOLO<\/h3>\n\n\n\n<hr class=\"wp-block-separator has-text-color has-white-color has-alpha-channel-opacity has-white-background-color has-background separateur-court\"\/>\n\n\n\n<p class=\"has-text-align-left has-white-color has-text-color\">\u2022 Valutazioni indipendenti di sistemi o sottosistemi ferroviari completi, dalla progettazione ai test finali<br>\u2022 Revisione della documentazione preparata dal richiedente e delle prove a supporto per garantire la conformit\u00e0<br>\u2022 Emissione del certificato di verifica in conformit\u00e0 alle norme nazionali<\/p>\n\n\r\n\t<\/div>\r\n<\/div>\r\n    \n\r\n\t<\/div>\r\n<\/div>\r\n    \n        \t<\/div>\r\n<\/div>\r\n    \n\n\n<div style=\"height:80px\" aria-hidden=\"true\" class=\"wp-block-spacer\"><\/div>\n\n\n<div  class=\"keblk keblk-v-align-top border-top-verte keblock-section-lame responsive is-padded bg-color  bg-color-blue\"   style=\"\"  id=\"\">\r\n\t\r\n\t\t<div class=\"block-content\">\r\n                    \n\n<div class=\"wp-block-columns is-layout-flex wp-container-core-columns-is-layout-9d6595d7 wp-block-columns-is-layout-flex\">\n<div class=\"wp-block-column is-vertically-aligned-center is-layout-flow wp-block-column-is-layout-flow\">\n<h3 class=\"wp-block-heading has-white-color has-text-color\">Per qualsiasi domanda sugli Enti di certificazione e ispezione<\/h3>\n<\/div>\n\n\n\n<div class=\"wp-block-column is-vertically-aligned-center is-layout-flow wp-block-column-is-layout-flow\"><div  class=\"keblk keblk-h-align-center keblk-v-align-center keblock-bouton plein\" >\r\n\t\r\n\t\t\r\n\t<div class=\"block-content\">\t\r\n\t\t<a href=\"https:\/\/www.certifer.eu\/it\/contattaci\/?entry=ic\" target=\"\" class=\"uibt plein green\">\r\n\t\t<span class=\"bt-content\">Contattaci<\/span>\r\n\t\t<span class=\"bt-picto\"><\/span>\r\n\t<\/a>\r\n\t\t<\/div>\r\n<\/div>\r\n    <\/div>\n<\/div>\n\n        \t<\/div>\r\n<\/div>\r\n    ","protected":false},"excerpt":{"rendered":"","protected":false},"author":5,"featured_media":0,"parent":8895,"menu_order":0,"comment_status":"closed","ping_status":"closed","template":"template-page-expertise-inspection.php","meta":{"_acf_changed":false,"inline_featured_image":false,"footnotes":""},"class_list":["post-8996","page","type-page","status-publish","hentry"],"acf":[],"_links":{"self":[{"href":"https:\/\/www.certifer.eu\/it\/wp-json\/wp\/v2\/pages\/8996","targetHints":{"allow":["GET"]}}],"collection":[{"href":"https:\/\/www.certifer.eu\/it\/wp-json\/wp\/v2\/pages"}],"about":[{"href":"https:\/\/www.certifer.eu\/it\/wp-json\/wp\/v2\/types\/page"}],"author":[{"embeddable":true,"href":"https:\/\/www.certifer.eu\/it\/wp-json\/wp\/v2\/users\/5"}],"replies":[{"embeddable":true,"href":"https:\/\/www.certifer.eu\/it\/wp-json\/wp\/v2\/comments?post=8996"}],"version-history":[{"count":7,"href":"https:\/\/www.certifer.eu\/it\/wp-json\/wp\/v2\/pages\/8996\/revisions"}],"predecessor-version":[{"id":9735,"href":"https:\/\/www.certifer.eu\/it\/wp-json\/wp\/v2\/pages\/8996\/revisions\/9735"}],"up":[{"embeddable":true,"href":"https:\/\/www.certifer.eu\/it\/wp-json\/wp\/v2\/pages\/8895"}],"wp:attachment":[{"href":"https:\/\/www.certifer.eu\/it\/wp-json\/wp\/v2\/media?parent=8996"}],"curies":[{"name":"wp","href":"https:\/\/api.w.org\/{rel}","templated":true}]}}