{"id":9297,"date":"2024-01-08T15:05:41","date_gmt":"2024-01-08T14:05:41","guid":{"rendered":"https:\/\/www.certifer.eu\/?page_id=9297"},"modified":"2024-12-01T21:50:21","modified_gmt":"2024-12-01T20:50:21","slug":"personvernerklaering","status":"publish","type":"page","link":"https:\/\/www.certifer.eu\/no\/personvernerklaering\/","title":{"rendered":"Personvernerkl\u00e6ring"},"content":{"rendered":"<div  class=\"keblk keblk-v-align-top keblock-section-lame responsive is-padded bg-none \"   style=\"\"  id=\"\">\r\n\t\r\n\t\t<div class=\"block-content\">\r\n                    \n<div  class=\"keblk keblk-v-align-top keblock-text\" >\r\n\t\r\n\t\t\r\n\t<div class=\"block-content\">\t\r\n\t\n\n<p>I denne personvernerkl\u00e6ringen forklarer vi hva vi gj\u00f8r med dataene vi f\u00e5r om deg via <a href=\"https:\/\/www.certifer.eu\">https:\/\/www.certifer.eu<\/a>. Vi anbefaler at du leser denne erkl\u00e6ringen n\u00f8ye. Vi overholder kravene i personvernlovgivningen n\u00e5r vi behandler dine data.<\/p>\n\n\n\n<p>Dette betyr blant annet at:<\/p>\n\n\n\n<p>\u2022 vi tydelig angir form\u00e5lene for hvilke vi behandler personopplysninger. Dette gj\u00f8r vi i denne personvernerkl\u00e6ringen;<br>\u2022 vi fors\u00f8ker \u00e5 begrense v\u00e5r innsamling av personopplysninger til det som er n\u00f8dvendig for legitime form\u00e5l;<br>\u2022 vi ber f\u00f8rst om ditt uttrykkelige samtykke for \u00e5 behandle dine personopplysninger i tilfeller hvor ditt samtykke er p\u00e5krevd;<br>\u2022 vi tar passende sikkerhetstiltak for \u00e5 beskytte dine personopplysninger, og vi krever det samme av parter som behandler personopplysninger p\u00e5 v\u00e5re vegne;<\/p>\n\n\n\n<p>\u2022 vi respekterer din rett til \u00e5 konsultere, rette eller slette dine personopplysninger dersom du ber om det.<\/p>\n\n\n\n<p>Hvis du har sp\u00f8rsm\u00e5l eller \u00f8nsker \u00e5 vite n\u00f8yaktig hvilke data vi har, vennligst <a href=\"https:\/\/www.certifer.eu\/contact\/\"><strong>Kontakt oss<\/strong><\/a>.<\/p>\n\n\n\n<h2 class=\"wp-block-heading\">Form\u00e5l, data og lagringsperiode<\/h2>\n\n\n\n<p>Vi kan samle inn eller motta personlig informasjon av ulike grunner knyttet til v\u00e5r virksomhet, inkludert f\u00f8lgende:<\/p>\n\n\n\n<h2 class=\"wp-block-heading\">Kontakt via e-post eller kontaktskjema p\u00e5 v\u00e5r nettside<\/h2>\n\n\n\n<p>Vi bruker f\u00f8lgende data til dette form\u00e5let:<\/p>\n\n\n\n<p>\u2022 Fornavn og etternavn<br>\u2022 E-postadresse<br>\u2022 Telefonnummer<\/p>\n\n\n\n<p><strong>Grunnlag for databehandling:<\/strong><\/p>\n\n\n\n<p>Behandling av disse dataene skjer p\u00e5 grunnlag av en legitim interesse.<\/p>\n\n\n\n<p><strong><a href=\"Lagringsperiode:\">Lagringsperiode<\/a><\/strong>:<\/p>\n\n\n\n<p>Vi oppbevarer disse dataene frem til tjenesten avsluttes.<\/p>\n\n\n\n<h2 class=\"wp-block-heading\">Utarbeidelse av statistikk over publikum og bruk av nettjenester<\/h2>\n\n\n\n<p>Til dette form\u00e5let bruker vi data knyttet til brukerens nettaktivitet p\u00e5 v\u00e5r nettside: bes\u00f8ksstier, brukte funksjoner, dato og varighet av tilkobling, samt opprinnelse.<\/p>\n\n\n\n<p><strong>Grunnlag for databehandling:<\/strong><\/p>\n\n\n\n<p>Behandling av disse dataene skjer p\u00e5 grunnlag av en legitim interesse.<\/p>\n\n\n\n<p><strong><a href=\"Lagringsperiode:\">Lagringsperiode:<\/a><\/strong><\/p>\n\n\n\n<p>Vi oppbevarer disse dataene i 13 m\u00e5neder.<\/p>\n\n\n\n<h2 class=\"wp-block-heading\">Informasjonskapsler<\/h2>\n\n\n\n<p>V\u00e5r nettside bruker informasjonskapsler. For mer informasjon om informasjonskapsler, se v\u00e5r\u00a0<strong><a href=\"https:\/\/www.certifer.eu\/politique-de-cookies-ue\/\">Cookie Policy<\/a>.<\/strong><\/p>\n\n\n\n<h2 class=\"wp-block-heading\">Overf\u00f8ring av data<\/h2>\n\n\n\n<p>Vi utleverer personlig informasjon dersom vi er lovp\u00e5lagt det, p\u00e5lagt av rettsordre, som svar p\u00e5 en foresp\u00f8rsel fra en rettsh\u00e5ndhevende myndighet, eller n\u00e5r det er tillatt etter andre lovbestemmelser, for \u00e5 gi informasjon eller som en del av en unders\u00f8kelse relatert til offentlig sikkerhet.<\/p>\n\n\n\n<p>Dersom v\u00e5r nettside eller organisasjon blir overtatt, solgt eller involvert i en fusjon eller oppkj\u00f8p, kan dine data bli delt med v\u00e5re r\u00e5dgivere og potensielle kj\u00f8pere og videreformidles til de nye eierne.<\/p>\n\n\n\n<h2 class=\"wp-block-heading\">Sikkerhet<\/h2>\n\n\n\n<p>Vi er forpliktet til \u00e5 sikre personopplysninger. Vi iverksetter passende sikkerhetstiltak for \u00e5 begrense misbruk og uautorisert tilgang til personopplysninger. Dette sikrer at kun n\u00f8dvendige personer har tilgang til dine data, at tilgangen er beskyttet, og at v\u00e5re sikkerhetstiltak regelmessig gjennomg\u00e5s.<\/p>\n\n\n\n<h2 class=\"wp-block-heading\">Tredjeparts nettsteder<\/h2>\n\n\n\n<p>Denne personvernerkl\u00e6ringen gjelder ikke for tredjeparts nettsteder som er koblet til v\u00e5r nettside via lenker. Vi kan ikke garantere at disse tredjepartene h\u00e5ndterer dine personopplysninger p\u00e5 en p\u00e5litelig eller sikker m\u00e5te. Vi anbefaler at du leser personvernerkl\u00e6ringene p\u00e5 disse nettstedene f\u00f8r du bruker dem.<\/p>\n\n\n\n<h2 class=\"wp-block-heading\">Dine rettigheter ang\u00e5ende personopplysninger<\/h2>\n\n\n\n<p>Hvis du har sp\u00f8rsm\u00e5l eller \u00f8nsker \u00e5 vite hvilke personopplysninger vi har om deg, kan du kontakte oss ved hjelp av opplysningene nedenfor.<\/p>\n\n\n\n<p><strong>Du har f\u00f8lgende rettigheter:<br><\/strong>\u2022 <strong>Rett til informasjon:<\/strong> Du har rett til \u00e5 vite hvorfor dine personopplysninger trengs, hva som vil skje med dem og hvor lenge de vil bli oppbevart.<br>\u2022 <strong>Innsynsrett:<\/strong> Du har rett til \u00e5 f\u00e5 tilgang til de personopplysningene vi har om deg.<br>\u2022 <strong>Rett til retting:<\/strong> Du har rett til \u00e5 legge til, korrigere, slette eller blokkere dine personopplysninger n\u00e5r som helst.<br>\u2022 <strong>Rett til \u00e5 trekke tilbake samtykke:<\/strong> Hvis du har gitt samtykke til behandling av dine data, har du rett til \u00e5 trekke dette tilbake og f\u00e5 dine personopplysninger slettet.<br>\u2022 <strong>Rett til dataportabilitet:<\/strong> Du har rett til \u00e5 be om alle dine personopplysninger fra behandlingsansvarlig og overf\u00f8re dem i sin helhet til en annen behandlingsansvarlig.<br>\u2022 <strong>Rett til innsigelse:<\/strong> Du kan motsette deg behandlingen av dine data. Vi vil respektere dette med mindre det er saklige grunner til behandlingen.<\/p>\n\n\n\n<p>Vennligst s\u00f8rg for at du oppgir tydelig hvem du er, slik at vi kan sikre at vi ikke endrer eller sletter data for feil person.<\/p>\n\n\n\n<h2 class=\"wp-block-heading\">Kontakt <\/h2>\n\n\n\n<p>Hvis du har sp\u00f8rsm\u00e5l og\/eller kommentarer om v\u00e5r cookiepolicy og denne erkl\u00e6ringen, kan du kontakte oss via f\u00f8lgende detaljer:<\/p>\n\n\n\n<p>CERTIFER S.A.<br>18, Rue Edmond Membr\u00e9e<br>CS 40141<br>59308 Valenciennes, Frankrike<br>+33 3 27 28 35 00<br>contact@certifer.eu<br>https:\/\/www.certifer.eu<br><\/p>\n\n\r\n\t<\/div>\r\n<\/div>\r\n    \n        \t<\/div>\r\n<\/div>\r\n    ","protected":false},"excerpt":{"rendered":"","protected":false},"author":6,"featured_media":0,"parent":0,"menu_order":0,"comment_status":"closed","ping_status":"open","template":"template-legal.php","meta":{"_acf_changed":false,"inline_featured_image":false,"footnotes":""},"class_list":["post-9297","page","type-page","status-publish","hentry"],"acf":[],"_links":{"self":[{"href":"https:\/\/www.certifer.eu\/no\/wp-json\/wp\/v2\/pages\/9297","targetHints":{"allow":["GET"]}}],"collection":[{"href":"https:\/\/www.certifer.eu\/no\/wp-json\/wp\/v2\/pages"}],"about":[{"href":"https:\/\/www.certifer.eu\/no\/wp-json\/wp\/v2\/types\/page"}],"author":[{"embeddable":true,"href":"https:\/\/www.certifer.eu\/no\/wp-json\/wp\/v2\/users\/6"}],"replies":[{"embeddable":true,"href":"https:\/\/www.certifer.eu\/no\/wp-json\/wp\/v2\/comments?post=9297"}],"version-history":[{"count":2,"href":"https:\/\/www.certifer.eu\/no\/wp-json\/wp\/v2\/pages\/9297\/revisions"}],"predecessor-version":[{"id":9909,"href":"https:\/\/www.certifer.eu\/no\/wp-json\/wp\/v2\/pages\/9297\/revisions\/9909"}],"wp:attachment":[{"href":"https:\/\/www.certifer.eu\/no\/wp-json\/wp\/v2\/media?parent=9297"}],"curies":[{"name":"wp","href":"https:\/\/api.w.org\/{rel}","templated":true}]}}