{"id":9312,"date":"2023-10-13T15:43:06","date_gmt":"2023-10-13T13:43:06","guid":{"rendered":"https:\/\/www.certifer.eu\/?page_id=9312"},"modified":"2025-11-03T14:59:04","modified_gmt":"2025-11-03T13:59:04","slug":"peling-heising-og-lofting","status":"publish","type":"page","link":"https:\/\/www.certifer.eu\/no\/vare-markeder\/peling-heising-og-lofting\/","title":{"rendered":"Peling, heising og l\u00f8fting"},"content":{"rendered":"<div  class=\"keblk keblk-v-align-top keblock-section-lame responsive is-padded bg-none \"   style=\"\"  id=\"\">\r\n\t\r\n\t\t<div class=\"block-content\">\r\n                    \n<div  class=\"keblk keblk-v-align-top keblock-text\" >\r\n\t\r\n\t\t\r\n\t<div class=\"block-content\">\t\r\n\t\n\n<h2 class=\"wp-block-heading\">Inspeksjon av pele, heise og l\u00f8fteutstyr<\/h2>\n\n\n\n<p>Med oppkj\u00f8pet av HHC\/DRS, v\u00e5rt nederlandske datterselskap som spesialiserer seg p\u00e5 inspeksjon, sertifisering og testing av jernbaneutbyggingsutstyr samt l\u00f8fte- og h\u00e5ndteringsutstyr, har CERTIFER-gruppen utvidet sitt virksomhetsomr\u00e5de utover jernbanesektoren.<\/p>\n\n\n\n<p>CERTIFER utf\u00f8rer inspeksjonsaktiviteter som ikke er begrenset til jernbanerelaterte prosjekter (l\u00f8fte- og l\u00f8fteutstyr, bulkcontainere, landbruksmaskiner, samt hage- og parkmaskiner). V\u00e5re tjenester omfatter b\u00e5de EN-ISO\/IEC 17020-akkrediterte og ikke-akkrediterte inspeksjoner.<\/p>\n\n\r\n\t<\/div>\r\n<\/div>\r\n    \n        \t<\/div>\r\n<\/div>\r\n    \n\n<div  class=\"keblk keblk-v-align-top keblock-section-lame responsive is-padded bg-none \"   style=\"\"  id=\"\">\r\n\t\r\n\t\t<div class=\"block-content\">\r\n                    \n\n<div class=\"wp-block-columns is-layout-flex wp-container-core-columns-is-layout-9d6595d7 wp-block-columns-is-layout-flex\">\n<div class=\"wp-block-column is-vertically-aligned-center is-layout-flow wp-block-column-is-layout-flow\"><div  class=\"keblk keblk-v-align-top keblock-multimedia type-img\" >\r\n\t\r\n\t\t<div class=\"block-content\"  style=\"aspect-ratio:16\/9\" >\t\r\n        <div class=\"visu-bg\" style=\"background-image:url('https:\/\/www.certifer.eu\/wp-content\/uploads\/2023\/11\/IMG-Piling-hoisting-lifting-02.jpg');\"><\/div>\r\n\t\t<!-- CONTENT -->\r\n\t\t            \t\t\t\t\r\n\t\t\r\n\t<\/div>\r\n<\/div>\r\n    <\/div>\n\n\n\n<div class=\"wp-block-column is-vertically-aligned-center is-layout-flow wp-block-column-is-layout-flow\"><div  class=\"keblk keblk-v-align-top keblock-text\" >\r\n\t\r\n\t\t\r\n\t<div class=\"block-content\">\t\r\n\t\n\n<h2 class=\"wp-block-heading\">CERRTIFER ferdigheter<\/h2>\n\n\n\n<p>CERTIFER har avtale med den nederlandske TCVT-stiftelsen om gjennomf\u00f8ring av f\u00f8lgende retningslinjer for tilsyn med sertifisering av vertikal transport:<\/p>\n\n\n\n<p>\u2022 W3-01 Retningslinjer for inspeksjon av mobilkraner, lastebilmonterte kraner, teleskoptrucker og masseforflyttingsmaskiner som er utstyrt som mobilkraner.<\/p>\n\n\n\n<p>\u2022 W5-retningslinje for inspeksjon av jernbaneinfrastruktur maskiner, med eller uten tillegg av lokale spor.<\/p>\n\n\n\n<p>\u2022 W6 retningslinje for inspeksjon av peleutstyr, bruk, montering, samt periodiske inspeksjoner.<\/p>\n\n\r\n\t<\/div>\r\n<\/div>\r\n    <\/div>\n<\/div>\n\n        \t<\/div>\r\n<\/div>\r\n    \n\n<div  class=\"keblk keblk-v-align-top keblock-section-lame responsive is-padded bg-none \"   style=\"\"  id=\"\">\r\n\t\r\n\t\t<div class=\"block-content\">\r\n                    \n<div  class=\"keblk keblk-v-align-top keblock-text\" >\r\n\t\r\n\t\t\r\n\t<div class=\"block-content\">\t\r\n\t\n\n<p>I samarbeid med TCVT-stiftelsen og de lokale jernbaneselskapene GVB, HTM, RET og RTU har CERTIFER utviklet en sertifiseringsretningslinje som kan brukes til \u00e5 vurdere vedlikeholdsutstyr for disse ulike lokale jernbaneselskapene n\u00e5r det gjelder infrastrukturkompatibilitet og sikker bruk av disse<\/p>\n\n\r\n\t<\/div>\r\n<\/div>\r\n    \n        \t<\/div>\r\n<\/div>\r\n    \n\n<div  class=\"keblk keblk-v-align-top keblock-section-lame responsive is-padded bg-none \"   style=\"\"  id=\"\">\r\n\t\r\n\t\t<div class=\"block-content\">\r\n                    \n\n<div class=\"wp-block-columns is-layout-flex wp-container-core-columns-is-layout-9d6595d7 wp-block-columns-is-layout-flex\">\n<div class=\"wp-block-column is-vertically-aligned-center is-layout-flow wp-block-column-is-layout-flow\"><div  class=\"keblk keblk-v-align-top keblock-text\" >\r\n\t\r\n\t\t\r\n\t<div class=\"block-content\">\t\r\n\t\n\n<h2 class=\"wp-block-heading\"><strong>TCVT Jernbaneinfrastruktur maskiner<\/strong><\/h2>\n\n\n\n<p>Fra 1. februar 2002 skal jernbaneinfrastruktur maskiner inspiseres av inspeksjonsorganer. CERTIFER er akkreditert for \u00e5 utf\u00f8re slike inspeksjoner (kjent under nummer I141) av det nederlandske akkrediteringsr\u00e5det, og har inng\u00e5tt en avtale om dette med TCVT, det nederlandske organet for tilsyn med sertifisering av vertikal transport.<\/p>\n\n\n\n<p>Maskiner for jernbaneinfrastruktur som opererer p\u00e5 nedlagte spor, er spesialdrevne kj\u00f8ret\u00f8y som kan kj\u00f8re p\u00e5 disse sporene, og som er beregnet p\u00e5 \u00e5 legge nye spor, erstatte spor eller utf\u00f8re vedlikehold av spor.<\/p>\n\n\r\n\t<\/div>\r\n<\/div>\r\n    <\/div>\n\n\n\n<div class=\"wp-block-column is-vertically-aligned-center is-layout-flow wp-block-column-is-layout-flow\"><div  class=\"keblk keblk-v-align-top keblock-multimedia type-img\" >\r\n\t\r\n\t\t<div class=\"block-content\"  style=\"aspect-ratio:4\/3\" >\t\r\n        <div class=\"visu-bg\" style=\"background-image:url('https:\/\/www.certifer.eu\/wp-content\/uploads\/2023\/11\/IMG-piling-hoisting-lifting.jpg');\"><\/div>\r\n\t\t<!-- CONTENT -->\r\n\t\t            \t\t\t\t\r\n\t\t\r\n\t<\/div>\r\n<\/div>\r\n    <\/div>\n<\/div>\n\n        \t<\/div>\r\n<\/div>\r\n    \n\n<div  class=\"keblk keblk-v-align-top keblock-section-lame responsive is-padded bg-none \"   style=\"\"  id=\"\">\r\n\t\r\n\t\t<div class=\"block-content\">\r\n                    \n\n<h3 class=\"wp-block-heading\">Noen eksempler p\u00e5 jernbaneinfrastruktur maskiner inkluderer:<\/h3>\n\n\n\n<p>\u2022 Jernbanebaserte vedlikeholdsmaskiner som beskrevet i EN14033-1\/ -2\/ -3.<\/p>\n\n\n\n<p>\u2022 Vei- og banemaskiner, med eller uten kraner eller forh\u00f8yede arbeidsplattformer, som beskrevet i EN15746-1 \/-2.<\/p>\n\n\n\n<p>\u2022 Demonterbare maskiner som beskrevet i EN 15955-1 \/-2.<\/p>\n\n        \t<\/div>\r\n<\/div>\r\n    \n\n<div  class=\"keblk blkuid-17 keblk-v-align-top keblock-section-lame-multicol responsive   bg-none nbcol-2\"   style=\"\"  >\r\n\r\n\t\t<div class=\"block-content\">\r\n\t    \n<div  class=\"keblk keblk-v-align-top keblock-conteneur\"   style=\"padding:0px\"  >\r\n\t\r\n\t\t\r\n\t<div class=\"block-content\">\t\r\n\t\n<div  class=\"keblk keblk-v-align-top keblock-rectangle-encadre\" >\r\n\t\r\n\t\t\r\n    \t<div class=\"blk_rectangle_encadre\">\r\n\t\t\t\t\t\t\t<div class=\"wrap-title\"><p><span class=\"keb-headings style-3\">Omfang i henhold til EN-ISO\/IEC 17020<\/span><\/p>\n<\/div>\r\n\t\t\t\t\t\t\t<div class=\"wrap-text\"><p style=\"text-align: left;\">\u2022 Periodiske inspeksjoner av TCVT W6-01 (peleutstyr)<br \/>\n\u2022 Periodiske inspeksjoner av TCVT W3-01 (mobilkraner, lastebilkraner og jordbevegelige maskiner med kranfunksjon)<br \/>\n\u2022 Kommisjonering \/ sertifisering og periodiske inspeksjoner av MEWP-er (Mobile Elevating Work Platforms), b\u00e5de for vei og jernbane<br \/>\n\u2022 Kommisjonering \/ sertifisering og periodiske inspeksjoner av kraner, b\u00e5de for vei og jernbane\/vei-aktiviteter.<br \/>\n\u2022 Periodiske inspeksjoner av TCVT W5-01 (maskiner for jernbaneinfrastruktur)<\/p>\n<\/div>\r\n\t\t\t\t\t<\/div>\r\n\t<\/div>\r\n    \n\r\n\t<\/div>\r\n<\/div>\r\n    \n\n<div  class=\"keblk keblk-v-align-top keblock-conteneur\"   style=\"padding:0px\"  >\r\n\t\r\n\t\t\r\n\t<div class=\"block-content\">\t\r\n\t\n<div  class=\"keblk keblk-v-align-top keblock-rectangle-encadre\" >\r\n\t\r\n\t\t\r\n    \t<div class=\"blk_rectangle_encadre\">\r\n\t\t\t\t\t\t\t<div class=\"wrap-title\"><p><span class=\"keb-headings style-3\">Omfang ikke i henhold til akredittering <\/span><\/p>\n<\/div>\r\n\t\t\t\t\t\t\t<div class=\"wrap-text\"><p style=\"text-align: left;\">\u2022 Inspeksjon av mellomstore bulkcontainere (IBC-er):<br \/>\n&#8211; mobile drivstofftanker for prosjektsteder,<br \/>\n&#8211; ADR<br \/>\n\u2022 Pr\u00f8veinspeksjoner av VA-keur maskiner<br \/>\n\u2022Inspeksjon av kraner for fart\u00f8yer for ferdsel p\u00e5 innlands vannveier i henhold til ES-TRIN<br \/>\n\u2022 Periodisk kontroll av arbeidsutstyr som elektriske h\u00e5ndverkt\u00f8y eller l\u00f8fteutstyr<\/p>\n<\/div>\r\n\t\t\t\t\t<\/div>\r\n\t<\/div>\r\n    \n\r\n\t<\/div>\r\n<\/div>\r\n    \n\r\n\t<\/div>\r\n<\/div>\r\n    \n\n<div  class=\"keblk keblk-v-align-top keblock-section-lame responsive is-padded bg-none \"   style=\"\"  id=\"\">\r\n\t\r\n\t\t<div class=\"block-content\">\r\n                    \n\n<div class=\"wp-block-columns is-layout-flex wp-container-core-columns-is-layout-9d6595d7 wp-block-columns-is-layout-flex\">\n<div class=\"wp-block-column is-vertically-aligned-center is-layout-flow wp-block-column-is-layout-flow\"><\/div>\n\n\n\n<div class=\"wp-block-column is-vertically-aligned-center is-layout-flow wp-block-column-is-layout-flow\"><\/div>\n<\/div>\n\n\n<div  class=\"keblk keblk-v-align-top keblock-section-lame responsive-mini is-padded bg-color  bg-color-blue\"   style=\"\"  id=\"\">\r\n\t\r\n\t\t<div class=\"block-content\">\r\n                    \n<div  class=\"keblk keblk-v-align-top keblock-text\" >\r\n\t\r\n\t\t\r\n\t<div class=\"block-content\">\t\r\n\t\n\n<h4 class=\"wp-block-heading alignfull has-white-color has-text-color has-link-color wp-elements-2a49f4d14b20d28d659697a20f9cf032\"><strong>For eventuelle sp\u00f8rsm\u00e5l om implementering av sertifiseringsretningslinjer fra CERTIFER, eller andre opplysninger om denne aktiviteten<\/strong><\/h4>\n\n\n<div  class=\"keblk keblk-h-align-left keblk-v-align-top keblock-bouton plein\" >\r\n\t\r\n\t\t\r\n\t<div class=\"block-content\">\t\r\n\t\t<a href=\"https:\/\/www.certifer.eu\/no\/kontakt\/?entry=phl\" target=\"\" class=\"uibt plein green\">\r\n\t\t<span class=\"bt-content\">Kontakt oss<\/span>\r\n\t\t<span class=\"bt-picto\"><\/span>\r\n\t<\/a>\r\n\t\t<\/div>\r\n<\/div>\r\n    \n\r\n\t<\/div>\r\n<\/div>\r\n    \n        \t<\/div>\r\n<\/div>\r\n    \n        \t<\/div>\r\n<\/div>\r\n    \n\n<div  class=\"keblk keblk-v-align-top keblock-section-lame responsive is-padded bg-none \"   style=\"\"  id=\"\">\r\n\t\r\n\t\t<div class=\"block-content\">\r\n                    \n<div  class=\"keblk keblk-v-align-top keblock-swiper\"   style=\"\"  >\r\n\t\r\n\t\t<div class=\"swiper-content\">\r\n\t\t\r\n<div id=\"_ku_23\" class=\"ksc-swiperjs-container swiper-for-achievement show-bt\" >\r\n\t\r\n\t<div class=\"ksc-swiperjs-content swiperjs_wrap_ku_23\">\r\n\t\t<!-- Want a title hu ? -->\r\n        \t\t<div class=\"swiper-header\">\r\n\t\t\t\t\t\t<div class=\"style-2 texttitle\">Prestasjoner<\/div>\r\n\t\t\t\t\t\t\r\n\t\t\t\t\t\t\t\t\t\t<a href=\"https:\/\/www.certifer.eu\/no\/prestasjoner\/\" class=\"uibt blue\">Se alt<\/a>\r\n\t\t\t\t\t<\/div>\r\n        \t\t\r\n\t\t<!-- Additional required wrapper -->\r\n\t\t<div class=\"swiper-wrapper\">\r\n\t\t\t<div class=\"post-slide post-type-achievement\">\r\n\t<div class=\"visuel \" style=\"background-image:url('https:\/\/www.certifer.eu\/wp-content\/uploads\/2024\/02\/IMG-FRANCE-HAUT-BUGEY-CONVENTIONAL-LINE.jpg');\"><\/div>\r\n\t<div class=\"titre style-3\">France: haut-bugey conventional line<\/div>\r\n\t<div class=\"desc\"><\/div>\r\n\t<div class=\"cta\">\t<a href=\"https:\/\/www.certifer.eu\/no\/achievement\/france-haut-bugey-conventional-line\/\" target=\"\" class=\"uilink plein green\">\r\n\t\t<span class=\"bt-content\">Les mer<\/span>\r\n\t\t<span class=\"bt-picto\"><\/span>\r\n\t<\/a>\r\n\t<\/div>\r\n<\/div>\r\n\t<div class=\"post-slide post-type-achievement\">\r\n\t<div class=\"visuel \" style=\"background-image:url('https:\/\/www.certifer.eu\/wp-content\/uploads\/2024\/02\/IMG-FRANCE-EOLE-PROJECT.png');\"><\/div>\r\n\t<div class=\"titre style-3\">France: Eole project<\/div>\r\n\t<div class=\"desc\">NoBo\/DeBo FR\/AsBo Services<\/div>\r\n\t<div class=\"cta\">\t<a href=\"https:\/\/www.certifer.eu\/no\/achievement\/france-eole-project\/\" target=\"\" class=\"uilink plein green\">\r\n\t\t<span class=\"bt-content\">Les mer<\/span>\r\n\t\t<span class=\"bt-picto\"><\/span>\r\n\t<\/a>\r\n\t<\/div>\r\n<\/div>\r\n\t<div class=\"post-slide post-type-achievement\">\r\n\t<div class=\"visuel \" style=\"background-image:url('https:\/\/www.certifer.eu\/wp-content\/uploads\/2024\/02\/IMG-FRANCE-CDG-EXPRESS-LINE-ASSESSMENT.png');\"><\/div>\r\n\t<div class=\"titre style-3\">France: CDG express line assessment<\/div>\r\n\t<div class=\"desc\">DeBo\/NoBo\/AsBo Services<\/div>\r\n\t<div class=\"cta\">\t<a href=\"https:\/\/www.certifer.eu\/no\/achievement\/france-cdg-express-line-assessment-2\/\" target=\"\" class=\"uilink plein green\">\r\n\t\t<span class=\"bt-content\">Les mer<\/span>\r\n\t\t<span class=\"bt-picto\"><\/span>\r\n\t<\/a>\r\n\t<\/div>\r\n<\/div>\r\n\t<div class=\"post-slide post-type-achievement\">\r\n\t<div class=\"visuel \" style=\"background-image:url('https:\/\/www.certifer.eu\/wp-content\/uploads\/2024\/02\/IMG-FRANCE-BYPASS-OF-DONGES-INDUSTRIAL-SITES-1024x420.jpg');\"><\/div>\r\n\t<div class=\"titre style-3\">France: bypass of Donges industrial sites<\/div>\r\n\t<div class=\"desc\">NoBo, DeBo and AsBo service<\/div>\r\n\t<div class=\"cta\">\t<a href=\"https:\/\/www.certifer.eu\/no\/achievement\/france-bypass-of-donges-industrial-sites-2\/\" target=\"\" class=\"uilink plein green\">\r\n\t\t<span class=\"bt-content\">Les mer<\/span>\r\n\t\t<span class=\"bt-picto\"><\/span>\r\n\t<\/a>\r\n\t<\/div>\r\n<\/div>\r\n\t<div class=\"post-slide post-type-achievement\">\r\n\t<div class=\"visuel \" style=\"background-image:url('https:\/\/www.certifer.eu\/wp-content\/uploads\/2024\/02\/IMG-FRANCE-BRETAGNE-PAYS-DE-LA-LOIRE-BPL-HSL.jpg');\"><\/div>\r\n\t<div class=\"titre style-3\">France : Bretagne Pays-De-La-Loire (BPL) HSL<\/div>\r\n\t<div class=\"desc\"><\/div>\r\n\t<div class=\"cta\">\t<a href=\"https:\/\/www.certifer.eu\/no\/achievement\/france-bretagne-pays-de-la-loire-bpl-hsl-2\/\" target=\"\" class=\"uilink plein green\">\r\n\t\t<span class=\"bt-content\">Les mer<\/span>\r\n\t\t<span class=\"bt-picto\"><\/span>\r\n\t<\/a>\r\n\t<\/div>\r\n<\/div>\r\n\t<div class=\"post-slide post-type-achievement\">\r\n\t<div class=\"visuel \" style=\"background-image:url('https:\/\/www.certifer.eu\/wp-content\/uploads\/2024\/02\/IMG-EVALUATION-OF-THE-TGV-POS-SUBSYSTEM-IN-RELATION-TO-TSI.jpg');\"><\/div>\r\n\t<div class=\"titre style-3\">Evaluation of the TGV POS subsystem in relation to TSI<\/div>\r\n\t<div class=\"desc\"><\/div>\r\n\t<div class=\"cta\">\t<a href=\"https:\/\/www.certifer.eu\/no\/achievement\/evaluation-of-the-tgv-pos-subsystem-in-relation-to-tsi\/\" target=\"\" class=\"uilink plein green\">\r\n\t\t<span class=\"bt-content\">Les mer<\/span>\r\n\t\t<span class=\"bt-picto\"><\/span>\r\n\t<\/a>\r\n\t<\/div>\r\n<\/div>\r\n\t<div class=\"post-slide post-type-achievement\">\r\n\t<div class=\"visuel \" style=\"background-image:url('https:\/\/www.certifer.eu\/wp-content\/uploads\/2024\/02\/IMG-RAIL-BALTICA-PROJECT-1024x433.jpg');\"><\/div>\r\n\t<div class=\"titre style-3\">Baltic Countries: Rail Baltica Project<\/div>\r\n\t<div class=\"desc\">NoBo\/AsBo service<\/div>\r\n\t<div class=\"cta\">\t<a href=\"https:\/\/www.certifer.eu\/no\/achievement\/eastern-europe-rail-baltica-project-2\/\" target=\"\" class=\"uilink plein green\">\r\n\t\t<span class=\"bt-content\">Les mer<\/span>\r\n\t\t<span class=\"bt-picto\"><\/span>\r\n\t<\/a>\r\n\t<\/div>\r\n<\/div>\r\n\t<div class=\"post-slide post-type-achievement\">\r\n\t<div class=\"visuel \" style=\"background-image:url('https:\/\/www.certifer.eu\/wp-content\/uploads\/2024\/02\/IMG-DENMARK-RINGSTED-FEHMARN.jpg');\"><\/div>\r\n\t<div class=\"titre style-3\">Denmark: Ringsted &#8211; Fehmarn<\/div>\r\n\t<div class=\"desc\">NoBo \/ ISA Services<\/div>\r\n\t<div class=\"cta\">\t<a href=\"https:\/\/www.certifer.eu\/no\/achievement\/denmark-ringsted-fehmarn\/\" target=\"\" class=\"uilink plein green\">\r\n\t\t<span class=\"bt-content\">Les mer<\/span>\r\n\t\t<span class=\"bt-picto\"><\/span>\r\n\t<\/a>\r\n\t<\/div>\r\n<\/div>\r\n\t\t\t<\/div>\r\n\t\t\t\t<!-- If we need pagination -->\t\t\r\n\t\t<div class=\"swiper-pagination\"><\/div>\r\n\t\t\r\n\t\t<!-- If we need scrollbar -->\r\n\t\t<!--\t\t<div class=\"swiper-scrollbar\">SCROLLBAR<\/div>-->\r\n\t<\/div>\r\n<\/div>\r\n\t<\/div>\r\n\t<\/div>\r\n    \n        \t<\/div>\r\n<\/div>\r\n    \n\n<div  class=\"keblk blkuid-29 keblk-v-align-top no_margin border-top-verte keblock-section-lame-multicol responsive is-semi-padded with-separators bg-color bg-color-blue nbcol-4\"   style=\"\"  >\r\n\r\n\t\t<div class=\"block-content\">\r\n\t    \n<div  class=\"keblk keblk-v-align-top keblock-conteneur\"   style=\"padding:0px\"  >\r\n\t\r\n\t\t\r\n\t<div class=\"block-content\">\t\r\n\t\n\n<p class=\"has-text-align-center texte-ombre style-2\">10.000<\/p>\n\n\n\n<p class=\"has-text-align-center\">UTSTEDTE SERTIFIKATER<\/p>\n\n\r\n\t<\/div>\r\n<\/div>\r\n    \n\n<div  class=\"keblk keblk-v-align-top keblock-conteneur\"   style=\"padding:0px\"  >\r\n\t\r\n\t\t\r\n\t<div class=\"block-content\">\t\r\n\t\n\n<p class=\"has-text-align-center texte-ombre style-2\">30+<\/p>\n\n\n\n<p class=\"has-text-align-center\">ANERKJENNELSER<\/p>\n\n\r\n\t<\/div>\r\n<\/div>\r\n    \n\n<div  class=\"keblk keblk-v-align-top keblock-conteneur\"   style=\"padding:0px\"  >\r\n\t\r\n\t\t\r\n\t<div class=\"block-content\">\t\r\n\t\n\n<p class=\"has-text-align-center texte-ombre style-2\">10<\/p>\n\n\n\n<p class=\"has-text-align-center\">AKKREDITERTE ENHETER<\/p>\n\n\r\n\t<\/div>\r\n<\/div>\r\n    \n\n<div  class=\"keblk keblk-v-align-top keblock-conteneur\"   style=\"padding:0px\"  >\r\n\t\r\n\t\t\r\n\t<div class=\"block-content\">\t\r\n\t\n\n<p class=\"has-text-align-center texte-ombre style-2\">6<\/p>\n\n\n\n<p class=\"has-text-align-center\">TEKNISKE KONTROLLORGAN<\/p>\n\n\r\n\t<\/div>\r\n<\/div>\r\n    \n\r\n\t<\/div>\r\n<\/div>\r\n    \n\n\n<p><\/p>\n","protected":false},"excerpt":{"rendered":"","protected":false},"author":6,"featured_media":0,"parent":9911,"menu_order":0,"comment_status":"closed","ping_status":"closed","template":"template-page-activite.php","meta":{"_acf_changed":false,"inline_featured_image":false,"footnotes":""},"class_list":["post-9312","page","type-page","status-publish","hentry"],"acf":[],"_links":{"self":[{"href":"https:\/\/www.certifer.eu\/no\/wp-json\/wp\/v2\/pages\/9312","targetHints":{"allow":["GET"]}}],"collection":[{"href":"https:\/\/www.certifer.eu\/no\/wp-json\/wp\/v2\/pages"}],"about":[{"href":"https:\/\/www.certifer.eu\/no\/wp-json\/wp\/v2\/types\/page"}],"author":[{"embeddable":true,"href":"https:\/\/www.certifer.eu\/no\/wp-json\/wp\/v2\/users\/6"}],"replies":[{"embeddable":true,"href":"https:\/\/www.certifer.eu\/no\/wp-json\/wp\/v2\/comments?post=9312"}],"version-history":[{"count":13,"href":"https:\/\/www.certifer.eu\/no\/wp-json\/wp\/v2\/pages\/9312\/revisions"}],"predecessor-version":[{"id":11807,"href":"https:\/\/www.certifer.eu\/no\/wp-json\/wp\/v2\/pages\/9312\/revisions\/11807"}],"up":[{"embeddable":true,"href":"https:\/\/www.certifer.eu\/no\/wp-json\/wp\/v2\/pages\/9911"}],"wp:attachment":[{"href":"https:\/\/www.certifer.eu\/no\/wp-json\/wp\/v2\/media?parent=9312"}],"curies":[{"name":"wp","href":"https:\/\/api.w.org\/{rel}","templated":true}]}}