{"id":9321,"date":"2023-10-13T15:27:10","date_gmt":"2023-10-13T13:27:10","guid":{"rendered":"https:\/\/www.certifer.eu\/?page_id=9321"},"modified":"2024-12-10T14:38:49","modified_gmt":"2024-12-10T13:38:49","slug":"jernbane","status":"publish","type":"page","link":"https:\/\/www.certifer.eu\/no\/vare-markeder\/jernbane\/","title":{"rendered":"Jernbane"},"content":{"rendered":"<div  class=\"keblk keblk-v-align-top keblock-section-lame responsive is-padded bg-none \"   style=\"\"  id=\"\">\r\n\t\r\n\t\t<div class=\"block-content\">\r\n                    \n<div  class=\"keblk keblk-v-align-top keblock-text\" >\r\n\t\r\n\t\t\r\n\t<div class=\"block-content\">\t\r\n\t\n\n<h2 class=\"wp-block-heading\">Jernbane, en hj\u00f8rnestein i moderne infrastruktur<\/h2>\n\n\n\n<p>Jernbaner er er underlagt et komplekst regelverk som er avgj\u00f8rende for deres fortsatte drift som effektive, sikre og b\u00e6rekraftige transportsystemer.<\/p>\n\n\n\n<p>CERTIFER arbeider med prosjekter over hele verden, med varierte krav til regelverk, organisasjon, teknisk kompleksitet eller milj\u00f8. V\u00e5r erfaring med b\u00e5de konvensjonelle og h\u00f8yhastighetstog gj\u00f8r oss i stand til \u00e5 h\u00e5ndtere et bredt spekter av situasjoner.<\/p>\n\n\n\n<p>Gjennom \u00e5rene har vi opparbeidet oss solid kompetanse innen transportprosjekter p\u00e5 europeiske og internasjonale nettverk. Dette gj\u00f8r oss i stand til \u00e5 v\u00e6re mer relevante og gir oss muligheten til \u00e5 gi ethvert nytt prosjekt fordelen av tilbakemeldinger basert p\u00e5 erfaringer fra tidligere prosjekter. Denne kunnskapen, kombinert med v\u00e5re dokumenterte prosesser gjennom mer enn 25 \u00e5r, kommer alle nye prosjekter til gode.<\/p>\n\n\r\n\t<\/div>\r\n<\/div>\r\n    \n        \t<\/div>\r\n<\/div>\r\n    \n\n<div  class=\"keblk keblk-v-align-top keblock-section-lame responsive is-padded bg-none \"   style=\"\"  id=\"\">\r\n\t\r\n\t\t<div class=\"block-content\">\r\n                    \n\n<div class=\"wp-block-columns is-layout-flex wp-container-core-columns-is-layout-9d6595d7 wp-block-columns-is-layout-flex\">\n<div class=\"wp-block-column is-vertically-aligned-center is-layout-flow wp-block-column-is-layout-flow\">\n<figure class=\"wp-block-image size-large\"><img decoding=\"async\" width=\"1024\" height=\"640\" src=\"https:\/\/www.certifer.eu\/wp-content\/uploads\/2023\/10\/IMG_Rolling-stock06-1024x640.jpg\" alt=\"\" class=\"wp-image-58\" srcset=\"https:\/\/www.certifer.eu\/wp-content\/uploads\/2023\/10\/IMG_Rolling-stock06-1024x640.jpg 1024w, https:\/\/www.certifer.eu\/wp-content\/uploads\/2023\/10\/IMG_Rolling-stock06-300x188.jpg 300w, https:\/\/www.certifer.eu\/wp-content\/uploads\/2023\/10\/IMG_Rolling-stock06-768x480.jpg 768w, https:\/\/www.certifer.eu\/wp-content\/uploads\/2023\/10\/IMG_Rolling-stock06-1536x960.jpg 1536w, https:\/\/www.certifer.eu\/wp-content\/uploads\/2023\/10\/IMG_Rolling-stock06.jpg 1920w\" sizes=\"(max-width: 1024px) 100vw, 1024px\" \/><\/figure>\n<\/div>\n\n\n\n<div class=\"wp-block-column is-vertically-aligned-center is-layout-flow wp-block-column-is-layout-flow\"><div  class=\"keblk keblk-v-align-top keblock-text\" >\r\n\t\r\n\t\t\r\n\t<div class=\"block-content\">\t\r\n\t\n\n<h2 class=\"wp-block-heading\">CERTIFER kompetanse <\/h2>\n\n\n\n<p>Takket v\u00e6re v\u00e5rt nettverk av over 500 eksperter og v\u00e5r evne til \u00e5 rekruttere, trene og utvikle v\u00e5re ressurser, kan vi m\u00f8te alle dine behov ved \u00e5 mobilisere et h\u00f8yt kompetent, profesjonelt og responsivt team for dine prosjekter.<\/p>\n\n\n\n<p>Infrastrukturforvaltere, operat\u00f8rer, entrepren\u00f8rer, leverand\u00f8rer , CERTIFER st\u00f8tter deg gjennom hele livssyklusen til dine eiendeler i alle faser, fra konsept, design, produksjon, testing og systemintegrasjon til drift og vedlikehold.<\/p>\n\n\r\n\t<\/div>\r\n<\/div>\r\n    <\/div>\n<\/div>\n\n        \t<\/div>\r\n<\/div>\r\n    \n\n<div  class=\"keblk keblk-v-align-top keblock-section-lame responsive is-padded bg-none \"   style=\"\"  id=\"\">\r\n\t\r\n\t\t<div class=\"block-content\">\r\n                    \n<div  class=\"keblk keblk-v-align-top keblock-text\" >\r\n\t\r\n\t\t\r\n\t<div class=\"block-content\">\t\r\n\t\n\n<h2 class=\"wp-block-heading\">V\u00e5re tjenester<\/h2>\n\n\n\n<p>CERTIFER tilbyr et omfattende sett med konsulent-, test-, inspeksjons- og sertifiseringstjenester for \u00e5 hjelpe deg med \u00e5 forst\u00e5 regelverket og sikre at ditt produkt, delsystem eller prosjekt er i samsvar med gjeldende krav:<\/p>\n\n\r\n\t<\/div>\r\n<\/div>\r\n    \n\n<div  class=\"keblk blkuid-15 keblk-v-align-top keblock-section-lame-multicol fullwidth   bg-none nbcol-4\"   style=\"\"  >\r\n\r\n\t\t<div class=\"block-content\">\r\n\t    \n<div  class=\"keblk keblk-v-align-top keblock-conteneur\"   style=\"padding:0px\"  >\r\n\t\r\n\t\t\r\n\t<div class=\"block-content\">\t\r\n\t\n<div  class=\"keblk keblk-v-align-top keblock-rectangle-encadre\" >\r\n\t\r\n\t\t\r\n    \t<div class=\"blk_rectangle_encadre\">\r\n\t\t\t\t\t\t\t\t\t<div class=\"wrap-text\"><p><span style=\"color: #49a336; font-family: Sofia Sans, sans-serif;\"><span style=\"font-size: 18px;\"><b><span class=\"style-4\" style=\"color: #0076b3;\">Inspeksjon og sertifiseringstjenester<\/span><\/b><\/span><\/span><\/p>\n<\/div>\r\n\t\t\t\t\t\t\t<div class=\"wrap-url\">\r\n\t\t\t\t\t\t\t\t\t<a href=\"https:\/\/www.certifer.eu\/no\/vare-tjenester\/inspeksjon-og-sertifisering\/\" class=\"bt-learn\" target=\"\">Les mer <\/a>\r\n\t\t\t\t\t\t\t\t\t\t\t<\/div>\r\n\t\t\t<\/div>\r\n\t<\/div>\r\n    \n\r\n\t<\/div>\r\n<\/div>\r\n    \n\n<div  class=\"keblk keblk-v-align-top keblock-conteneur\"   style=\"padding:0px\"  >\r\n\t\r\n\t\t\r\n\t<div class=\"block-content\">\t\r\n\t\n<div  class=\"keblk keblk-v-align-top keblock-rectangle-encadre\" >\r\n\t\r\n\t\t\r\n    \t<div class=\"blk_rectangle_encadre\">\r\n\t\t\t\t\t\t\t\t\t<div class=\"wrap-text\"><p><span style=\"color: #49a336; font-family: Sofia Sans, sans-serif;\"><span style=\"font-size: 18px;\"><b><span class=\"style-4\" style=\"color: #0076b3;\">Testing og testorganisation<\/span><\/b><\/span><\/span><\/p>\n<\/div>\r\n\t\t\t\t\t\t\t<div class=\"wrap-url\">\r\n\t\t\t\t\t\t\t\t\t<a href=\"https:\/\/www.certifer.eu\/no\/vare-tjenester\/testing\/\" class=\"bt-learn\" target=\"\">Les mer<\/a>\r\n\t\t\t\t\t\t\t\t\t\t\t<\/div>\r\n\t\t\t<\/div>\r\n\t<\/div>\r\n    \n\r\n\t<\/div>\r\n<\/div>\r\n    \n\n<div  class=\"keblk keblk-v-align-top keblock-conteneur\"   style=\"padding:0px\"  >\r\n\t\r\n\t\t\r\n\t<div class=\"block-content\">\t\r\n\t\n<div  class=\"keblk keblk-v-align-top keblock-rectangle-encadre\" >\r\n\t\r\n\t\t\r\n    \t<div class=\"blk_rectangle_encadre\">\r\n\t\t\t\t\t\t\t\t\t<div class=\"wrap-text\"><p><span style=\"color: #49a336; font-family: Sofia Sans, sans-serif;\"><span style=\"font-size: 18px;\"><b><span class=\"style-4\" style=\"color: #0076b3;\">R\u00e5dgivning<\/span><\/b><\/span><\/span><\/p>\n<\/div>\r\n\t\t\t\t\t\t\t<div class=\"wrap-url\">\r\n\t\t\t\t\t\t\t\t\t<a href=\"https:\/\/www.certifer.eu\/no\/vare-tjenester\/radgivning\/\" class=\"bt-learn\" target=\"\">Les mer<\/a>\r\n\t\t\t\t\t\t\t\t\t\t\t<\/div>\r\n\t\t\t<\/div>\r\n\t<\/div>\r\n    \n\r\n\t<\/div>\r\n<\/div>\r\n    \n\n<div  class=\"keblk keblk-v-align-top keblock-conteneur\"   style=\"padding:0px\"  >\r\n\t\r\n\t\t\r\n\t<div class=\"block-content\">\t\r\n\t\n<div  class=\"keblk keblk-v-align-top keblock-rectangle-encadre\" >\r\n\t\r\n\t\t\r\n    \t<div class=\"blk_rectangle_encadre\">\r\n\t\t\t\t\t\t\t\t\t<div class=\"wrap-text\"><p><span class=\"keb-headings style-4\" style=\"color: #0b4365;\"><span style=\"color: #49a336; font-family: Sofia Sans, sans-serif;\"><span style=\"font-size: 18px;\"><b><span class=\"style-4\" style=\"color: #0076b3;\">Oppl\u00e6ring<\/span><\/b><\/span><\/span><\/span><\/p>\n<\/div>\r\n\t\t\t\t\t\t\t<div class=\"wrap-url\">\r\n\t\t\t\t\t\t\t\t\t<a href=\"https:\/\/www.certifer.eu\/no\/vare-tjenester\/academy\/\" class=\"bt-learn\" target=\"\">Les mer<\/a>\r\n\t\t\t\t\t\t\t\t\t\t\t<\/div>\r\n\t\t\t<\/div>\r\n\t<\/div>\r\n    \n\r\n\t<\/div>\r\n<\/div>\r\n    \n\r\n\t<\/div>\r\n<\/div>\r\n    \n        \t<\/div>\r\n<\/div>\r\n    \n\n<div  class=\"keblk keblk-v-align-top keblock-section-lame responsive is-padded bg-none \"   style=\"\"  id=\"\">\r\n\t\r\n\t\t<div class=\"block-content\">\r\n                    \n<div  class=\"keblk keblk-v-align-top keblock-swiper\"   style=\"\"  >\r\n\t\r\n\t\t<div class=\"swiper-content\">\r\n\t\t\r\n<div id=\"_ku_18\" class=\"ksc-swiperjs-container swiper-for-achievement show-bt\" >\r\n\t\r\n\t<div class=\"ksc-swiperjs-content swiperjs_wrap_ku_18\">\r\n\t\t<!-- Want a title hu ? -->\r\n        \t\t<div class=\"swiper-header\">\r\n\t\t\t\t\t\t<div class=\"style-2 texttitle\">Prestasjoner <\/div>\r\n\t\t\t\t\t\t\r\n\t\t\t\t\t\t\t\t\t\t<a href=\"https:\/\/www.certifer.eu\/no\/prestasjoner\/\" class=\"uibt blue\">Se alt<\/a>\r\n\t\t\t\t\t<\/div>\r\n        \t\t\r\n\t\t<!-- Additional required wrapper -->\r\n\t\t<div class=\"swiper-wrapper\">\r\n\t\t\t<div class=\"post-slide post-type-achievement\">\r\n\t<div class=\"visuel \" style=\"background-image:url('https:\/\/www.certifer.eu\/wp-content\/uploads\/2024\/02\/IMG-FRANCE-HAUT-BUGEY-CONVENTIONAL-LINE.jpg');\"><\/div>\r\n\t<div class=\"titre style-3\">France: haut-bugey conventional line<\/div>\r\n\t<div class=\"desc\"><\/div>\r\n\t<div class=\"cta\">\t<a href=\"https:\/\/www.certifer.eu\/no\/achievement\/france-haut-bugey-conventional-line\/\" target=\"\" class=\"uilink plein green\">\r\n\t\t<span class=\"bt-content\">Les mer<\/span>\r\n\t\t<span class=\"bt-picto\"><\/span>\r\n\t<\/a>\r\n\t<\/div>\r\n<\/div>\r\n\t<div class=\"post-slide post-type-achievement\">\r\n\t<div class=\"visuel \" style=\"background-image:url('https:\/\/www.certifer.eu\/wp-content\/uploads\/2024\/02\/IMG-FRANCE-EOLE-PROJECT.png');\"><\/div>\r\n\t<div class=\"titre style-3\">France: Eole project<\/div>\r\n\t<div class=\"desc\">NoBo\/DeBo FR\/AsBo Services<\/div>\r\n\t<div class=\"cta\">\t<a href=\"https:\/\/www.certifer.eu\/no\/achievement\/france-eole-project\/\" target=\"\" class=\"uilink plein green\">\r\n\t\t<span class=\"bt-content\">Les mer<\/span>\r\n\t\t<span class=\"bt-picto\"><\/span>\r\n\t<\/a>\r\n\t<\/div>\r\n<\/div>\r\n\t<div class=\"post-slide post-type-achievement\">\r\n\t<div class=\"visuel \" style=\"background-image:url('https:\/\/www.certifer.eu\/wp-content\/uploads\/2024\/02\/IMG-FRANCE-CDG-EXPRESS-LINE-ASSESSMENT.png');\"><\/div>\r\n\t<div class=\"titre style-3\">France: CDG express line assessment<\/div>\r\n\t<div class=\"desc\">DeBo\/NoBo\/AsBo Services<\/div>\r\n\t<div class=\"cta\">\t<a href=\"https:\/\/www.certifer.eu\/no\/achievement\/france-cdg-express-line-assessment-2\/\" target=\"\" class=\"uilink plein green\">\r\n\t\t<span class=\"bt-content\">Les mer<\/span>\r\n\t\t<span class=\"bt-picto\"><\/span>\r\n\t<\/a>\r\n\t<\/div>\r\n<\/div>\r\n\t<div class=\"post-slide post-type-achievement\">\r\n\t<div class=\"visuel \" style=\"background-image:url('https:\/\/www.certifer.eu\/wp-content\/uploads\/2024\/02\/IMG-FRANCE-BYPASS-OF-DONGES-INDUSTRIAL-SITES-1024x420.jpg');\"><\/div>\r\n\t<div class=\"titre style-3\">France: bypass of Donges industrial sites<\/div>\r\n\t<div class=\"desc\">NoBo, DeBo and AsBo service<\/div>\r\n\t<div class=\"cta\">\t<a href=\"https:\/\/www.certifer.eu\/no\/achievement\/france-bypass-of-donges-industrial-sites-2\/\" target=\"\" class=\"uilink plein green\">\r\n\t\t<span class=\"bt-content\">Les mer<\/span>\r\n\t\t<span class=\"bt-picto\"><\/span>\r\n\t<\/a>\r\n\t<\/div>\r\n<\/div>\r\n\t<div class=\"post-slide post-type-achievement\">\r\n\t<div class=\"visuel \" style=\"background-image:url('https:\/\/www.certifer.eu\/wp-content\/uploads\/2024\/02\/IMG-FRANCE-BRETAGNE-PAYS-DE-LA-LOIRE-BPL-HSL.jpg');\"><\/div>\r\n\t<div class=\"titre style-3\">France : Bretagne Pays-De-La-Loire (BPL) HSL<\/div>\r\n\t<div class=\"desc\"><\/div>\r\n\t<div class=\"cta\">\t<a href=\"https:\/\/www.certifer.eu\/no\/achievement\/france-bretagne-pays-de-la-loire-bpl-hsl-2\/\" target=\"\" class=\"uilink plein green\">\r\n\t\t<span class=\"bt-content\">Les mer<\/span>\r\n\t\t<span class=\"bt-picto\"><\/span>\r\n\t<\/a>\r\n\t<\/div>\r\n<\/div>\r\n\t<div class=\"post-slide post-type-achievement\">\r\n\t<div class=\"visuel \" style=\"background-image:url('https:\/\/www.certifer.eu\/wp-content\/uploads\/2024\/02\/IMG-EVALUATION-OF-THE-TGV-POS-SUBSYSTEM-IN-RELATION-TO-TSI.jpg');\"><\/div>\r\n\t<div class=\"titre style-3\">Evaluation of the TGV POS subsystem in relation to TSI<\/div>\r\n\t<div class=\"desc\"><\/div>\r\n\t<div class=\"cta\">\t<a href=\"https:\/\/www.certifer.eu\/no\/achievement\/evaluation-of-the-tgv-pos-subsystem-in-relation-to-tsi\/\" target=\"\" class=\"uilink plein green\">\r\n\t\t<span class=\"bt-content\">Les mer<\/span>\r\n\t\t<span class=\"bt-picto\"><\/span>\r\n\t<\/a>\r\n\t<\/div>\r\n<\/div>\r\n\t<div class=\"post-slide post-type-achievement\">\r\n\t<div class=\"visuel \" style=\"background-image:url('https:\/\/www.certifer.eu\/wp-content\/uploads\/2024\/02\/IMG-RAIL-BALTICA-PROJECT-1024x433.jpg');\"><\/div>\r\n\t<div class=\"titre style-3\">Baltic Countries: Rail Baltica Project<\/div>\r\n\t<div class=\"desc\">NoBo\/AsBo service<\/div>\r\n\t<div class=\"cta\">\t<a href=\"https:\/\/www.certifer.eu\/no\/achievement\/eastern-europe-rail-baltica-project-2\/\" target=\"\" class=\"uilink plein green\">\r\n\t\t<span class=\"bt-content\">Les mer<\/span>\r\n\t\t<span class=\"bt-picto\"><\/span>\r\n\t<\/a>\r\n\t<\/div>\r\n<\/div>\r\n\t<div class=\"post-slide post-type-achievement\">\r\n\t<div class=\"visuel \" style=\"background-image:url('https:\/\/www.certifer.eu\/wp-content\/uploads\/2024\/02\/IMG-DENMARK-RINGSTED-FEHMARN.jpg');\"><\/div>\r\n\t<div class=\"titre style-3\">Denmark: Ringsted &#8211; Fehmarn<\/div>\r\n\t<div class=\"desc\">NoBo \/ ISA Services<\/div>\r\n\t<div class=\"cta\">\t<a href=\"https:\/\/www.certifer.eu\/no\/achievement\/denmark-ringsted-fehmarn\/\" target=\"\" class=\"uilink plein green\">\r\n\t\t<span class=\"bt-content\">Les mer<\/span>\r\n\t\t<span class=\"bt-picto\"><\/span>\r\n\t<\/a>\r\n\t<\/div>\r\n<\/div>\r\n\t\t\t<\/div>\r\n\t\t\t\t<!-- If we need pagination -->\t\t\r\n\t\t<div class=\"swiper-pagination\"><\/div>\r\n\t\t\r\n\t\t<!-- If we need scrollbar -->\r\n\t\t<!--\t\t<div class=\"swiper-scrollbar\">SCROLLBAR<\/div>-->\r\n\t<\/div>\r\n<\/div>\r\n\t<\/div>\r\n\t<\/div>\r\n    \n        \t<\/div>\r\n<\/div>\r\n    \n\n<div  class=\"keblk blkuid-24 keblk-v-align-top no_margin border-top-verte keblock-section-lame-multicol responsive is-semi-padded with-separators bg-color bg-color-blue nbcol-4\"   style=\"\"  >\r\n\r\n\t\t<div class=\"block-content\">\r\n\t    \n<div  class=\"keblk keblk-v-align-top keblock-conteneur\"   style=\"padding:0px\"  >\r\n\t\r\n\t\t\r\n\t<div class=\"block-content\">\t\r\n\t\n\n<p class=\"has-text-align-center texte-ombre style-2\">10.000<\/p>\n\n\n\n<p class=\"has-text-align-center\">UTSTEDTE SERTIFIKATER<\/p>\n\n\r\n\t<\/div>\r\n<\/div>\r\n    \n\n<div  class=\"keblk keblk-v-align-top keblock-conteneur\"   style=\"padding:0px\"  >\r\n\t\r\n\t\t\r\n\t<div class=\"block-content\">\t\r\n\t\n\n<p class=\"has-text-align-center texte-ombre style-2\">30+<\/p>\n\n\n\n<p class=\"has-text-align-center\">ANERKJENNELSER<\/p>\n\n\r\n\t<\/div>\r\n<\/div>\r\n    \n\n<div  class=\"keblk keblk-v-align-top keblock-conteneur\"   style=\"padding:0px\"  >\r\n\t\r\n\t\t\r\n\t<div class=\"block-content\">\t\r\n\t\n\n<p class=\"has-text-align-center texte-ombre style-2\">10<\/p>\n\n\n\n<p class=\"has-text-align-center\">AKKREDITERTE ENHETER<\/p>\n\n\r\n\t<\/div>\r\n<\/div>\r\n    \n\n<div  class=\"keblk keblk-v-align-top keblock-conteneur\"   style=\"padding:0px\"  >\r\n\t\r\n\t\t\r\n\t<div class=\"block-content\">\t\r\n\t\n\n<p class=\"has-text-align-center texte-ombre style-2\">6<\/p>\n\n\n\n<p class=\"has-text-align-center\">TEKNISK KONTROLLORGAN<\/p>\n\n\r\n\t<\/div>\r\n<\/div>\r\n    \n\r\n\t<\/div>\r\n<\/div>\r\n    \n\n\n<p><\/p>\n","protected":false},"excerpt":{"rendered":"","protected":false},"author":6,"featured_media":0,"parent":9911,"menu_order":0,"comment_status":"closed","ping_status":"closed","template":"template-page-activite.php","meta":{"_acf_changed":false,"inline_featured_image":false,"footnotes":""},"class_list":["post-9321","page","type-page","status-publish","hentry"],"acf":[],"_links":{"self":[{"href":"https:\/\/www.certifer.eu\/no\/wp-json\/wp\/v2\/pages\/9321","targetHints":{"allow":["GET"]}}],"collection":[{"href":"https:\/\/www.certifer.eu\/no\/wp-json\/wp\/v2\/pages"}],"about":[{"href":"https:\/\/www.certifer.eu\/no\/wp-json\/wp\/v2\/types\/page"}],"author":[{"embeddable":true,"href":"https:\/\/www.certifer.eu\/no\/wp-json\/wp\/v2\/users\/6"}],"replies":[{"embeddable":true,"href":"https:\/\/www.certifer.eu\/no\/wp-json\/wp\/v2\/comments?post=9321"}],"version-history":[{"count":10,"href":"https:\/\/www.certifer.eu\/no\/wp-json\/wp\/v2\/pages\/9321\/revisions"}],"predecessor-version":[{"id":10376,"href":"https:\/\/www.certifer.eu\/no\/wp-json\/wp\/v2\/pages\/9321\/revisions\/10376"}],"up":[{"embeddable":true,"href":"https:\/\/www.certifer.eu\/no\/wp-json\/wp\/v2\/pages\/9911"}],"wp:attachment":[{"href":"https:\/\/www.certifer.eu\/no\/wp-json\/wp\/v2\/media?parent=9321"}],"curies":[{"name":"wp","href":"https:\/\/api.w.org\/{rel}","templated":true}]}}