{"id":9547,"date":"2023-10-30T12:48:56","date_gmt":"2023-10-30T11:48:56","guid":{"rendered":"https:\/\/www.certifer.eu\/?page_id=9547"},"modified":"2025-01-14T14:04:09","modified_gmt":"2025-01-14T13:04:09","slug":"academy","status":"publish","type":"page","link":"https:\/\/www.certifer.eu\/no\/vare-tjenester\/academy\/","title":{"rendered":"Academy"},"content":{"rendered":"<div  class=\"keblk keblk-v-align-top keblock-section-lame responsive is-padded bg-none \"   style=\"\"  id=\"\">\r\n\t\r\n\t\t<div class=\"block-content\">\r\n                    \n<div  class=\"keblk keblk-v-align-top keblock-text\" >\r\n\t\r\n\t\t\r\n\t<div class=\"block-content\">\t\r\n\t\n\n<p>CERTIFER har v\u00e6rt en global leverand\u00f8r av l\u00f8sninger innen testing, inspeksjon og sertifisering i mobilitetssektoren i 25 \u00e5r.<\/p>\n\n\n\n<p>Med den sterke erfaringen og ekspertisen som er bygget opp over ti\u00e5r, har CERTIFER Academy et oppl\u00e6ringsprogram med mer enn 50 oppl\u00e6ringsmoduler fordelt p\u00e5 7 forskjellige fagomr\u00e5der.<\/p>\n\n\r\n\t<\/div>\r\n<\/div>\r\n    \n        \t<\/div>\r\n<\/div>\r\n    \n\n<div  class=\"keblk keblk-v-align-top keblock-section-lame responsive is-padded bg-none \"   style=\"\"  id=\"\">\r\n\t\r\n\t\t<div class=\"block-content\">\r\n                    \n\n<div class=\"wp-block-columns is-layout-flex wp-container-core-columns-is-layout-9d6595d7 wp-block-columns-is-layout-flex\">\n<div class=\"wp-block-column is-vertically-aligned-center is-layout-flow wp-block-column-is-layout-flow\"><div  class=\"keblk keblk-v-align-top keblock-multimedia type-img\" >\r\n\t\r\n\t\t<div class=\"block-content\"  style=\"aspect-ratio:4\/3\" >\t\r\n        <div class=\"visu-bg\" style=\"background-image:url('https:\/\/www.certifer.eu\/wp-content\/uploads\/2023\/10\/IMG-Training.jpg');\"><\/div>\r\n\t\t<!-- CONTENT -->\r\n\t\t            \t\t\t\t\r\n\t\t\r\n\t<\/div>\r\n<\/div>\r\n    <\/div>\n\n\n\n<div class=\"wp-block-column is-vertically-aligned-center is-layout-flow wp-block-column-is-layout-flow\"><div  class=\"keblk keblk-v-align-top keblock-text\" >\r\n\t\r\n\t\t\r\n\t<div class=\"block-content\">\t\r\n\t\n\n<h2 class=\"wp-block-heading\">Velkommen til CERTIFER Academy<\/h2>\n\n\n\n<p>V\u00e5rt oppl\u00e6ringsprogram bygger p\u00e5 erfaringene fra alle enheter i CERTIFER.<\/p>\n\n\n\n<p>Hver modul trekker p\u00e5 ekspertise fra prosjekter i over 60 land, noe som sikrer en tiln\u00e6rming som gir reell verdi og er tilpasset dine operative behov.<\/p>\n\n\n\n<p>Uansett om det gjelder fysisk tilstedev\u00e6relse eller fjernundervisning, gir vi deg profesjonell og lokal st\u00f8tte fra v\u00e5re eksperter.<\/p>\n\n\n\n<p><strong>CERTIFER Academy er en flerkulturell institusjon<\/strong><\/p>\n\n\n\n<p>Vi ser frem til \u00e5 st\u00f8tte deg med v\u00e5re oppl\u00e6ringsprogrammer!<\/p>\n\n\r\n\t<\/div>\r\n<\/div>\r\n    <\/div>\n<\/div>\n\n        \t<\/div>\r\n<\/div>\r\n    \n\n<div  class=\"keblk keblk-v-align-top keblock-section-lame responsive is-padded bg-none \"   style=\"\"  id=\"\">\r\n\t\r\n\t\t<div class=\"block-content\">\r\n                    \n\n<h2 class=\"wp-block-heading\">Neste \u00f8kter i Tyskland<\/h2>\n\n\n<div class=\"no-result\">Ingen resultater.<\/div><div  class=\"keblk keblk-v-align-top planified keblock-postgrid nbcol-4\"   style=\"\"  id=\"KPG_blkuid-7\" data-load=\"eyJwZ190eXBlIjoidHJhaW5pbmciLCJwZ190eXBlX3RyYWluaW5nIjp7ImNhdCI6IiIsInRhZyI6IiIsImlnbm9yZSI6ZmFsc2V9LCJwZ19zb3J0X2ZpZWxkIjoidGl0bGUiLCJwZ19zb3J0X29yZGVyIjoiQVNDIiwicGdfYWZmX25iY29sIjoiNCIsInBnX2FmZl9sb3QiOnRydWUsInBnX2FmZl9uYnBhcmxvdCI6IjgiLCJwZ19hZmZfbGFiYnRtb3JlIjoiU2VlIG1vcmUiLCJwZ19hZmZfZmlsdGVycyI6dHJ1ZSwicGdfYmxrZGVzaWduX2NsYXNzIjoiYmxrLXR5cGUtdHJhaW5pbmciLCJwZ19ibGtkZXNpZ25fbWFyZ2luIjoiMjAiLCJwZ19maWx0ZXJjYXRfdHJhaW5pbmciOiJ0aGVtZSIsInBnX2FmZl9uYm1heCI6IjgifQ==\">\r\n\t\t<div class=\"postgrid-content\">\r\n\t\t\t\r\n\t<\/div>\r\n\t<\/div>\r\n    \n        \t<\/div>\r\n<\/div>\r\n    \n\n<div  class=\"keblk keblk-v-align-top keblock-section-lame responsive is-padded bg-none \"   style=\"\"  id=\"\">\r\n\t\r\n\t\t<div class=\"block-content\">\r\n                    \n\n<h2 class=\"wp-block-heading\">P\u00e5 foresp\u00f8rsel<\/h2>\n\n\n<div  class=\"keblk keblk-v-align-top keblock-postgrid nbcol-4\"   style=\"\"  id=\"KPG_blkuid-9\" data-load=\"eyJwZ190eXBlIjoidHJhaW5pbmciLCJwZ190eXBlX3RyYWluaW5nIjp7ImNhdCI6IiIsInRhZyI6IiIsImlnbm9yZSI6ZmFsc2V9LCJwZ19zb3J0X2ZpZWxkIjoidGl0bGUiLCJwZ19zb3J0X29yZGVyIjoiQVNDIiwicGdfYWZmX25iY29sIjoiNCIsInBnX2FmZl9sb3QiOnRydWUsInBnX2FmZl9uYnBhcmxvdCI6IjgiLCJwZ19hZmZfbGFiYnRtb3JlIjoiU2VlIG1vcmUiLCJwZ19hZmZfZmlsdGVycyI6dHJ1ZSwicGdfYmxrZGVzaWduX2NsYXNzIjoiYmxrLXR5cGUtdHJhaW5pbmctb24tZGVtYW5kIiwicGdfYmxrZGVzaWduX21hcmdpbiI6IjIwIiwicGdfZmlsdGVyY2F0X3RyYWluaW5nIjoidGhlbWUiLCJwZ19hZmZfbmJtYXgiOiI4IiwicGdfb2Zmc2V0IjoyfQ==\">\r\n\t\t<div class=\"postgrid-content\">\r\n\t\t\t\t\t<div class=\"postgrid-content--header\">\r\n\t\t\t\t\t<div class=\"kpg-filters\">\r\n\t\t\t<div class=\"kpg-filters-catsel cat-theme\" data-taxo=\"theme\">\r\n\t\t\t<div class=\"kpg-filters-catsel--boutons\"><span class=\"kpg-filtre selected showallfilter-theme\"  onclick=\"kpg.fltrcat(this)\" data-addload=\"theme,\"><strong>Alle oppl\u00e6ringstemaer<\/strong><\/span><span class=\"kpg-filtre\"  onclick=\"kpg.fltrcat(this)\" data-addload=\"theme,17\">1-Sikkerhet i jernbanesektoren<\/span><span class=\"kpg-filtre\"  onclick=\"kpg.fltrcat(this)\" data-addload=\"theme,18\">2-Godkjenning og sertifisering<\/span><span class=\"kpg-filtre\"  onclick=\"kpg.fltrcat(this)\" data-addload=\"theme,21\">3-Jernbanesystemer og teknologier<\/span><span class=\"kpg-filtre\"  onclick=\"kpg.fltrcat(this)\" data-addload=\"theme,22\">4-Ekspertise og kvalifiserte vurderere<\/span><span class=\"kpg-filtre\"  onclick=\"kpg.fltrcat(this)\" data-addload=\"theme,23\">5-Jernbanelovgivning<\/span><span class=\"kpg-filtre\"  onclick=\"kpg.fltrcat(this)\" data-addload=\"theme,24\">6-Bytransportsystemer<\/span><span class=\"kpg-filtre\"  onclick=\"kpg.fltrcat(this)\" data-addload=\"theme,25\">7-Innovasjon<\/span><\/div>\t\t\r\n\t\t\t<div class=\"kpg-filters-catsel--select\">\r\n\t\t\t\t<select onchange=\"kpg.fltrcat(this, true)\" class=\"kpg-filtre-select\"><option value=\"\"><strong>Alle oppl\u00e6ringstemaer<\/strong><\/option><option value=\"theme,17\">1-Sikkerhet i jernbanesektoren<\/option><option value=\"theme,18\">2-Godkjenning og sertifisering<\/option><option value=\"theme,21\">3-Jernbanesystemer og teknologier<\/option><option value=\"theme,22\">4-Ekspertise og kvalifiserte vurderere<\/option><option value=\"theme,23\">5-Jernbanelovgivning<\/option><option value=\"theme,24\">6-Bytransportsystemer<\/option><option value=\"theme,25\">7-Innovasjon<\/option><\/select>\r\n\t\t\t<\/div>\t\t\t\r\n\t\t<\/div>\r\n\t\t<\/div>\r\n\t\r\n\t\t\t\t\r\n\t\t\t<\/div>\r\n\t\t\t<div class=\"postgrid-content--content\" style=\"gap:20px\">\r\n\t\t\t\t\t\t<div class=\"kpg-block-wrapper blk-type-training-on-demand\">\r\n\t\t\t\t<div class=\"kpg-block\">\r\n\t\t\t\t\t\t<div class=\"blk_rectangle_encadre\">\r\n\t\t\t\t\t\t\t\t\t<div class=\"wrap-text\"><p>01.06 &#8211; Practical seminar fault tree analysis and FME(C)A<span class=\"days_price\">1Dag | 750\u20ac<\/span><\/p><\/div>\r\n\t\t\t\t\t\t\t<div class=\"wrap-url\">\r\n\t\t\t\t\t\t\t\t\t<a href=\"https:\/\/www.certifer.eu\/wp-content\/uploads\/2023\/11\/CERTIFER_Training-01-06-ENG.pdf\" class=\"bt-learn\" target=\"_blank\">Se mer<\/a>\r\n\t\t\t\t\t\t\t\t\t\t\t\t\t<a href=\"https:\/\/www.certifer.eu\/no\/kontakt\/?entry=training&#038;idf=1526\" target=\"\" class=\"contact_link\" title=\"Kontakt\"><\/a>\r\n\t\t\t\t\t\t\t<\/div>\r\n\t\t\t<\/div>\r\n\t\t\t\t\t<\/div>\r\n\t\t\t<\/div>\r\n\t\t\t\t\t<div class=\"kpg-block-wrapper blk-type-training-on-demand\">\r\n\t\t\t\t<div class=\"kpg-block\">\r\n\t\t\t\t\t\t<div class=\"blk_rectangle_encadre\">\r\n\t\t\t\t\t\t\t\t\t<div class=\"wrap-text\"><p>01.07 &#8211; Fundamentals for future safety managers in the railway manufacturing sector<span class=\"days_price\">2Dags | 1500\u20ac<\/span><\/p><\/div>\r\n\t\t\t\t\t\t\t<div class=\"wrap-url\">\r\n\t\t\t\t\t\t\t\t\t<a href=\"https:\/\/www.certifer.eu\/wp-content\/uploads\/2023\/12\/CERTIFER_Training-01-07-ENG.pdf\" class=\"bt-learn\" target=\"_blank\">Se mer<\/a>\r\n\t\t\t\t\t\t\t\t\t\t\t\t\t<a href=\"https:\/\/www.certifer.eu\/no\/kontakt\/?entry=training&#038;idf=1677\" target=\"\" class=\"contact_link\" title=\"Kontakt\"><\/a>\r\n\t\t\t\t\t\t\t<\/div>\r\n\t\t\t<\/div>\r\n\t\t\t\t\t<\/div>\r\n\t\t\t<\/div>\r\n\t\t\t\t\t<div class=\"kpg-block-wrapper blk-type-training-on-demand\">\r\n\t\t\t\t<div class=\"kpg-block\">\r\n\t\t\t\t\t\t<div class=\"blk_rectangle_encadre\">\r\n\t\t\t\t\t\t\t\t\t<div class=\"wrap-text\"><p>01.10 &#8211; Assessment of significance and safety relevance of changes on railway subsystems<span class=\"days_price\">1Dag | 750\u20ac<\/span><\/p><\/div>\r\n\t\t\t\t\t\t\t<div class=\"wrap-url\">\r\n\t\t\t\t\t\t\t\t\t<a href=\"https:\/\/www.certifer.eu\/wp-content\/uploads\/2023\/12\/CERTIFER_Training-01-10-ENG.pdf\" class=\"bt-learn\" target=\"_blank\">Se mer<\/a>\r\n\t\t\t\t\t\t\t\t\t\t\t\t\t<a href=\"https:\/\/www.certifer.eu\/no\/kontakt\/?entry=training&#038;idf=1681\" target=\"\" class=\"contact_link\" title=\"Kontakt\"><\/a>\r\n\t\t\t\t\t\t\t<\/div>\r\n\t\t\t<\/div>\r\n\t\t\t\t\t<\/div>\r\n\t\t\t<\/div>\r\n\t\t\t\t\t<div class=\"kpg-block-wrapper blk-type-training-on-demand\">\r\n\t\t\t\t<div class=\"kpg-block\">\r\n\t\t\t\t\t\t<div class=\"blk_rectangle_encadre\">\r\n\t\t\t\t\t\t\t\t\t<div class=\"wrap-text\"><p>02.04 &#8211; TSI Energy<span class=\"days_price\">1Dag | 750\u20ac<\/span><\/p><\/div>\r\n\t\t\t\t\t\t\t<div class=\"wrap-url\">\r\n\t\t\t\t\t\t\t\t\t<a href=\"https:\/\/www.certifer.eu\/wp-content\/uploads\/2023\/11\/CERTIFER_Training-02-04-ENG.pdf\" class=\"bt-learn\" target=\"_blank\">Se mer<\/a>\r\n\t\t\t\t\t\t\t\t\t\t\t\t\t<a href=\"https:\/\/www.certifer.eu\/no\/kontakt\/?entry=training&#038;idf=1545\" target=\"\" class=\"contact_link\" title=\"Kontakt\"><\/a>\r\n\t\t\t\t\t\t\t<\/div>\r\n\t\t\t<\/div>\r\n\t\t\t\t\t<\/div>\r\n\t\t\t<\/div>\r\n\t\t\t\t\t<div class=\"kpg-block-wrapper blk-type-training-on-demand\">\r\n\t\t\t\t<div class=\"kpg-block\">\r\n\t\t\t\t\t\t<div class=\"blk_rectangle_encadre\">\r\n\t\t\t\t\t\t\t\t\t<div class=\"wrap-text\"><p>02.05 &#8211; TSI PRM (Persons with disabilities and persons with reduced mobility)<span class=\"days_price\">1Dag | 750\u20ac<\/span><\/p><\/div>\r\n\t\t\t\t\t\t\t<div class=\"wrap-url\">\r\n\t\t\t\t\t\t\t\t\t<a href=\"https:\/\/www.certifer.eu\/wp-content\/uploads\/2023\/12\/CERTIFER_Training-02-05-ENG.pdf\" class=\"bt-learn\" target=\"_blank\">Se mer<\/a>\r\n\t\t\t\t\t\t\t\t\t\t\t\t\t<a href=\"https:\/\/www.certifer.eu\/no\/kontakt\/?entry=training&#038;idf=1688\" target=\"\" class=\"contact_link\" title=\"Kontakt\"><\/a>\r\n\t\t\t\t\t\t\t<\/div>\r\n\t\t\t<\/div>\r\n\t\t\t\t\t<\/div>\r\n\t\t\t<\/div>\r\n\t\t\t\t\t<div class=\"kpg-block-wrapper blk-type-training-on-demand\">\r\n\t\t\t\t<div class=\"kpg-block\">\r\n\t\t\t\t\t\t<div class=\"blk_rectangle_encadre\">\r\n\t\t\t\t\t\t\t\t\t<div class=\"wrap-text\"><p>02.06 &#8211; TSI CCS (Control-command and signalling)<span class=\"days_price\">1Dag | 750\u20ac<\/span><\/p><\/div>\r\n\t\t\t\t\t\t\t<div class=\"wrap-url\">\r\n\t\t\t\t\t\t\t\t\t<a href=\"https:\/\/www.certifer.eu\/wp-content\/uploads\/2023\/12\/CERTIFER_Training-02-06-ENG.pdf\" class=\"bt-learn\" target=\"_blank\">Se mer<\/a>\r\n\t\t\t\t\t\t\t\t\t\t\t\t\t<a href=\"https:\/\/www.certifer.eu\/no\/kontakt\/?entry=training&#038;idf=2564\" target=\"\" class=\"contact_link\" title=\"Kontakt\"><\/a>\r\n\t\t\t\t\t\t\t<\/div>\r\n\t\t\t<\/div>\r\n\t\t\t\t\t<\/div>\r\n\t\t\t<\/div>\r\n\t\t\t\t\t<div class=\"kpg-block-wrapper blk-type-training-on-demand\">\r\n\t\t\t\t<div class=\"kpg-block\">\r\n\t\t\t\t\t\t<div class=\"blk_rectangle_encadre\">\r\n\t\t\t\t\t\t\t\t\t<div class=\"wrap-text\"><p>02.07 &#8211; Certification in the railway sector<span class=\"days_price\">1Dag | 750\u20ac<\/span><\/p><\/div>\r\n\t\t\t\t\t\t\t<div class=\"wrap-url\">\r\n\t\t\t\t\t\t\t\t\t<a href=\"https:\/\/www.certifer.eu\/wp-content\/uploads\/2023\/12\/CERTIFER_Training-02-07-ENG.pdf\" class=\"bt-learn\" target=\"_blank\">Se mer<\/a>\r\n\t\t\t\t\t\t\t\t\t\t\t\t\t<a href=\"https:\/\/www.certifer.eu\/no\/kontakt\/?entry=training&#038;idf=2569\" target=\"\" class=\"contact_link\" title=\"Kontakt\"><\/a>\r\n\t\t\t\t\t\t\t<\/div>\r\n\t\t\t<\/div>\r\n\t\t\t\t\t<\/div>\r\n\t\t\t<\/div>\r\n\t\t\t\t\t<div class=\"kpg-block-wrapper blk-type-training-on-demand\">\r\n\t\t\t\t<div class=\"kpg-block\">\r\n\t\t\t\t\t\t<div class=\"blk_rectangle_encadre\">\r\n\t\t\t\t\t\t\t\t\t<div class=\"wrap-text\"><p>02.10 &#8211; &laquo;ECM Officer&raquo; training in Europe<span class=\"days_price\">1Dag | 750\u20ac<\/span><\/p><\/div>\r\n\t\t\t\t\t\t\t<div class=\"wrap-url\">\r\n\t\t\t\t\t\t\t\t\t<a href=\"https:\/\/www.certifer.eu\/wp-content\/uploads\/2023\/12\/CERTIFER_Training-02-10-ENG.pdf\" class=\"bt-learn\" target=\"_blank\">Se mer<\/a>\r\n\t\t\t\t\t\t\t\t\t\t\t\t\t<a href=\"https:\/\/www.certifer.eu\/no\/kontakt\/?entry=training&#038;idf=2574\" target=\"\" class=\"contact_link\" title=\"Kontakt\"><\/a>\r\n\t\t\t\t\t\t\t<\/div>\r\n\t\t\t<\/div>\r\n\t\t\t\t\t<\/div>\r\n\t\t\t<\/div>\r\n\t\t\t<div class=\"kpg-loadmore\">\r\n\t\t<button onclick=\"kpg.lm(2,this)\" class=\"uibt filaire blue\">See more<\/button>\r\n\t<\/div>\r\n\t\t\t\t<\/div>\r\n\t\t\t\t\r\n\t<\/div>\r\n\t<\/div>\r\n    \n        \t<\/div>\r\n<\/div>\r\n    \n\n<div  class=\"keblk keblk-v-align-top border-top-verte keblock-section-lame responsive is-padded bg-color  bg-color-blue\"   style=\"\"  id=\"\">\r\n\t\r\n\t\t<div class=\"block-content\">\r\n                    \n\n<div class=\"wp-block-columns is-layout-flex wp-container-core-columns-is-layout-9d6595d7 wp-block-columns-is-layout-flex\">\n<div class=\"wp-block-column is-vertically-aligned-center is-layout-flow wp-block-column-is-layout-flow\">\n<h3 class=\"wp-block-heading has-white-color has-text-color\">Trenger du mer teknisk informasjon om verksteder eller oppl\u00e6ring?<\/h3>\n<\/div>\n\n\n\n<div class=\"wp-block-column is-vertically-aligned-center is-layout-flow wp-block-column-is-layout-flow\"><div  class=\"keblk keblk-h-align-center keblk-v-align-center keblock-bouton plein\" >\r\n\t\r\n\t\t\r\n\t<div class=\"block-content\">\t\r\n\t\t<a href=\"https:\/\/www.certifer.eu\/no\/kontakt\/?entry=training\" target=\"\" class=\"uibt plein green\">\r\n\t\t<span class=\"bt-content\">Kontakt oss<\/span>\r\n\t\t<span class=\"bt-picto\"><\/span>\r\n\t<\/a>\r\n\t\t<\/div>\r\n<\/div>\r\n    <\/div>\n<\/div>\n\n        \t<\/div>\r\n<\/div>\r\n    \n\n\n<p><\/p>\n","protected":false},"excerpt":{"rendered":"","protected":false},"author":6,"featured_media":0,"parent":9837,"menu_order":0,"comment_status":"closed","ping_status":"closed","template":"template-page-expertise-training.php","meta":{"_acf_changed":false,"inline_featured_image":false,"footnotes":""},"class_list":["post-9547","page","type-page","status-publish","hentry"],"acf":[],"_links":{"self":[{"href":"https:\/\/www.certifer.eu\/no\/wp-json\/wp\/v2\/pages\/9547","targetHints":{"allow":["GET"]}}],"collection":[{"href":"https:\/\/www.certifer.eu\/no\/wp-json\/wp\/v2\/pages"}],"about":[{"href":"https:\/\/www.certifer.eu\/no\/wp-json\/wp\/v2\/types\/page"}],"author":[{"embeddable":true,"href":"https:\/\/www.certifer.eu\/no\/wp-json\/wp\/v2\/users\/6"}],"replies":[{"embeddable":true,"href":"https:\/\/www.certifer.eu\/no\/wp-json\/wp\/v2\/comments?post=9547"}],"version-history":[{"count":4,"href":"https:\/\/www.certifer.eu\/no\/wp-json\/wp\/v2\/pages\/9547\/revisions"}],"predecessor-version":[{"id":10785,"href":"https:\/\/www.certifer.eu\/no\/wp-json\/wp\/v2\/pages\/9547\/revisions\/10785"}],"up":[{"embeddable":true,"href":"https:\/\/www.certifer.eu\/no\/wp-json\/wp\/v2\/pages\/9837"}],"wp:attachment":[{"href":"https:\/\/www.certifer.eu\/no\/wp-json\/wp\/v2\/media?parent=9547"}],"curies":[{"name":"wp","href":"https:\/\/api.w.org\/{rel}","templated":true}]}}