{"id":9664,"date":"2024-01-09T16:01:26","date_gmt":"2024-01-09T15:01:26","guid":{"rendered":"https:\/\/www.certifer.eu\/?page_id=9664"},"modified":"2024-12-10T14:51:47","modified_gmt":"2024-12-10T13:51:47","slug":"ice-ica","status":"publish","type":"page","link":"https:\/\/www.certifer.eu\/no\/vare-tjenester\/inspeksjon-og-sertifisering\/ice-ica\/","title":{"rendered":"ICE \/ ICA"},"content":{"rendered":"<div  class=\"keblk keblk-v-align-top keblock-section-lame responsive  bg-none \"   style=\"\"  id=\"\">\r\n\t\r\n\t\t<div class=\"block-content\">\r\n                    \n<div  class=\"keblk keblk-v-align-top inline-bt keblock-conteneur\"   style=\"padding:0px\"  >\r\n\t\r\n\t\t\r\n\t<div class=\"block-content\">\t\r\n\t\n<div  class=\"keblk keblk-v-align-top keblock-conteneur\"   style=\"padding:0px\"  >\r\n\t\r\n\t\t\r\n\t<div class=\"block-content\">\t\r\n\t\n<div  class=\"keblk keblk-v-align-top keblock-bouton plein\" >\r\n\t\r\n\t\t\r\n\t<div class=\"block-content\">\t\r\n\t\t<a href=\"#ICE\" target=\"\" class=\"uibt plein blue\">\r\n\t\t<span class=\"bt-content\">ICE<\/span>\r\n\t\t<span class=\"bt-picto\"><\/span>\r\n\t<\/a>\r\n\t\t<\/div>\r\n<\/div>\r\n    \n\r\n\t<\/div>\r\n<\/div>\r\n    \n\n<div  class=\"keblk keblk-v-align-top keblock-conteneur\"   style=\"padding:0px\"  >\r\n\t\r\n\t\t\r\n\t<div class=\"block-content\">\t\r\n\t\n<div  class=\"keblk keblk-v-align-top keblock-bouton plein\" >\r\n\t\r\n\t\t\r\n\t<div class=\"block-content\">\t\r\n\t\t<a href=\"#ICA\" target=\"\" class=\"uibt plein blue\">\r\n\t\t<span class=\"bt-content\">ICA<\/span>\r\n\t\t<span class=\"bt-picto\"><\/span>\r\n\t<\/a>\r\n\t\t<\/div>\r\n<\/div>\r\n    \n\r\n\t<\/div>\r\n<\/div>\r\n    \n\r\n\t<\/div>\r\n<\/div>\r\n    \n        \t<\/div>\r\n<\/div>\r\n    \n\n<div  class=\"keblk keblk-v-align-top keblock-section-lame responsive is-semi-padded bg-none \"   style=\"\"  id=\"ICE\">\r\n\t\r\n\t\t<div class=\"block-content\">\r\n                    \n<div  class=\"keblk keblk-v-align-top keblock-text\" >\r\n\t\r\n\t\t\r\n\t<div class=\"block-content\">\t\r\n\t\n\n<h2 class=\"wp-block-heading\">Uavhengig Kontrollingeni\u00f8r (ICE)<\/h2>\n\n\n\n<h3 class=\"wp-block-heading\">Hva er en ICE-oppgave?<\/h3>\n\n\n\n<p>Hovedrollen til den Uavhengige Kontrollingeni\u00f8ren er \u00e5 sikre at alle kundens krav er overholdt under design, produksjon, installasjon, testing og idriftsettelsesaktiviteter. Disse kravene kan variere fra tekniske krav basert p\u00e5 standarder, lokale forskrifter eller beste praksis, til spesifikke kontraktsmessige krav som binder v\u00e5r kunde til sluttkunden.<\/p>\n\n\n\n<p>ICE-oppdraget kan utf\u00f8res<strong> p\u00e5 hele, eller deler av, transportsystemet<\/strong>, inkludert byggarbeid, s\u00e5 lenge spesifikasjonene m\u00e5 overholdes, og etterlevelse av disse spesifikasjonene er p\u00e5krevd av sluttkunden.<\/p>\n\n\n\n<p>ICE-oppdraget kan utf\u00f8res p\u00e5 hele, eller deler av, transportsystemet, inkludert byggarbeid, s\u00e5 lenge spesifikasjonene m\u00e5 overholdes, og etterlevelse av disse spesifikasjonene er p\u00e5krevd av sluttkunden.<\/p>\n\n\r\n\t<\/div>\r\n<\/div>\r\n    \n        \t<\/div>\r\n<\/div>\r\n    \n\n<div  class=\"keblk keblk-v-align-top keblock-section-lame responsive is-padded bg-color  bg-color-bluedark\"   style=\"\"  id=\"\">\r\n\t\r\n\t\t<div class=\"block-content\">\r\n                    \n<div  class=\"keblk blkuid-13 keblk-v-align-top keblock-section-lame-multicol fullwidth   bg-img nbcol-4\"   style=\"\"  >\r\n\r\n\t\t<div class=\"block-content\">\r\n\t    \n<div  class=\"keblk keblk-v-align-top border-top-verte keblock-conteneur bg-color bg-color-degrade-bv\"   style=\"padding:40px\"  >\r\n\t\r\n\t\t\r\n\t<div class=\"block-content\">\t\r\n\t\n\n<h3 class=\"wp-block-heading has-text-align-center has-white-color has-text-color\"><br>BYGGARBEID OG BYGNINGER<\/h3>\n\n\n\n<hr class=\"wp-block-separator has-text-color has-white-color has-alpha-channel-opacity has-white-background-color has-background separateur-court\"\/>\n\n\n\n<p class=\"has-text-align-left has-white-color has-text-color\">For sivil arbeid og bygninger vurderer CERTIFER:<br>\u2022 Byggets soliditet<br>\u2022 Overholdelse av regelverk knyttet til brannvern<br>\u2022 Tilgjengelighet for personer med redusert mobilitet<br>\u2022 Akustisk og termisk isolasjon<\/p>\n\n\r\n\t<\/div>\r\n<\/div>\r\n    \n\n<div  class=\"keblk keblk-v-align-top border-top-verte keblock-conteneur bg-color bg-color-degrade-bv\"   style=\"padding:40px\"  >\r\n\t\r\n\t\t\r\n\t<div class=\"block-content\">\t\r\n\t\n\n<h3 class=\"wp-block-heading has-text-align-center has-white-color has-text-color\">KRAV TIL LEDELSE<\/h3>\n\n\n\n<hr class=\"wp-block-separator has-text-color has-white-color has-alpha-channel-opacity has-white-background-color has-background separateur-court\"\/>\n\n\n\n<p class=\"has-text-align-left has-white-color has-text-color\">Vi kan hjelpe deg med \u00e5 implementere effektive, p\u00e5litelige og optimaliserte ledelseskrav for alle typer prosjekter.<\/p>\n\n\r\n\t<\/div>\r\n<\/div>\r\n    \n\n<div  class=\"keblk keblk-v-align-top border-top-verte keblock-conteneur bg-color bg-color-degrade-bv\"   style=\"padding:40px\"  >\r\n\t\r\n\t\t\r\n\t<div class=\"block-content\">\t\r\n\t\n\n<h3 class=\"wp-block-heading has-text-align-center has-white-color has-text-color\">ANNET<\/h3>\n\n\n\n<hr class=\"wp-block-separator has-text-color has-white-color has-alpha-channel-opacity has-white-background-color has-background separateur-court\"\/>\n\n\n\n<p class=\"has-text-align-left has-white-color has-text-color\">For andre typer systemer, som rullende materiell, signalering, styring-kommando osv., starter CERTIFER sin eksterne tekniske kontroll med \u00e5 vurdere deres sikkerhet, og deretter deres samsvar med kundens spesifikasjoner.<\/p>\n\n\r\n\t<\/div>\r\n<\/div>\r\n    \n\r\n\t<\/div>\r\n<\/div>\r\n    \n        \t<\/div>\r\n<\/div>\r\n    \n\n<div  class=\"keblk keblk-v-align-top keblock-section-lame responsive is-padded bg-none \"   style=\"\"  id=\"\">\r\n\t\r\n\t\t<div class=\"block-content\">\r\n                    \n<div  class=\"keblk keblk-v-align-top keblock-text\" >\r\n\t\r\n\t\t\r\n\t<div class=\"block-content\">\t\r\n\t\n\n<h3 class=\"wp-block-heading\">Hva er rollen til ICE?<\/h3>\n\n\n\n<p>Oppdraget utf\u00f8res i henhold til f\u00f8lgende prosess:<br>\u2022 Gjennomgang av de relevante kravene for prosjektet, hentet fra ethvert prosjektdokument (kontrakt, tekniske\/generelle spesifikasjoner), for \u00e5 sikre at alle krav er tilstrekkelig vurdert slik at designaktiviteter kan starte p\u00e5 et solid grunnlag.<br>\u2022 St\u00f8tte klienten i \u00e5 tolke og presisere subjektive og \u00f8nskede krav.<br>\u2022 Veilede klienten i \u00e5 starte prosessen for kravh\u00e5ndtering (Requirements Management).<br>\u2022 Vurdere samsvarsmatrisen for krav (Requirements Compliance Matrix) gjennom iterativ vurdering av samsvarsbevis fram til matrisen er fullstendig lukket.<br>\u2022 I tillegg kan CERTIFER implementere et elektronisk dokumenth\u00e5ndteringssystem (Electronic Document Management System \u2013 EDMS) som kan brukes av alle prosjektets interessenter for \u00e5 lette deling av dokumenter og maksimere koordinering og harmonisering.<\/p>\n\n\r\n\t<\/div>\r\n<\/div>\r\n    \n        \t<\/div>\r\n<\/div>\r\n    \n\n<div  class=\"keblk keblk-v-align-top keblock-section-lame responsive is-padded bg-none \"   style=\"\"  id=\"\">\r\n\t\r\n\t\t<div class=\"block-content\">\r\n                    \n<div  class=\"keblk blkuid-25 keblk-v-align-top keblock-section-lame-multicol fullwidth   bg-none nbcol-4\"   style=\"\"  >\r\n\r\n\t\t<div class=\"block-content\">\r\n\t    \n<div  class=\"keblk keblk-v-align-top keblock-conteneur\"   style=\"padding:0px\"  >\r\n\t\r\n\t\t\r\n\t<div class=\"block-content\">\t\r\n\t\n<div  class=\"keblk keblk-v-align-top keblock-rectangle-encadre\" >\r\n\t\r\n\t\t\r\n    \t<div class=\"blk_rectangle_encadre\">\r\n\t\t\t\t\t\t\t<div class=\"wrap-title\"><h3><span class=\"keb-headings style-4\">Steg 1<\/span><\/h3>\n<\/div>\r\n\t\t\t\t\t\t\t<div class=\"wrap-text\"><p>Validering av kravinnhenting (identifikasjon\/opplisting)<\/p>\n<\/div>\r\n\t\t\t\t\t<\/div>\r\n\t<\/div>\r\n    \n\r\n\t<\/div>\r\n<\/div>\r\n    \n\n<div  class=\"keblk keblk-v-align-top keblock-conteneur\"   style=\"padding:0px\"  >\r\n\t\r\n\t\t\r\n\t<div class=\"block-content\">\t\r\n\t\n<div  class=\"keblk keblk-v-align-top keblock-rectangle-encadre\" >\r\n\t\r\n\t\t\r\n    \t<div class=\"blk_rectangle_encadre\">\r\n\t\t\t\t\t\t\t<div class=\"wrap-title\"><h3><span class=\"keb-headings style-4\">Steg 2<\/span><\/h3>\n<\/div>\r\n\t\t\t\t\t\t\t<div class=\"wrap-text\"><p>Utarbeidelse av samsvarsmatrise for krav<\/p>\n<\/div>\r\n\t\t\t\t\t<\/div>\r\n\t<\/div>\r\n    \n\r\n\t<\/div>\r\n<\/div>\r\n    \n\n<div  class=\"keblk keblk-v-align-top keblock-conteneur\"   style=\"padding:0px\"  >\r\n\t\r\n\t\t\r\n\t<div class=\"block-content\">\t\r\n\t\n<div  class=\"keblk keblk-v-align-top keblock-rectangle-encadre\" >\r\n\t\r\n\t\t\r\n    \t<div class=\"blk_rectangle_encadre\">\r\n\t\t\t\t\t\t\t<div class=\"wrap-title\"><h3><span class=\"keb-headings style-4\">Steg 3<\/span><\/h3>\n<\/div>\r\n\t\t\t\t\t\t\t<div class=\"wrap-text\"><p style=\"text-align: center;\">Iterativ lukking av krav ved bruk av bevis som er gitt for hvert krav<\/p>\n<\/div>\r\n\t\t\t\t\t<\/div>\r\n\t<\/div>\r\n    \n\r\n\t<\/div>\r\n<\/div>\r\n    \n\n<div  class=\"keblk keblk-v-align-top keblock-conteneur\"   style=\"padding:0px\"  >\r\n\t\r\n\t\t\r\n\t<div class=\"block-content\">\t\r\n\t\n<div  class=\"keblk keblk-v-align-top keblock-rectangle-encadre\" >\r\n\t\r\n\t\t\r\n    \t<div class=\"blk_rectangle_encadre\">\r\n\t\t\t\t\t\t\t<div class=\"wrap-title\"><h3><span class=\"keb-headings style-4\">Steg 4<\/span><\/h3>\n<\/div>\r\n\t\t\t\t\t\t\t<div class=\"wrap-text\"><p style=\"text-align: center;\">Lukking av samsvarsmatrisen (RCM) n\u00e5r alle krav er oppfylt<\/p>\n<\/div>\r\n\t\t\t\t\t<\/div>\r\n\t<\/div>\r\n    \n\r\n\t<\/div>\r\n<\/div>\r\n    \n\r\n\t<\/div>\r\n<\/div>\r\n    \n\n<div  class=\"keblk keblk-v-align-top keblock-text\" >\r\n\t\r\n\t\t\r\n\t<div class=\"block-content\">\t\r\n\t\n\n<h2 class=\"wp-block-heading\">V\u00e5re referanser<\/h2>\n\n\n\n<p>\u2022 Ekstern kontroll av sporlayout p\u00e5 Thine-broen (Trikken i Strasbourg)<br>\u2022 ICE-oppdrag p\u00e5 metroen i Riyadh (Bl\u00e5 linje og Gr\u00f8nn linje)<br>\u2022 IC-oppdrag p\u00e5 metroen i Sydney.<\/p>\n\n\r\n\t<\/div>\r\n<\/div>\r\n    \n        \t<\/div>\r\n<\/div>\r\n    \n\n<div  class=\"keblk keblk-v-align-top keblock-section-lame responsive is-padded bg-none \"   style=\"\"  id=\"ICA\">\r\n\t\r\n\t\t<div class=\"block-content\">\r\n                    \n<div  class=\"keblk keblk-v-align-top keblock-text\" >\r\n\t\r\n\t\t\r\n\t<div class=\"block-content\">\t\r\n\t\n\n<h2 class=\"wp-block-heading\">Uavhengig cybersikkerhetsvurdering (ICA)<\/h2>\n\n\n\n<h3 class=\"wp-block-heading\">Hva er et cybersikkerhetsoppdrag?<\/h3>\n\n\n\n<p>I en stadig mer sammenkoblet og digital verden er jernbane- og bytransportindustrien avhengig av informasjons- og kommunikasjonsteknologier. Sikkerheten til transportsystemene kan<strong> p\u00e5virke operasjonell sikkerhet og effektivitet i jernbaneindustrien<\/strong> i tilfelle cybertrusler. I denne skiftende konteksten m\u00e5 jernbaneoperat\u00f8rer og produsenter ta en helhetlig tiln\u00e6rming ved \u00e5 ta hensyn til disse nye risikoene. For \u00e5 gj\u00f8re dette m\u00e5 de identifisere cybersikkerhetsrisikoer og implementere systemer for cybersikkerhetsstyring for \u00e5 redusere disse risikoene, bygge tillit til kontrollen over deres s\u00e5rbarhetsniv\u00e5 og sikre en trygg og p\u00e5litelig tjeneste.<\/p>\n\n\n\n<p>Ettersom jernbanemarkedet endres fra en tradisjonell, mekanisk og tung industri til et mer tilkoblet milj\u00f8, m\u00e5 de st\u00f8tte seg til nye referansedokumenter og standarder. Selv om det finnes tekster fra andre land og sektorer, som <strong>ISO 2700X<\/strong>, <strong>IEC 62443<\/strong> eller <strong>NIST<\/strong> (National Institute of Standards and Technology)-publikasjoner, finnes det per i dag ingen enhetlige referansedokumenter (standarder, osv.) som er tilpasset jernbanesektoren.<\/p>\n\n\n\n<p>CERTIFER har fokusert sine anstrengelser p\u00e5 \u00e5 definere <strong>rammeverket for uavhengig cybersikkerhetsvurdering<\/strong> ved \u00e5 referere til og analysere de mest anerkjente tekstene som brukes i andre sektorer og land. CERTIFER kan n\u00e5 definere en spesifikk metode som passer til kundens behov, med skreddersydde l\u00f8sninger.<\/p>\n\n\n\n<p>Som krevd av standarder som ogs\u00e5 inkluderer menneskelige faktorer, kan en uavhengig cybersikkerhetsvurdering utf\u00f8res p\u00e5 hvilket som helst utstyr eller hvilken som helst del av jernbanesystemet som sender, behandler eller mottar data for \u00e5 sikre at dataene ikke har blitt endret, korrumpert eller avlyttet for urettmessig bruk.<\/p>\n\n\n\n<p><strong>ISO 27005-standarden<\/strong> (Informasjonsteknologi \u2013 Sikkerhetsteknikker \u2013 H\u00e5ndtering av informasjonssikkerhetsrisiko) brukes som en viktig veiledning for \u00e5 h\u00e5ndtere og redusere risiko til et akseptabelt niv\u00e5. CERTIFER kan levere cybersikkerhetstjenester fra starten av designaktiviteter (gjennomgang av cybersikkerhetsstyringsplaner, verdifastsettelse av eiendeler, h\u00e5ndtering av hendelser osv.) til testaktiviteter (vurdering av white\/grey\/black box-testing), samt gjennomgang av angrepsscenarier og deres konsekvenser.<\/p>\n\n\r\n\t<\/div>\r\n<\/div>\r\n    \n        \t<\/div>\r\n<\/div>\r\n    \n\n<div  class=\"keblk keblk-v-align-top keblock-section-lame responsive is-padded bg-none \"   style=\"\"  id=\"\">\r\n\t\r\n\t\t<div class=\"block-content\">\r\n                    \n\n<div class=\"wp-block-columns is-layout-flex wp-container-core-columns-is-layout-9d6595d7 wp-block-columns-is-layout-flex\">\n<div class=\"wp-block-column is-vertically-aligned-center is-layout-flow wp-block-column-is-layout-flow\">\n<h3 class=\"wp-block-heading\">Hva er rollen til den uavhengige cybersikkerhetsassessor?<\/h3>\n\n\n\n<p>Blant annet kan CERTIFER utf\u00f8re f\u00f8lgende aktiviteter:<br>\u2022 Gjennomgang av cybersikkerhetsstyringsplaner<br>\u2022 Gjennomgang av policy for hendelsesh\u00e5ndtering<br>\u2022 Dokumentgjennomganger (tekniske spesifikasjoner, arkitekturdiagrammer, tekstspesifikasjoner og rapporter \u2026)<br>\u2022 Vurdering av mottiltak og deres p\u00e5virkning for \u00e5 redusere risiko<br>\u2022 \u2026<\/p>\n<\/div>\n\n\n\n<div class=\"wp-block-column is-layout-flow wp-block-column-is-layout-flow\"><div class=\"wp-block-image\">\n<figure class=\"aligncenter size-full\"><img decoding=\"async\" width=\"450\" height=\"311\" src=\"https:\/\/www.certifer.eu\/wp-content\/uploads\/2024\/01\/img-CERTIFER-cybersecurity-assessment-1.jpg\" alt=\"\" class=\"wp-image-3005\" srcset=\"https:\/\/www.certifer.eu\/wp-content\/uploads\/2024\/01\/img-CERTIFER-cybersecurity-assessment-1.jpg 450w, https:\/\/www.certifer.eu\/wp-content\/uploads\/2024\/01\/img-CERTIFER-cybersecurity-assessment-1-300x207.jpg 300w\" sizes=\"(max-width: 450px) 100vw, 450px\" \/><\/figure>\n<\/div><\/div>\n<\/div>\n\n        \t<\/div>\r\n<\/div>\r\n    \n\n<div  class=\"keblk keblk-v-align-top border-top-verte keblock-section-lame responsive is-padded bg-color  bg-color-blue\"   style=\"\"  id=\"\">\r\n\t\r\n\t\t<div class=\"block-content\">\r\n                    \n\n<div class=\"wp-block-columns is-layout-flex wp-container-core-columns-is-layout-9d6595d7 wp-block-columns-is-layout-flex\">\n<div class=\"wp-block-column is-vertically-aligned-center is-layout-flow wp-block-column-is-layout-flow\">\n<h3 class=\"wp-block-heading has-white-color has-text-color\">For sp\u00f8rsm\u00e5l om ICE- eller ICA-oppdrag<\/h3>\n<\/div>\n\n\n\n<div class=\"wp-block-column is-vertically-aligned-center is-layout-flow wp-block-column-is-layout-flow\"><div  class=\"keblk keblk-h-align-center keblk-v-align-center keblock-bouton plein\" >\r\n\t\r\n\t\t\r\n\t<div class=\"block-content\">\t\r\n\t\t<a href=\"https:\/\/www.certifer.eu\/no\/kontakt\/?entry=ic\" target=\"\" class=\"uibt plein green\">\r\n\t\t<span class=\"bt-content\">Kontakt oss<\/span>\r\n\t\t<span class=\"bt-picto\"><\/span>\r\n\t<\/a>\r\n\t\t<\/div>\r\n<\/div>\r\n    <\/div>\n<\/div>\n\n        \t<\/div>\r\n<\/div>\r\n    ","protected":false},"excerpt":{"rendered":"","protected":false},"author":6,"featured_media":0,"parent":9553,"menu_order":0,"comment_status":"closed","ping_status":"closed","template":"template-page-expertise-inspection.php","meta":{"_acf_changed":false,"inline_featured_image":false,"footnotes":""},"class_list":["post-9664","page","type-page","status-publish","hentry"],"acf":[],"_links":{"self":[{"href":"https:\/\/www.certifer.eu\/no\/wp-json\/wp\/v2\/pages\/9664","targetHints":{"allow":["GET"]}}],"collection":[{"href":"https:\/\/www.certifer.eu\/no\/wp-json\/wp\/v2\/pages"}],"about":[{"href":"https:\/\/www.certifer.eu\/no\/wp-json\/wp\/v2\/types\/page"}],"author":[{"embeddable":true,"href":"https:\/\/www.certifer.eu\/no\/wp-json\/wp\/v2\/users\/6"}],"replies":[{"embeddable":true,"href":"https:\/\/www.certifer.eu\/no\/wp-json\/wp\/v2\/comments?post=9664"}],"version-history":[{"count":4,"href":"https:\/\/www.certifer.eu\/no\/wp-json\/wp\/v2\/pages\/9664\/revisions"}],"predecessor-version":[{"id":10381,"href":"https:\/\/www.certifer.eu\/no\/wp-json\/wp\/v2\/pages\/9664\/revisions\/10381"}],"up":[{"embeddable":true,"href":"https:\/\/www.certifer.eu\/no\/wp-json\/wp\/v2\/pages\/9553"}],"wp:attachment":[{"href":"https:\/\/www.certifer.eu\/no\/wp-json\/wp\/v2\/media?parent=9664"}],"curies":[{"name":"wp","href":"https:\/\/api.w.org\/{rel}","templated":true}]}}