{"id":9780,"date":"2024-01-05T11:13:07","date_gmt":"2024-01-05T10:13:07","guid":{"rendered":"https:\/\/www.certifer.eu\/?page_id=9780"},"modified":"2024-12-01T22:13:32","modified_gmt":"2024-12-01T21:13:32","slug":"nobo-asbo-debo","status":"publish","type":"page","link":"https:\/\/www.certifer.eu\/no\/vare-tjenester\/inspeksjon-og-sertifisering\/nobo-asbo-debo\/","title":{"rendered":"NoBo \/ AsBo \/ DeBo"},"content":{"rendered":"<div  class=\"keblk keblk-v-align-top keblock-section-lame responsive  bg-none \"   style=\"\"  id=\"\">\r\n\t\r\n\t\t<div class=\"block-content\">\r\n                    \n<div  class=\"keblk keblk-v-align-top inline-bt keblock-conteneur\"   style=\"padding:0px\"  >\r\n\t\r\n\t\t\r\n\t<div class=\"block-content\">\t\r\n\t\n<div  class=\"keblk keblk-v-align-top keblock-conteneur\"   style=\"padding:0px\"  >\r\n\t\r\n\t\t\r\n\t<div class=\"block-content\">\t\r\n\t\n<div  class=\"keblk keblk-v-align-top keblock-bouton plein\" >\r\n\t\r\n\t\t\r\n\t<div class=\"block-content\">\t\r\n\t\t<a href=\"#NoBo\" target=\"\" class=\"uibt plein blue\">\r\n\t\t<span class=\"bt-content\">NoBo<\/span>\r\n\t\t<span class=\"bt-picto\"><\/span>\r\n\t<\/a>\r\n\t\t<\/div>\r\n<\/div>\r\n    \n\r\n\t<\/div>\r\n<\/div>\r\n    \n\n<div  class=\"keblk keblk-v-align-top keblock-conteneur\"   style=\"padding:0px\"  >\r\n\t\r\n\t\t\r\n\t<div class=\"block-content\">\t\r\n\t\n<div  class=\"keblk keblk-v-align-top keblock-bouton plein\" >\r\n\t\r\n\t\t\r\n\t<div class=\"block-content\">\t\r\n\t\t<a href=\"#AsBo\" target=\"\" class=\"uibt plein blue\">\r\n\t\t<span class=\"bt-content\">AsBo<\/span>\r\n\t\t<span class=\"bt-picto\"><\/span>\r\n\t<\/a>\r\n\t\t<\/div>\r\n<\/div>\r\n    \n\r\n\t<\/div>\r\n<\/div>\r\n    \n\n<div  class=\"keblk keblk-v-align-top keblock-conteneur\"   style=\"padding:0px\"  >\r\n\t\r\n\t\t\r\n\t<div class=\"block-content\">\t\r\n\t\n<div  class=\"keblk keblk-v-align-top keblock-bouton plein\" >\r\n\t\r\n\t\t\r\n\t<div class=\"block-content\">\t\r\n\t\t<a href=\"#DeBo\" target=\"\" class=\"uibt plein blue\">\r\n\t\t<span class=\"bt-content\">DeBo<\/span>\r\n\t\t<span class=\"bt-picto\"><\/span>\r\n\t<\/a>\r\n\t\t<\/div>\r\n<\/div>\r\n    \n\r\n\t<\/div>\r\n<\/div>\r\n    \n\r\n\t<\/div>\r\n<\/div>\r\n    \n        \t<\/div>\r\n<\/div>\r\n    \n\n<div  class=\"keblk keblk-v-align-top keblock-section-lame responsive is-padded bg-none \"   style=\"\"  id=\"NoBo\">\r\n\t\r\n\t\t<div class=\"block-content\">\r\n                    \n<div  class=\"keblk keblk-v-align-top keblock-text\" >\r\n\t\r\n\t\t\r\n\t<div class=\"block-content\">\t\r\n\t\n\n<h2 class=\"wp-block-heading\">Teknisk kontrollorgan (NoBo)<\/h2>\n\n\n\n<p><br>De tekniske spesifikasjonene for interoperabilitet (TSI-er) definerer de tekniske og operative standardene som m\u00e5 oppfylles av hvert delsystem eller del av et delsystem for \u00e5 m\u00f8te de grunnleggende kravene og sikre interoperabiliteten til jernbanesystemet i hele EU. Direktiv (EU) 2016\/797 definerer delsystemene, enten strukturelle eller funksjonelle, som utgj\u00f8r en del av jernbanesystemet i EU.<\/p>\n\n\r\n\t<\/div>\r\n<\/div>\r\n    \n        \t<\/div>\r\n<\/div>\r\n    \n\n<div  class=\"keblk keblk-v-align-top keblock-section-lame responsive is-padded bg-none \"   style=\"\"  id=\"\">\r\n\t\r\n\t\t<div class=\"block-content\">\r\n                    \n<div  class=\"keblk keblk-v-align-top keblock-text\" >\r\n\t\r\n\t\t\r\n\t<div class=\"block-content\">\t\r\n\t\n\n<h3 class=\"wp-block-heading\">TSI-er<\/h3>\n\n\n\n<p>De tekniske kontrollorganene (NoBo-er) er ansvarlige for \u00e5 vurdere samsvar eller egnethet for bruk av interoperabilitetskomponentene eller for \u00e5 evaluere \u00abEF\u00bb-prosedyren for verifisering av delsystemene:<br>\u2022 Energi (ENE)<br>\u2022 Infrastruktur (INF)<br>\u2022 Lokomotiver og passasjertogmateriell (LOC&amp;PAS)<br>\u2022 St\u00f8y (NOI)<br>\u2022 Godsvogner (WAG)<br>\u2022 Sikkerhet i jernbanetunneler (SRT)<br>\u2022 Personer med nedsatt mobilitet (PRM)<\/p>\n\n\r\n\t<\/div>\r\n<\/div>\r\n    \n        \t<\/div>\r\n<\/div>\r\n    \n\n<div  class=\"keblk keblk-v-align-top keblock-section-lame responsive is-padded bg-color  bg-color-bluedark\"   style=\"\"  id=\"\">\r\n\t\r\n\t\t<div class=\"block-content\">\r\n                    \n<div  class=\"keblk blkuid-16 keblk-v-align-top keblock-section-lame-multicol fullwidth   bg-img nbcol-2\"   style=\"\"  >\r\n\r\n\t\t<div class=\"block-content\">\r\n\t    \n<div  class=\"keblk keblk-v-align-top border-top-verte keblock-conteneur bg-color bg-color-degrade-bv\"   style=\"padding:40px\"  >\r\n\t\r\n\t\t\r\n\t<div class=\"block-content\">\t\r\n\t\n\n<h3 class=\"wp-block-heading has-text-align-center has-white-color has-text-color\">CERTIFER TILBYR<\/h3>\n\n\n\n<hr class=\"wp-block-separator has-text-color has-white-color has-alpha-channel-opacity has-white-background-color has-background separateur-court\"\/>\n\n\n\n<p class=\"has-text-align-left has-white-color has-text-color\">\u2022 Vurdering av teknisk dokumentasjon<br>\u2022Kvalitetsstyrings revisjoner <\/p>\n\n\r\n\t<\/div>\r\n<\/div>\r\n    \n\n<div  class=\"keblk keblk-v-align-top border-top-verte keblock-conteneur bg-color bg-color-degrade-bv\"   style=\"padding:40px\"  >\r\n\t\r\n\t\t\r\n\t<div class=\"block-content\">\t\r\n\t\n\n<h3 class=\"wp-block-heading has-text-align-center has-white-color has-text-color\">V\u00c5R ROLLE<\/h3>\n\n\n\n<hr class=\"wp-block-separator has-text-color has-white-color has-alpha-channel-opacity has-white-background-color has-background separateur-court\"\/>\n\n\n\n<p class=\"has-text-align-left has-white-color has-text-color\">\u2022 Uavhengig dokumentgjennomgang<br>\u2022 QMS-revisjon<br>\u2022 Unders\u00f8kelse og overv\u00e5king av tester<\/p>\n\n\r\n\t<\/div>\r\n<\/div>\r\n    \n\r\n\t<\/div>\r\n<\/div>\r\n    \n        \t<\/div>\r\n<\/div>\r\n    \n\n<div  class=\"keblk keblk-v-align-top keblock-section-lame responsive is-padded bg-none \"   style=\"\"  id=\"AsBo\">\r\n\t\r\n\t\t<div class=\"block-content\">\r\n                    \n<div  class=\"keblk keblk-v-align-top keblock-text\" >\r\n\t\r\n\t\t\r\n\t<div class=\"block-content\">\t\r\n\t\n\n<h2 class=\"wp-block-heading\">Assesserende enhet (AsBo)<\/h2>\n\n\n\n<p>I henhold til direktiv (EU) 2016\/798, forordning nr. 402\/2013 om felles sikkerhetsmetoder for risikovurdering og evaluering (CSM-RA), samt forordning nr. 2015\/1136\/EU, etableres et felles rammeverk for sikkerhetsdemonstrasjon og vurdering. Disse forordningene p\u00e5legger s\u00f8keren \u00e5 anvende felles sikkerhetsmetoder s\u00e5 snart et system er underlagt vesentlige endringer, enten de er av teknisk, operativ eller organisatorisk karakter.<\/p>\n\n\r\n\t<\/div>\r\n<\/div>\r\n    \n        \t<\/div>\r\n<\/div>\r\n    \n\n<div  class=\"keblk keblk-v-align-top keblock-section-lame responsive is-padded bg-color  bg-color-bluedark\"   style=\"\"  id=\"\">\r\n\t\r\n\t\t<div class=\"block-content\">\r\n                    \n<div  class=\"keblk blkuid-24 keblk-v-align-top keblock-section-lame-multicol fullwidth   bg-img nbcol-3\"   style=\"\"  >\r\n\r\n\t\t<div class=\"block-content\">\r\n\t    \n<div  class=\"keblk keblk-v-align-top border-top-verte keblock-conteneur bg-color bg-color-degrade-bv\"   style=\"padding:40px\"  >\r\n\t\r\n\t\t\r\n\t<div class=\"block-content\">\t\r\n\t\n\n<h3 class=\"wp-block-heading has-text-align-center has-white-color has-text-color\">CERTIFER TILBYR<\/h3>\n\n\n\n<hr class=\"wp-block-separator has-text-color has-white-color has-alpha-channel-opacity has-white-background-color has-background separateur-court\"\/>\n\n\n\n<p class=\"has-text-align-left has-white-color has-text-color\">\u2022 Planlegging og gjennomf\u00f8ring av vurderingsaktiviteter i samsvar med kundens milep\u00e6ler<br>\u2022 Vurdering av sikkerhets- og kvalitetsprosessene som er implementert av s\u00f8keren innen rammene av den betydelige endringen<br>\u2022 Vurdering av design- og sikkerhetsdokumentasjon<br>\u2022 Interne revisjoner ved behov<br>\u2022 Utstedelse av en AsBo-sikkerhetsvurderingsrapport i henhold til artikkel 15 i forordning (EU) 402\/2013<\/p>\n\n\r\n\t<\/div>\r\n<\/div>\r\n    \n\n<div  class=\"keblk keblk-v-align-top border-top-verte keblock-conteneur bg-color bg-color-degrade-bv\"   style=\"padding:40px\"  >\r\n\t\r\n\t\t\r\n\t<div class=\"block-content\">\t\r\n\t\n\n<h3 class=\"wp-block-heading has-text-align-center has-white-color has-text-color\">V\u00c5R ROLLE<\/h3>\n\n\n\n<hr class=\"wp-block-separator has-text-color has-white-color has-alpha-channel-opacity has-white-background-color has-background separateur-court\"\/>\n\n\n\n<p class=\"has-text-align-left has-white-color has-text-color\">\u2022 Uavhengig vurdering<br>\u2022 \u00c5 identifisere s\u00e5 tidlig som mulig eventuelle potensielle funn som kan v\u00e6re hindrende for den endelige sikkerhetsrapporten<br>\u2022 \u00c5 danne en uavhengig vurdering av hvorvidt systemet som vurderes, er i samsvar med forordning (EU) 402\/2013 (endret ved forordning 2015\/1136)<\/p>\n\n\r\n\t<\/div>\r\n<\/div>\r\n    \n\n<div  class=\"keblk keblk-v-align-top keblock-conteneur\"   style=\"padding:0px\"  >\r\n\t\r\n\t\t\r\n\t<div class=\"block-content\">\t\r\n\t\n<div  class=\"keblk keblk-v-align-top border-top-verte keblock-conteneur bg-color bg-color-degrade-bv\"   style=\"padding:40px\"  >\r\n\t\r\n\t\t\r\n\t<div class=\"block-content\">\t\r\n\t\n\n<h3 class=\"wp-block-heading has-text-align-center has-white-color has-text-color\">V\u00c5RE KUNDER <\/h3>\n\n\n\n<hr class=\"wp-block-separator has-text-color has-white-color has-alpha-channel-opacity has-white-background-color has-background separateur-court\"\/>\n\n\n\n<p class=\"has-text-align-left has-white-color has-text-color\">\u2022 Jernbanevirksomheter<br>\u2022 Infrastrukturforvaltere, enheter med ansvar for vedlikehold<br>\u2022 Oppdragsgivere eller produsenter<\/p>\n\n\r\n\t<\/div>\r\n<\/div>\r\n    \n\r\n\t<\/div>\r\n<\/div>\r\n    \n\r\n\t<\/div>\r\n<\/div>\r\n    \n\n<div  class=\"keblk blkuid-27 keblk-v-align-top keblock-section-lame-multicol fullwidth   bg-img nbcol-1\"   style=\"\"  >\r\n\r\n\t\t<div class=\"block-content\">\r\n\t    \n<div  class=\"keblk keblk-v-align-top border-top-verte keblock-conteneur bg-color bg-color-degrade-bv\"   style=\"padding:40px\"  >\r\n\t\r\n\t\t\r\n\t<div class=\"block-content\">\t\r\n\t\n\n<h3 class=\"wp-block-heading has-text-align-center has-white-color has-text-color\">FORDELER FOR DIN VIRKSOMHET<\/h3>\n\n\n\n<hr class=\"wp-block-separator has-text-color has-white-color has-alpha-channel-opacity has-white-background-color has-background separateur-court\"\/>\n\n\n\n<p class=\"has-text-align-left has-white-color has-text-color\">\u2022 En transparent prosess med klare milep\u00e6ler.<br>\u2022 En detaljert vurderingsrapport som dekker b\u00e5de prosess- og tekniske temaer.<br>\u2022 <a href=\"Merverdi: Identifikasjon av forbedringspunkter og anbefalinger for beste praksis til fremtidige prosjekter.\">Merverdi: identifisering av forbedringspunkter og anbefalinger for beste praksis i fremtidige prosjekter.<\/a><\/p>\n\n\r\n\t<\/div>\r\n<\/div>\r\n    \n\n<div  class=\"keblk keblk-v-align-top keblock-conteneur\"   style=\"padding:0px\"  >\r\n\t\r\n\t\t\r\n\t<div class=\"block-content\">\t\r\n\t\r\n\t<\/div>\r\n<\/div>\r\n    \n\r\n\t<\/div>\r\n<\/div>\r\n    \n        \t<\/div>\r\n<\/div>\r\n    \n\n<div  class=\"keblk keblk-v-align-top keblock-section-lame responsive is-padded bg-none \"   style=\"\"  id=\"DeBo\">\r\n\t\r\n\t\t<div class=\"block-content\">\r\n                    \n<div  class=\"keblk keblk-v-align-top keblock-text\" >\r\n\t\r\n\t\t\r\n\t<div class=\"block-content\">\t\r\n\t\n\n<h2 class=\"wp-block-heading\">Utpekt kontrollorgan (DeBo)<\/h2>\n\n\n\n<p>Nasjonale regler refererer til alle bindende regler vedtatt i en medlemsstat som inneholder krav til jernbanesikkerhet eller tekniske krav, annet enn de som er fastsatt av unions- eller internasjonale regler, og som gjelder innenfor den aktuelle medlemsstaten for jernbanevirksomheter, infrastrukturforvaltere eller tredjeparter. Innenfor rammen av \u00e5 bringe strukturelle delsystemer p\u00e5 markedet eller i drift, er DeBo sitt oppdrag \u00e5 vurdere samsvar med kravene i de nasjonale reglene.<\/p>\n\n\r\n\t<\/div>\r\n<\/div>\r\n    \n        \t<\/div>\r\n<\/div>\r\n    \n\n<div  class=\"keblk keblk-v-align-top keblock-section-lame responsive is-padded bg-color  bg-color-bluedark\"   style=\"\"  id=\"\">\r\n\t\r\n\t\t<div class=\"block-content\">\r\n                    \n<div  class=\"keblk blkuid-33 keblk-v-align-top keblock-section-lame-multicol fullwidth   bg-img nbcol-2\"   style=\"\"  >\r\n\r\n\t\t<div class=\"block-content\">\r\n\t    \n<div  class=\"keblk keblk-v-align-top border-top-verte keblock-conteneur bg-color bg-color-degrade-bv\"   style=\"padding:40px\"  >\r\n\t\r\n\t\t\r\n\t<div class=\"block-content\">\t\r\n\t\n\n<h3 class=\"wp-block-heading has-text-align-center has-white-color has-text-color\">CERTIFER TILBYR<\/h3>\n\n\n\n<hr class=\"wp-block-separator has-text-color has-white-color has-alpha-channel-opacity has-white-background-color has-background separateur-court\"\/>\n\n\n\n<p class=\"has-text-align-left has-white-color has-text-color\">\u2022 Vurdering av teknisk dokumentasjon<br>\u2022 Revisjoner av kvalitetsstyringssystemet<br>\u2022 Overv\u00e5king av tester<br>\u2022 Utarbeidelse av DeBo-filen<br>\u2022 Utstedelse av samsvarssertifikat<\/p>\n\n\r\n\t<\/div>\r\n<\/div>\r\n    \n\n<div  class=\"keblk keblk-v-align-top border-top-verte keblock-conteneur bg-color bg-color-degrade-bv\"   style=\"padding:40px\"  >\r\n\t\r\n\t\t\r\n\t<div class=\"block-content\">\t\r\n\t\n\n<h3 class=\"wp-block-heading has-text-align-center has-white-color has-text-color\">V\u00c5R ROLLE<\/h3>\n\n\n\n<hr class=\"wp-block-separator has-text-color has-white-color has-alpha-channel-opacity has-white-background-color has-background separateur-court\"\/>\n\n\n\n<p class=\"has-text-align-left has-white-color has-text-color\">\u2022 Uavhengig vurdering av hele jernbanesystemer eller delsystemer, fra design til slutt-testing<br>\u2022 Gjennomgang av s\u00f8kerens dokumentasjon og underlagsmateriale for \u00e5 sikre samsvar<br>\u2022 Utstedelse av samsvarssertifikat i henhold til nasjonale regler<\/p>\n\n\r\n\t<\/div>\r\n<\/div>\r\n    \n\r\n\t<\/div>\r\n<\/div>\r\n    \n        \t<\/div>\r\n<\/div>\r\n    \n\n\n<div style=\"height:80px\" aria-hidden=\"true\" class=\"wp-block-spacer\"><\/div>\n\n\n<div  class=\"keblk keblk-v-align-top border-top-verte keblock-section-lame responsive is-padded bg-color  bg-color-blue\"   style=\"\"  id=\"\">\r\n\t\r\n\t\t<div class=\"block-content\">\r\n                    \n\n<div class=\"wp-block-columns is-layout-flex wp-container-core-columns-is-layout-9d6595d7 wp-block-columns-is-layout-flex\">\n<div class=\"wp-block-column is-vertically-aligned-center is-layout-flow wp-block-column-is-layout-flow\">\n<h3 class=\"wp-block-heading has-white-color has-text-color\">For sp\u00f8rsm\u00e5l om sertifiserings- og inspeksjonsorganer<\/h3>\n<\/div>\n\n\n\n<div class=\"wp-block-column is-vertically-aligned-center is-layout-flow wp-block-column-is-layout-flow\"><div  class=\"keblk keblk-h-align-center keblk-v-align-center keblock-bouton plein\" >\r\n\t\r\n\t\t\r\n\t<div class=\"block-content\">\t\r\n\t\t<a href=\"https:\/\/www.certifer.eu\/contact\/?entry=ic\" target=\"\" class=\"uibt plein green\">\r\n\t\t<span class=\"bt-content\">Kontakt oss<\/span>\r\n\t\t<span class=\"bt-picto\"><\/span>\r\n\t<\/a>\r\n\t\t<\/div>\r\n<\/div>\r\n    <\/div>\n<\/div>\n\n        \t<\/div>\r\n<\/div>\r\n    ","protected":false},"excerpt":{"rendered":"","protected":false},"author":6,"featured_media":0,"parent":9553,"menu_order":0,"comment_status":"closed","ping_status":"closed","template":"template-page-expertise-inspection.php","meta":{"_acf_changed":false,"inline_featured_image":false,"footnotes":""},"class_list":["post-9780","page","type-page","status-publish","hentry"],"acf":[],"_links":{"self":[{"href":"https:\/\/www.certifer.eu\/no\/wp-json\/wp\/v2\/pages\/9780","targetHints":{"allow":["GET"]}}],"collection":[{"href":"https:\/\/www.certifer.eu\/no\/wp-json\/wp\/v2\/pages"}],"about":[{"href":"https:\/\/www.certifer.eu\/no\/wp-json\/wp\/v2\/types\/page"}],"author":[{"embeddable":true,"href":"https:\/\/www.certifer.eu\/no\/wp-json\/wp\/v2\/users\/6"}],"replies":[{"embeddable":true,"href":"https:\/\/www.certifer.eu\/no\/wp-json\/wp\/v2\/comments?post=9780"}],"version-history":[{"count":4,"href":"https:\/\/www.certifer.eu\/no\/wp-json\/wp\/v2\/pages\/9780\/revisions"}],"predecessor-version":[{"id":9922,"href":"https:\/\/www.certifer.eu\/no\/wp-json\/wp\/v2\/pages\/9780\/revisions\/9922"}],"up":[{"embeddable":true,"href":"https:\/\/www.certifer.eu\/no\/wp-json\/wp\/v2\/pages\/9553"}],"wp:attachment":[{"href":"https:\/\/www.certifer.eu\/no\/wp-json\/wp\/v2\/media?parent=9780"}],"curies":[{"name":"wp","href":"https:\/\/api.w.org\/{rel}","templated":true}]}}