{"id":9817,"date":"2024-01-09T12:45:17","date_gmt":"2024-01-09T11:45:17","guid":{"rendered":"https:\/\/www.certifer.eu\/?page_id=9817"},"modified":"2026-01-27T12:19:15","modified_gmt":"2026-01-27T11:19:15","slug":"brannsikkerhet","status":"publish","type":"page","link":"https:\/\/www.certifer.eu\/no\/vare-tjenester\/testing\/brannsikkerhet\/","title":{"rendered":"Brannsikkerhet"},"content":{"rendered":"<div  class=\"keblk keblk-v-align-top keblock-section-lame responsive is-padded bg-none \"   style=\"\"  id=\"\">\r\n\t\r\n\t\t<div class=\"block-content\">\r\n                    \n<div  class=\"keblk keblk-v-align-top keblock-text\" >\r\n\t\r\n\t\t\r\n\t<div class=\"block-content\">\t\r\n\t\n\n<p>Den europeiske standarden (EN 45545-2) og den franske standarden (NF F16-101) gir et klassifiseringssystem som spesifiserer krav til brannoppf\u00f8rsel for jernbanematerialer og -produkter ved \u00e5 kategorisere dem i forskjellige grupper som m\u00e5 oppfylle spesifikke &laquo;kravsett&raquo;. Standarden omfatter ogs\u00e5 testmetoder for laboratorier.<\/p>\n\n\n\n<p>I tillegg p\u00e5legger standarden EN ISO\/CEI 17025 &laquo;Generelle krav til pr\u00f8vings- og kalibreringslaboratoriers kompetanse&raquo; laboratoriene deltakelse i en testkampanje, noe som er en forutsetning for \u00e5 v\u00e6re et akkreditert laboratorium. Det er p\u00e5 denne bakgrunnen at et uavhengig organ m\u00e5 organisere kampanjen, og det er kun CERTIFER som har fullmakt til \u00e5 organisere og vurdere testkampanjer for brannatferd og sammenligning mellom laboratorier p\u00e5 jernbanefeltene.<\/p>\n\n\n\n<p>Vi har i mer enn ti \u00e5r arrangert en \u00e5rlig &laquo;inter-lab euro-sammenligningskampanje om brannoppf\u00f8rselstester for jernbanesektoren&raquo;.<br>Denne kampanjen er tilgjengelig for alle laboratorier som er interessert i \u00e5 tilby sine laboratorietjenester i jernbanesektoren. Rundt 30-40 laboratorier fra Europa og rundt om i verden deltar hvert \u00e5r i euro-sammenligningskampanjen.<\/p>\n\n\n\n<p>Tiltakene som vi overv\u00e5ker for <strong>euro-kampanjen<\/strong> er:<\/p>\n\n\n\n<ol class=\"wp-block-list\">\n<li>Forberedelse av kampanjen<\/li>\n\n\n\n<li>Lansering av den \u00e5rlige kampanjen<\/li>\n\n\n\n<li>Testytelse<\/li>\n\n\n\n<li>Samling av resultater og analyse<\/li>\n\n\n\n<li>Sluttrapportering<\/li>\n<\/ol>\n\n\r\n\t<\/div>\r\n<\/div>\r\n    \n        \t<\/div>\r\n<\/div>\r\n    \n\n<div  class=\"keblk keblk-v-align-top keblock-section-lame responsive is-padded bg-none \"   style=\"\"  id=\"\">\r\n\t\r\n\t\t<div class=\"block-content\">\r\n                    \n<div  class=\"keblk keblk-v-align-top keblock-text\" >\r\n\t\r\n\t\t\r\n\t<div class=\"block-content\">\t\r\n\t\n\n<h2 class=\"wp-block-heading\">Brannoppf\u00f8rsel tester <\/h2>\n\n\n\n<ul class=\"wp-block-list\">\n<li>Kritisk flux ved slukking: CFE [ISO 5658-2] &amp; CHF [en ISO 9239-1]<\/li>\n\n\n\n<li>Maksimal gjennomsnittlig varmeavgivelse: MARHE [ISO 5660-1]<\/li>\n\n\n\n<li>Spesifikk optisk tetthet av r\u00f8yk ved 4 min: DS(4) [en ISO 5659-2]<\/li>\n\n\n\n<li>Kumulativ verdi av spesifikke optiske tettheter i de f\u00f8rste 4 min: VOF4 [en ISO 5659-2]<\/li>\n\n\n\n<li>Konvensjonell toksisitetsindeks ved 4 og 8 min: CITG [en 45545-2 tillegg C: Metode 1]<\/li>\n\n\n\n<li>Konvensjonell toksisitetsindeks: CITNlp [en 45545-2 tillegg C: Metode 2]<\/li>\n\n\n\n<li><a href=\"Oksygenindeks: OI [en ISO 4589-2]\">Oxygen Index:&nbsp;OI&nbsp;[EN ISO 4589-2]<\/a><\/li>\n\n\n\n<li><a href=\"Gloeidraadtest: [EN 60695-2-11, NF F 16-101 en STM S001]\">Gl\u00f8detr\u00e5d: EN 60695-2-11, NF F 16-101 and STM S001<\/a><\/li>\n\n\n\n<li>Kumulativ verdi av spesifikke optiske tettheter i f\u00f8rste 4 min :VOF4 [NFX 10-702 (1 til 5), NF F 16-101 og STM S001]<\/li>\n\n\n\n<li>Maksimal spesifikk optisk tetthet av r\u00f8yk: DM [NF X 10-702 (1 til 5), NF F 16-101 og STM S001]<\/li>\n\n\n\n<li>Maksimal gjennomsnittlig varmeavgivelse (MARHE) og maksimal RHR p\u00e5 setet: ISO\/TR 9705-2<\/li>\n\n\n\n<li>Maksimal flammespredning og flammende dr\u00e5per:NS-EN ISO 11925-2<\/li>\n\n\n\n<li>H\u00f8yde p\u00e5 forkullet sone foran og bak: EN 60332-3 &amp; 24<\/li>\n<\/ul>\n\n\r\n\t<\/div>\r\n<\/div>\r\n    \n        \t<\/div>\r\n<\/div>\r\n    \n\n<div  class=\"keblk keblk-v-align-top keblock-section-lame responsive is-padded bg-none \"   style=\"\"  id=\"\">\r\n\t\r\n\t\t<div class=\"block-content\">\r\n                    \n\n<h2 class=\"wp-block-heading\">Brannvernavtale<\/h2>\n\n\n\n<p>Oppdag listen over laboratorier som deltok i 2025-kampanjen i henhold til <strong>EN 45545-standarden<\/strong>.<\/p>\n\n\n<div  class=\"keblk keblk-v-align-top keblock-bouton plein\" >\r\n\t\r\n\t\t\r\n\t<div class=\"block-content\">\t\r\n\t\t<a href=\"https:\/\/www.certifer.eu\/wp-content\/uploads\/2024\/08\/LISTE_DES_LABORATOIRES-EN45545-2025_v2.pdf\" target=\"_blank\" class=\"uibt plein blue\">\r\n\t\t<span class=\"bt-content\">Liste over laboratorier EN45545-2025<\/span>\r\n\t\t<span class=\"bt-picto\"><\/span>\r\n\t<\/a>\r\n\t\t<\/div>\r\n<\/div>\r\n    \n        \t<\/div>\r\n<\/div>\r\n    \n\n<div  class=\"keblk keblk-v-align-top border-top-verte keblock-section-lame responsive is-padded bg-color  bg-color-blue\"   style=\"\"  id=\"\">\r\n\t\r\n\t\t<div class=\"block-content\">\r\n                    \n\n<div class=\"wp-block-columns is-layout-flex wp-container-core-columns-is-layout-9d6595d7 wp-block-columns-is-layout-flex\">\n<div class=\"wp-block-column is-vertically-aligned-center is-layout-flow wp-block-column-is-layout-flow\">\n<h3 class=\"wp-block-heading has-white-color has-text-color\">Trenger du mer informasjon om brannsikkerhet?<\/h3>\n<\/div>\n\n\n\n<div class=\"wp-block-column is-vertically-aligned-center is-layout-flow wp-block-column-is-layout-flow\"><div  class=\"keblk keblk-h-align-center keblk-v-align-center keblock-bouton plein\" >\r\n\t\r\n\t\t\r\n\t<div class=\"block-content\">\t\r\n\t\t<a href=\"https:\/\/www.certifer.eu\/contact\/?entry=tests\" target=\"\" class=\"uibt plein green\">\r\n\t\t<span class=\"bt-content\">Kontakt oss<\/span>\r\n\t\t<span class=\"bt-picto\"><\/span>\r\n\t<\/a>\r\n\t\t<\/div>\r\n<\/div>\r\n    <\/div>\n<\/div>\n\n        \t<\/div>\r\n<\/div>\r\n    ","protected":false},"excerpt":{"rendered":"","protected":false},"author":6,"featured_media":0,"parent":9805,"menu_order":0,"comment_status":"closed","ping_status":"closed","template":"template-page-expertise-testing.php","meta":{"_acf_changed":false,"inline_featured_image":false,"footnotes":""},"class_list":["post-9817","page","type-page","status-publish","hentry"],"acf":[],"_links":{"self":[{"href":"https:\/\/www.certifer.eu\/no\/wp-json\/wp\/v2\/pages\/9817","targetHints":{"allow":["GET"]}}],"collection":[{"href":"https:\/\/www.certifer.eu\/no\/wp-json\/wp\/v2\/pages"}],"about":[{"href":"https:\/\/www.certifer.eu\/no\/wp-json\/wp\/v2\/types\/page"}],"author":[{"embeddable":true,"href":"https:\/\/www.certifer.eu\/no\/wp-json\/wp\/v2\/users\/6"}],"replies":[{"embeddable":true,"href":"https:\/\/www.certifer.eu\/no\/wp-json\/wp\/v2\/comments?post=9817"}],"version-history":[{"count":7,"href":"https:\/\/www.certifer.eu\/no\/wp-json\/wp\/v2\/pages\/9817\/revisions"}],"predecessor-version":[{"id":12220,"href":"https:\/\/www.certifer.eu\/no\/wp-json\/wp\/v2\/pages\/9817\/revisions\/12220"}],"up":[{"embeddable":true,"href":"https:\/\/www.certifer.eu\/no\/wp-json\/wp\/v2\/pages\/9805"}],"wp:attachment":[{"href":"https:\/\/www.certifer.eu\/no\/wp-json\/wp\/v2\/media?parent=9817"}],"curies":[{"name":"wp","href":"https:\/\/api.w.org\/{rel}","templated":true}]}}